{"id":10000,"date":"2016-01-11T12:54:34","date_gmt":"2016-01-11T12:54:34","guid":{"rendered":"https:\/\/www.thepornlist.net\/de\/porn-tube-sites\/befuck\/"},"modified":"2019-05-24T09:51:29","modified_gmt":"2019-05-24T09:51:29","slug":"befuck","status":"publish","type":"page","link":"https:\/\/www.thepornlist.net\/de\/porn-tube-sites\/befuck\/","title":{"rendered":"befuck.com"},"content":{"rendered":"<div class=\"pb\">\n<div class=\"hd\">\n<a href=\"https:\/\/www.thepornlist.net\/de\/\" base target=\"_self\">Zur\u00fcck zur Startseite<\/a>\n<\/div>\n<div class=\"hd2\">\n<span style=\"font-style:normal;font-weight:bold;\">Seitenbewertung<\/span>\n<\/div>\n<\/div>\n<div style=\"width:100%; margin-left:auto; margin-right:auto; clear:both;z-index:1; padding-top:5px; border-radius: 2px;\">\n<div class=\"reviewimg\">\n<p><a href=\"http:\/\/www.befuck.com\/?utm_source=ThePornList&#038;utm_medium=tgp&#038;utm_campaign=ThePornList\" rel=\"nofollow\" base target=\"_self\"><img decoding=\"async\" src=\"https:\/\/www.thepornlist.net\/wp-content\/uploads\/2015\/review\/befuck.jpg\" width=\"500\" height=\"500\" alt=\"Porn Tube\"><\/a><\/p>\n<\/div>\n<div class=\"reviewtitle\">\n<h1 style=\"font-family:Arial;font-size:56px;font-style:normal;font-weight:bold;color:#FF1F78;\">befuck<\/h1>\n<\/div>\n<div class=\"reviewsub\">\n<h2 style=\"font-size:14px;font-style:normal;font-weight:bold;\">befuck.com<\/H2>\n<\/div>\n<div class=\"reviewtext\">\n<span style=\"font-size:16px;font-style:normal;\">BeFuck.com ist eine Porno Tube, die irgendwo in diesem Porno Verzeichnis einen Bruder hat. Ich sage das, weil mir viele Elemente der Webseite sehr bekannt vorkommen. Willkommen bei BeFuck wo du Zugang zu den Nischen anal, gro\u00dfer Arsch, gro\u00dfe Titten Blowjob, hardcore Pornos, Masturbation und zu vielen anderen Nischen f\u00fcr Erwachsene hast. <\/br><\/p>\n<p>Die Homepage zeigt dir gro\u00dfe Vorschaubilder und Vorschauen f\u00fcr jede Szene. Alle Vorschaubilder sehen geil aus und du wirst das dringende Bed\u00fcrfnis sp\u00fcren \u00fcberall zu klicken. Du wirst auch den Titel des Videos und die L\u00e4nge erfahren. Wenn du nach etwas Speziellerem suchen oder deinen Porno Inhalt filtern willst, kannst du gerne den Kasten mit der Suchfunktion verwenden, der sich in der oberen rechten Ecke unter der Navigationsleiste befindet. Da wir davon sprechen, die Leiste wird dir Schaltfl\u00e4chen f\u00fcr Videos und Bilder zeigen. Das bedeutet, dass du, falls du eine Porno Sammler bist oder einfach nur gerne Bilder f\u00fcr Erwachsene sehen willst, du darauf klicken und dir die Alben ansehen kannst. <\/br><\/p>\n<p>Sie sagen, dass sie HD Ficktuben Filme und kostenlose HD Porno Videos haben. Ich wei\u00df nicht ob alle ihre Erg\u00e4nzungen in HD sind. Es liegt an dir, sie alle zu \u00fcberpr\u00fcfen!<br \/>\n<\/span>\n<\/div>\n<div class=\"reviewsiteurl\">\n<a href=\"http:\/\/www.befuck.com\/?utm_source=ThePornList&#038;utm_medium=tgp&#038;utm_campaign=ThePornList\" rel=\"nofollow\" base target=\"_self\"><span style=\"font-size:32px;font-style:normal;font-weight:bold;text-decoration:underline;\">Hier klicken, um die webseite zu besuchen <\/span><\/a>\n<\/div>\n<\/div>\n","protected":false},"excerpt":{"rendered":"<p>Zur\u00fcck zur Startseite Seitenbewertung befuck befuck.com BeFuck.com ist eine Porno Tube, die irgendwo in diesem Porno Verzeichnis einen Bruder hat. Ich sage das, weil mir viele Elemente der Webseite sehr bekannt vorkommen. Willkommen bei BeFuck wo du Zugang zu den Nischen anal, gro\u00dfer Arsch, gro\u00dfe Titten Blowjob, hardcore Pornos, Masturbation und zu vielen anderen Nischen <a href='https:\/\/www.thepornlist.net\/de\/porn-tube-sites\/befuck\/' class='excerpt-more'>[&#8230;]<\/a><\/p>\n","protected":false},"author":1,"featured_media":0,"parent":9407,"menu_order":45810,"comment_status":"closed","ping_status":"closed","template":"0-autofill-tpl-template.php","meta":{"_acf_changed":false,"footnotes":""},"tags":[],"acf":[],"aioseo_notices":[],"_links":{"self":[{"href":"https:\/\/www.thepornlist.net\/de\/wp-json\/wp\/v2\/pages\/10000"}],"collection":[{"href":"https:\/\/www.thepornlist.net\/de\/wp-json\/wp\/v2\/pages"}],"about":[{"href":"https:\/\/www.thepornlist.net\/de\/wp-json\/wp\/v2\/types\/page"}],"author":[{"embeddable":true,"href":"https:\/\/www.thepornlist.net\/de\/wp-json\/wp\/v2\/users\/1"}],"replies":[{"embeddable":true,"href":"https:\/\/www.thepornlist.net\/de\/wp-json\/wp\/v2\/comments?post=10000"}],"version-history":[{"count":0,"href":"https:\/\/www.thepornlist.net\/de\/wp-json\/wp\/v2\/pages\/10000\/revisions"}],"up":[{"embeddable":true,"href":"https:\/\/www.thepornlist.net\/de\/wp-json\/wp\/v2\/pages\/9407"}],"wp:attachment":[{"href":"https:\/\/www.thepornlist.net\/de\/wp-json\/wp\/v2\/media?parent=10000"}],"wp:term":[{"taxonomy":"post_tag","embeddable":true,"href":"https:\/\/www.thepornlist.net\/de\/wp-json\/wp\/v2\/tags?post=10000"}],"curies":[{"name":"wp","href":"https:\/\/api.w.org\/{rel}","templated":true}]}}