{"id":10001,"date":"2016-01-11T12:54:33","date_gmt":"2016-01-11T12:54:33","guid":{"rendered":"https:\/\/www.thepornlist.net\/de\/porn-tube-sites\/bravoteens\/"},"modified":"2019-05-24T09:47:46","modified_gmt":"2019-05-24T09:47:46","slug":"bravoteens","status":"publish","type":"page","link":"https:\/\/www.thepornlist.net\/de\/porn-tube-sites\/bravoteens\/","title":{"rendered":"bravoteens.com"},"content":{"rendered":"<div class=\"pb\">\n<div class=\"hd\">\n<a href=\"https:\/\/www.thepornlist.net\/de\/\" base target=\"_self\">Zur\u00fcck zur Startseite<\/a>\n<\/div>\n<div class=\"hd2\">\n<span style=\"font-style:normal;font-weight:bold;\">Seitenbewertung<\/span>\n<\/div>\n<\/div>\n<div style=\"width:100%; margin-left:auto; margin-right:auto; clear:both;z-index:1; padding-top:5px; border-radius: 2px;\">\n<div class=\"reviewimg\">\n<p><a href=\"http:\/\/www.bravoteens.com\/?promoid=14387957444504\" rel=\"nofollow\" base target=\"_self\"><img decoding=\"async\" src=\"https:\/\/www.thepornlist.net\/wp-content\/uploads\/2015\/review\/bravoteens.jpg\" width=\"500\" height=\"500\" alt=\"Porn Tube\"><\/a><\/p>\n<\/div>\n<div class=\"reviewtitle\">\n<h1 style=\"font-family:Arial;font-size:56px;font-style:normal;font-weight:bold;color:#FF1F78;\">bravoteens<\/h1>\n<\/div>\n<div class=\"reviewsub\">\n<h2 style=\"font-size:14px;font-style:normal;font-weight:bold;\">bravoteens.com<\/H2>\n<\/div>\n<div class=\"reviewtext\">\n<span style=\"font-size:16px;font-style:normal;\">Gleich von Anfang an wird BravoTeens.com dir mitteilen, dass sie die beliebtesten kostenlosen Porno Bilder und Videos haben. Das ist etwas, das wahr sein k\u00f6nnte denn es ist nicht so schwer die beliebtesten Porno Clips und Fotos zu finden und zu hosten. <\/br><\/p>\n<p>Alles ist unter gro\u00dfen Vorschaubildern arrangiert und auf der Homepage wirst du die hei\u00dfen Videos von heute sehen. Wenn du nach unten scrollst, kommst du in den Bereich mit den neuen Videos nd soweit ich sehen kann, machen sie alle 24 Stunden jede Menge Updates. Scrolle sogar noch weiter runter und du wirst die Anzahl der Seiten finden \u2013 1.065 in diesem Moment. Nette Zahl wenn du in Erw\u00e4gung ziehst, dass jede Seite auf BravoTeens Dutzende von Porno Videos hat. <\/br><\/p>\n<p>Die Navigationsleiste in der N\u00e4he des Babe Logos im Cartoon Stil wird dir die M\u00f6glichkeit bietet die neu hinzugef\u00fcgten Sachen anzusehen, die beliebtesten und die Top bewerteten Filme. Du kannst auch live Girls sehen, aber das ist au\u00dferhalb dessen, worum es in unserer Bewertung geht. <\/br><\/p>\n<p>Wenn du die Schaltfl\u00e4che f\u00fcr die Kategorien klickst, bekommst du alle gewohnten \u2013 hardcore, Blowjob, Naturtitten, Paar, doggystyle, Babes, fingern, br\u00fcnett und viele andere.<br \/>\n<\/span>\n<\/div>\n<div class=\"reviewsiteurl\">\n<a href=\"http:\/\/www.bravoteens.com\/?promoid=14387957444504\" rel=\"nofollow\" base target=\"_self\"><span style=\"font-size:32px;font-style:normal;font-weight:bold;text-decoration:underline;\">Hier klicken, um die webseite zu besuchen <\/span><\/a>\n<\/div>\n<\/div>\n","protected":false},"excerpt":{"rendered":"<p>Zur\u00fcck zur Startseite Seitenbewertung bravoteens bravoteens.com Gleich von Anfang an wird BravoTeens.com dir mitteilen, dass sie die beliebtesten kostenlosen Porno Bilder und Videos haben. Das ist etwas, das wahr sein k\u00f6nnte denn es ist nicht so schwer die beliebtesten Porno Clips und Fotos zu finden und zu hosten. Alles ist unter gro\u00dfen Vorschaubildern arrangiert und <a href='https:\/\/www.thepornlist.net\/de\/porn-tube-sites\/bravoteens\/' class='excerpt-more'>[&#8230;]<\/a><\/p>\n","protected":false},"author":1,"featured_media":0,"parent":9407,"menu_order":45710,"comment_status":"closed","ping_status":"closed","template":"0-autofill-tpl-template.php","meta":{"_acf_changed":false,"footnotes":""},"tags":[],"acf":[],"aioseo_notices":[],"_links":{"self":[{"href":"https:\/\/www.thepornlist.net\/de\/wp-json\/wp\/v2\/pages\/10001"}],"collection":[{"href":"https:\/\/www.thepornlist.net\/de\/wp-json\/wp\/v2\/pages"}],"about":[{"href":"https:\/\/www.thepornlist.net\/de\/wp-json\/wp\/v2\/types\/page"}],"author":[{"embeddable":true,"href":"https:\/\/www.thepornlist.net\/de\/wp-json\/wp\/v2\/users\/1"}],"replies":[{"embeddable":true,"href":"https:\/\/www.thepornlist.net\/de\/wp-json\/wp\/v2\/comments?post=10001"}],"version-history":[{"count":0,"href":"https:\/\/www.thepornlist.net\/de\/wp-json\/wp\/v2\/pages\/10001\/revisions"}],"up":[{"embeddable":true,"href":"https:\/\/www.thepornlist.net\/de\/wp-json\/wp\/v2\/pages\/9407"}],"wp:attachment":[{"href":"https:\/\/www.thepornlist.net\/de\/wp-json\/wp\/v2\/media?parent=10001"}],"wp:term":[{"taxonomy":"post_tag","embeddable":true,"href":"https:\/\/www.thepornlist.net\/de\/wp-json\/wp\/v2\/tags?post=10001"}],"curies":[{"name":"wp","href":"https:\/\/api.w.org\/{rel}","templated":true}]}}