{"id":10002,"date":"2016-01-11T12:54:33","date_gmt":"2016-01-11T12:54:33","guid":{"rendered":"https:\/\/www.thepornlist.net\/de\/porn-tube-sites\/pornoid\/"},"modified":"2019-05-24T09:50:08","modified_gmt":"2019-05-24T09:50:08","slug":"pornoid","status":"publish","type":"page","link":"https:\/\/www.thepornlist.net\/de\/porn-tube-sites\/pornoid\/","title":{"rendered":"pornoid.com"},"content":{"rendered":"<div class=\"pb\">\n<div class=\"hd\">\n<a href=\"https:\/\/www.thepornlist.net\/de\/\" base target=\"_self\">Zur\u00fcck zur Startseite<\/a>\n<\/div>\n<div class=\"hd2\">\n<span style=\"font-style:normal;font-weight:bold;\">Seitenbewertung<\/span>\n<\/div>\n<\/div>\n<div style=\"width:100%; margin-left:auto; margin-right:auto; clear:both;z-index:1; padding-top:5px; border-radius: 2px;\">\n<div class=\"reviewimg\">\n<p><a href=\"http:\/\/www.pornoid.com\/?utm_source=ThePornList&#038;utm_medium=tgp&#038;utm_campaign=ThePornList\" rel=\"nofollow\" base target=\"_self\"><img decoding=\"async\" src=\"https:\/\/www.thepornlist.net\/wp-content\/uploads\/2015\/review\/pornoid.jpg\" width=\"500\" height=\"500\" alt=\"Porn Tube\"><\/a><\/p>\n<\/div>\n<div class=\"reviewtitle\">\n<h1 style=\"font-family:Arial;font-size:56px;font-style:normal;font-weight:bold;color:#FF1F78;\">pornoid<\/h1>\n<\/div>\n<div class=\"reviewsub\">\n<h2 style=\"font-size:14px;font-style:normal;font-weight:bold;\">pornoid.com<\/H2>\n<\/div>\n<div class=\"reviewtext\">\n<span style=\"font-size:16px;font-style:normal;\">Bist du ein Pornoid? Ich wei\u00df, dass ich einer bin und darum liebe ich diese Webseite. Willkommen bei Pornoid.com, einer Porno Tube, die dich auf eine Reise zu Nischen f\u00fcr Erwachsen mitnimmt wie anal, gro\u00dfer Arsch, gro\u00dfe Titten, Blowjob, hardcore Pornos, Masturbation und noch viele andere. Falls du von deinem Laptop aus keinen Zugang bekommst, kannst du immer noch dein mobiles Endger\u00e4t benutzen. Sie haben eine mobile Version und die funktioniert gro\u00dfartig. <\/br><\/p>\n<p>Die Homepage wird dir gestatten die neuesten Porno Updates zu sehen. Das kannst du \u00e4ndern in die am h\u00e4ufigsten bewerteten oder in die Clips mit den meisten Klicks. Zum Zeitpunkt dieser Bewertung haben sie \u00fcber 61.000 Videos. Wenn dir das nicht reicht, kannst du auf die Schaltfl\u00e4che f\u00fcr die Bilder, die sich in der Navigationsleiste befindet, klicken um mehr Pornos zu entdecken. Sie haben \u00fcber 16.000 Elemente in diesem Bereich. Immer noch nicht genug? Dann geh und hab echten Sex&#8230;. <\/br><\/p>\n<p>Wenn du nach etwas Speziellem suchen willst und du die Schl\u00fcsselw\u00f6rter daf\u00fcr kennst, dann kannst du den Kasten mit der Suchfunktion verwenden, der sich in der Titelleiste befindet. Die Suche klappt gut und wird gute Ergebnisse liefern. Besuche Pornoid.com um die hei\u00dfesten Porno Videos zu genie\u00dfen!<br \/>\n<\/span>\n<\/div>\n<div class=\"reviewsiteurl\">\n<a href=\"http:\/\/www.pornoid.com\/?utm_source=ThePornList&#038;utm_medium=tgp&#038;utm_campaign=ThePornList\" rel=\"nofollow\" base target=\"_self\"><span style=\"font-size:32px;font-style:normal;font-weight:bold;text-decoration:underline;\">Hier klicken, um die webseite zu besuchen <\/span><\/a>\n<\/div>\n<\/div>\n","protected":false},"excerpt":{"rendered":"<p>Zur\u00fcck zur Startseite Seitenbewertung pornoid pornoid.com Bist du ein Pornoid? Ich wei\u00df, dass ich einer bin und darum liebe ich diese Webseite. Willkommen bei Pornoid.com, einer Porno Tube, die dich auf eine Reise zu Nischen f\u00fcr Erwachsen mitnimmt wie anal, gro\u00dfer Arsch, gro\u00dfe Titten, Blowjob, hardcore Pornos, Masturbation und noch viele andere. Falls du von <a href='https:\/\/www.thepornlist.net\/de\/porn-tube-sites\/pornoid\/' class='excerpt-more'>[&#8230;]<\/a><\/p>\n","protected":false},"author":1,"featured_media":0,"parent":9407,"menu_order":45730,"comment_status":"closed","ping_status":"closed","template":"0-autofill-tpl-template.php","meta":{"_acf_changed":false,"footnotes":""},"tags":[],"acf":[],"aioseo_notices":[],"_links":{"self":[{"href":"https:\/\/www.thepornlist.net\/de\/wp-json\/wp\/v2\/pages\/10002"}],"collection":[{"href":"https:\/\/www.thepornlist.net\/de\/wp-json\/wp\/v2\/pages"}],"about":[{"href":"https:\/\/www.thepornlist.net\/de\/wp-json\/wp\/v2\/types\/page"}],"author":[{"embeddable":true,"href":"https:\/\/www.thepornlist.net\/de\/wp-json\/wp\/v2\/users\/1"}],"replies":[{"embeddable":true,"href":"https:\/\/www.thepornlist.net\/de\/wp-json\/wp\/v2\/comments?post=10002"}],"version-history":[{"count":0,"href":"https:\/\/www.thepornlist.net\/de\/wp-json\/wp\/v2\/pages\/10002\/revisions"}],"up":[{"embeddable":true,"href":"https:\/\/www.thepornlist.net\/de\/wp-json\/wp\/v2\/pages\/9407"}],"wp:attachment":[{"href":"https:\/\/www.thepornlist.net\/de\/wp-json\/wp\/v2\/media?parent=10002"}],"wp:term":[{"taxonomy":"post_tag","embeddable":true,"href":"https:\/\/www.thepornlist.net\/de\/wp-json\/wp\/v2\/tags?post=10002"}],"curies":[{"name":"wp","href":"https:\/\/api.w.org\/{rel}","templated":true}]}}