{"id":10009,"date":"2016-01-11T12:54:17","date_gmt":"2016-01-11T12:54:17","guid":{"rendered":"https:\/\/www.thepornlist.net\/de\/porn-tube-sites\/crocotube\/"},"modified":"2019-05-24T09:41:54","modified_gmt":"2019-05-24T09:41:54","slug":"crocotube","status":"publish","type":"page","link":"https:\/\/www.thepornlist.net\/de\/porn-tube-sites\/crocotube\/","title":{"rendered":"crocotube.com"},"content":{"rendered":"<div class=\"pb\">\n<div class=\"hd\">\n<a href=\"https:\/\/www.thepornlist.net\/de\/\" base target=\"_self\">Zur\u00fcck zur Startseite<\/a>\n<\/div>\n<div class=\"hd2\">\n<span style=\"font-style:normal;font-weight:bold;\">Seitenbewertung<\/span>\n<\/div>\n<\/div>\n<div style=\"width:100%; margin-left:auto; margin-right:auto; clear:both;z-index:1; padding-top:5px; border-radius: 2px;\">\n<div class=\"reviewimg\">\n<p><a href=\"http:\/\/crocotube.com\/?promoid=2795\" rel=\"nofollow\" base target=\"_self\"><img decoding=\"async\" src=\"https:\/\/www.thepornlist.net\/wp-content\/uploads\/2015\/review\/crocotube.jpg\" width=\"500\" height=\"500\" alt=\"Porn Tube\"><\/a><\/p>\n<\/div>\n<div class=\"reviewtitle\">\n<h1 style=\"font-family:Arial;font-size:56px;font-style:normal;font-weight:bold;color:#FF1F78;\">crocotube<\/h1>\n<\/div>\n<div class=\"reviewsub\">\n<h2 style=\"font-size:14px;font-style:normal;font-weight:bold;\">crocotube.com<\/H2>\n<\/div>\n<div class=\"reviewtext\">\n<span style=\"font-size:16px;font-style:normal;\">Willkommen bei CrocoTube.com, einer der am besten aussehenden Porno Tube Webseiten die ich jemals in der Porno Industrie gesehen habe. Alles sieht gro\u00dfartig aus und die Homepage bringt dich sofort dazu ein Lesezeichen zu setzen. Leg los, du kannst es gleich tun \u2013 diese Bewertung wird positiv sein denn in der Tat ist CrocoTube ein guter Ort f\u00fcr Pornos. <\/br><\/p>\n<p>Die Navigationsleiste wird dir Schaltfl\u00e4chen f\u00fcr die Top Porno Videos, die meist gesehenen Updates, die l\u00e4ngsten Clips, einen Pornostar Index und eine Schaltfl\u00e4che bieten, mit der du alle ihre Kategorien sehen kannst \u2013 Amateur, anal, asiatisch, Babe, BBW, BDSM, gro\u00dfer Arsch, gro\u00dfe Titten, blond, Blowjob, Bondage, br\u00fcnett, Cameltoe, Nahaufnahme, angezogener Sex, Creampie Cumshot, deepthroat, doggystyle, Doppelpenetration, betrunken, Ebony, Erotik, Ex-Freundin, Facial, Fette, Femdom, Fetisch, fingern, Gloryhole, Oma und noch viele andere. Bei jeder Kategorie kannst du sehen, wie viele Videos zu ihr hinzugef\u00fcgt wurden. Sie haben im Moment einige Tausend Filme, was mehr als annehmbar ist. Du wirst genug Pornos auf CrocoTube haben, die du genie\u00dfen kannst. <\/br><\/p>\n<p>Scrolle runter um zum Seiten Men\u00fc zu kommen \u2013 du wirst 381 Seiten zu deiner Verf\u00fcgung haben (im Moment dieser Bewertung). Was noch muss gesagt werden? Besuche CrocoTube.com und schau dir an warum mir diese Webseite so gut gef\u00e4llt!<br \/>\n<\/span>\n<\/div>\n<div class=\"reviewsiteurl\">\n<a href=\"http:\/\/crocotube.com\/?promoid=2795\" rel=\"nofollow\" base target=\"_self\"><span style=\"font-size:32px;font-style:normal;font-weight:bold;text-decoration:underline;\">Hier klicken, um die webseite zu besuchen <\/span><\/a>\n<\/div>\n<\/div>\n","protected":false},"excerpt":{"rendered":"<p>Zur\u00fcck zur Startseite Seitenbewertung crocotube crocotube.com Willkommen bei CrocoTube.com, einer der am besten aussehenden Porno Tube Webseiten die ich jemals in der Porno Industrie gesehen habe. Alles sieht gro\u00dfartig aus und die Homepage bringt dich sofort dazu ein Lesezeichen zu setzen. Leg los, du kannst es gleich tun \u2013 diese Bewertung wird positiv sein denn <a href='https:\/\/www.thepornlist.net\/de\/porn-tube-sites\/crocotube\/' class='excerpt-more'>[&#8230;]<\/a><\/p>\n","protected":false},"author":1,"featured_media":0,"parent":9407,"menu_order":45590,"comment_status":"closed","ping_status":"closed","template":"0-autofill-tpl-template.php","meta":{"_acf_changed":false,"footnotes":""},"tags":[],"acf":[],"aioseo_notices":[],"_links":{"self":[{"href":"https:\/\/www.thepornlist.net\/de\/wp-json\/wp\/v2\/pages\/10009"}],"collection":[{"href":"https:\/\/www.thepornlist.net\/de\/wp-json\/wp\/v2\/pages"}],"about":[{"href":"https:\/\/www.thepornlist.net\/de\/wp-json\/wp\/v2\/types\/page"}],"author":[{"embeddable":true,"href":"https:\/\/www.thepornlist.net\/de\/wp-json\/wp\/v2\/users\/1"}],"replies":[{"embeddable":true,"href":"https:\/\/www.thepornlist.net\/de\/wp-json\/wp\/v2\/comments?post=10009"}],"version-history":[{"count":0,"href":"https:\/\/www.thepornlist.net\/de\/wp-json\/wp\/v2\/pages\/10009\/revisions"}],"up":[{"embeddable":true,"href":"https:\/\/www.thepornlist.net\/de\/wp-json\/wp\/v2\/pages\/9407"}],"wp:attachment":[{"href":"https:\/\/www.thepornlist.net\/de\/wp-json\/wp\/v2\/media?parent=10009"}],"wp:term":[{"taxonomy":"post_tag","embeddable":true,"href":"https:\/\/www.thepornlist.net\/de\/wp-json\/wp\/v2\/tags?post=10009"}],"curies":[{"name":"wp","href":"https:\/\/api.w.org\/{rel}","templated":true}]}}