{"id":10012,"date":"2016-01-11T12:54:15","date_gmt":"2016-01-11T12:54:15","guid":{"rendered":"https:\/\/www.thepornlist.net\/de\/porn-tube-sites\/tubewolf\/"},"modified":"2019-05-24T09:33:38","modified_gmt":"2019-05-24T09:33:38","slug":"tubewolf","status":"publish","type":"page","link":"https:\/\/www.thepornlist.net\/de\/porn-tube-sites\/tubewolf\/","title":{"rendered":"tubewolf.com"},"content":{"rendered":"<div class=\"pb\">\n<div class=\"hd\">\n<a href=\"https:\/\/www.thepornlist.net\/de\/\" base target=\"_self\">Zur\u00fcck zur Startseite<\/a>\n<\/div>\n<div class=\"hd2\">\n<span style=\"font-style:normal;font-weight:bold;\">Seitenbewertung<\/span>\n<\/div>\n<\/div>\n<div style=\"width:100%; margin-left:auto; margin-right:auto; clear:both;z-index:1; padding-top:5px; border-radius: 2px;\">\n<div class=\"reviewimg\">\n<p><a href=\"http:\/\/www.tubewolf.com\/?promoid=2795\" rel=\"nofollow\" base target=\"_self\"><img decoding=\"async\" src=\"https:\/\/www.thepornlist.net\/wp-content\/uploads\/2015\/review\/tubewolf.jpg\" width=\"500\" height=\"500\" alt=\"Porn Tube\"><\/a><\/p>\n<\/div>\n<div class=\"reviewtitle\">\n<h1 style=\"font-family:Arial;font-size:56px;font-style:normal;font-weight:bold;color:#FF1F78;\">tubewolf<\/h1>\n<\/div>\n<div class=\"reviewsub\">\n<h2 style=\"font-size:14px;font-style:normal;font-weight:bold;\">tubewolf.com<\/H2>\n<\/div>\n<div class=\"reviewtext\">\n<span style=\"font-size:16px;font-style:normal;\">Nein, diese Webseite hat nichts mit dem Wolf der Wall Street zu tun. Sie hat mit Pornos zu tun. Warum ein Wolf? Ich wei\u00df es nicht, aber ich wei\u00df, dass du bei TubeWolf.com kostenlose Sex Videos mit toller Porno Action bekommen wirst. <\/br><\/p>\n<p>Die Homepage gibt dir Zugang zu den neuesten Updates und wenn du ein bisschen runter scrollst, wirst du ein Seiten Men\u00fc finden, dass dir erlauben wird 2.759 Seiten anzusehen. <\/br><\/p>\n<p>Was sagen sie selbst zu ihrer Arbeit? \u201e Millionen von M\u00e4nnern und Frauen, die kostenlose Pornos suchen, haben Tube Wolf in den letzten Jahren besucht und ihre W\u00fcnsche wurden von unserer atemberaubenden Sammlung von XXX Szenen befriedigt. Auf der Hauptseite sind die letzten Ver\u00f6ffentlichungen aufgef\u00fchrt mit Hunderten von geilen neuen Filmen, die wundersch\u00f6ne Girls zeigen, die masturbieren, einen Schwanz blasen, ficken und noch viel mehr. Tauche tiefer in die Kategorien ein und du wirst eine Unzahl an Wegen entdecken um genau deinen Porno zu bekommen. Von abartigen Themen wie pinkeln und Fisting hin zu geilen Doppelpenetrationen und Creampies und zu wundersch\u00f6nen hardcore Ficks oder erotischem Sex mit z\u00e4rtlichen K\u00fcssen und St\u00f6hnen beim Orgasmus. Wir haben jede Art an kostenlosem Porno Video, dass du dir nur vorstellen kannst und wir versprechen weiter zu machen&#8230;\u201c. Besuch sie!<br \/>\n<\/span>\n<\/div>\n<div class=\"reviewsiteurl\">\n<a href=\"http:\/\/www.tubewolf.com\/?promoid=2795\" rel=\"nofollow\" base target=\"_self\"><span style=\"font-size:32px;font-style:normal;font-weight:bold;text-decoration:underline;\">Hier klicken, um die webseite zu besuchen <\/span><\/a>\n<\/div>\n<\/div>\n","protected":false},"excerpt":{"rendered":"<p>Zur\u00fcck zur Startseite Seitenbewertung tubewolf tubewolf.com Nein, diese Webseite hat nichts mit dem Wolf der Wall Street zu tun. Sie hat mit Pornos zu tun. Warum ein Wolf? Ich wei\u00df es nicht, aber ich wei\u00df, dass du bei TubeWolf.com kostenlose Sex Videos mit toller Porno Action bekommen wirst. Die Homepage gibt dir Zugang zu den <a href='https:\/\/www.thepornlist.net\/de\/porn-tube-sites\/tubewolf\/' class='excerpt-more'>[&#8230;]<\/a><\/p>\n","protected":false},"author":1,"featured_media":0,"parent":9407,"menu_order":45410,"comment_status":"closed","ping_status":"closed","template":"0-autofill-tpl-template.php","meta":{"_acf_changed":false,"footnotes":""},"tags":[],"acf":[],"aioseo_notices":[],"_links":{"self":[{"href":"https:\/\/www.thepornlist.net\/de\/wp-json\/wp\/v2\/pages\/10012"}],"collection":[{"href":"https:\/\/www.thepornlist.net\/de\/wp-json\/wp\/v2\/pages"}],"about":[{"href":"https:\/\/www.thepornlist.net\/de\/wp-json\/wp\/v2\/types\/page"}],"author":[{"embeddable":true,"href":"https:\/\/www.thepornlist.net\/de\/wp-json\/wp\/v2\/users\/1"}],"replies":[{"embeddable":true,"href":"https:\/\/www.thepornlist.net\/de\/wp-json\/wp\/v2\/comments?post=10012"}],"version-history":[{"count":0,"href":"https:\/\/www.thepornlist.net\/de\/wp-json\/wp\/v2\/pages\/10012\/revisions"}],"up":[{"embeddable":true,"href":"https:\/\/www.thepornlist.net\/de\/wp-json\/wp\/v2\/pages\/9407"}],"wp:attachment":[{"href":"https:\/\/www.thepornlist.net\/de\/wp-json\/wp\/v2\/media?parent=10012"}],"wp:term":[{"taxonomy":"post_tag","embeddable":true,"href":"https:\/\/www.thepornlist.net\/de\/wp-json\/wp\/v2\/tags?post=10012"}],"curies":[{"name":"wp","href":"https:\/\/api.w.org\/{rel}","templated":true}]}}