{"id":10013,"date":"2016-01-11T12:53:36","date_gmt":"2016-01-11T12:53:36","guid":{"rendered":"https:\/\/www.thepornlist.net\/de\/porn-tube-sites\/hdzog\/"},"modified":"2019-05-23T13:07:02","modified_gmt":"2019-05-23T13:07:02","slug":"hdzog","status":"publish","type":"page","link":"https:\/\/www.thepornlist.net\/de\/porn-tube-sites\/hdzog\/","title":{"rendered":"hdzog.com"},"content":{"rendered":"<div class=\"pb\">\n<div class=\"hd\">\n<a href=\"https:\/\/www.thepornlist.net\/de\/\" base target=\"_self\">Zur\u00fcck zur Startseite<\/a>\n<\/div>\n<div class=\"hd2\">\n<span style=\"font-style:normal;font-weight:bold;\">Seitenbewertung<\/span>\n<\/div>\n<\/div>\n<div style=\"width:100%; margin-left:auto; margin-right:auto; clear:both;z-index:1; padding-top:5px; border-radius: 2px;\">\n<div class=\"reviewimg\">\n<p><a href=\"http:\/\/www.hdzog.com\/freevideos\/?promo=12259\" rel=\"nofollow\" base target=\"_self\"><img decoding=\"async\" src=\"https:\/\/www.thepornlist.net\/wp-content\/uploads\/2015\/review\/hdzog.jpg\" width=\"500\" height=\"500\" alt=\"Porn Tube\"><\/a><\/p>\n<\/div>\n<div class=\"reviewtitle\">\n<h1 style=\"font-family:Arial;font-size:56px;font-style:normal;font-weight:bold;color:#FF1F78;\">hdzog<\/h1>\n<\/div>\n<div class=\"reviewsub\">\n<h2 style=\"font-size:14px;font-style:normal;font-weight:bold;\">hdzog.com<\/H2>\n<\/div>\n<div class=\"reviewtext\">\n<span style=\"font-size:16px;font-style:normal;\">HDZog.com, Teil eines Netzwerks in dem du Namen findest wie TubeCup, Upornia, HClips, VoyeurHit, ImageZOG und TubePornClassic, ist eine Porno Tube voller hochqualitativer, kostenloser Sex Filme. Sie sagen, dass sie die besten HD Videos h\u00e4tten. Das wei\u00df ich nicht, aber ich bin ziemlich sicher, dass du das herausfinden wirst sobald du hier genug herum gest\u00f6bert hast um dir deine eigene Meinung zu bilden. <\/br><\/p>\n<p>Die Navigationsleiste wird dir erlauben die neuesten Hinzuf\u00fcgungen, die beliebtesten Porno Videos auf HDZog, die l\u00e4ngsten, eine Liste mit Kategorien, eine Liste mit Kan\u00e4len und einen Index der Models zu sehen. Lass uns schauen! Dies sind die verf\u00fcgbaren Kategorien: anal, asiatisch, BBW, BDSM, gro\u00dfer Arsch, gro\u00dfe Titten, blond, Blowjob, brasilianisch, britisch, br\u00fcnett, Bukkake, Casting, Creampie, kubanisch, Cunnilingus, tschechisch, doggystyle, DP, Ebony, Facesitting, Facial, Femdom, Fetisch, deutsch, Gruppensex, behaart, Handjob, hardcore, interracial, japanisch, Latex, Latina und noch viele andere. Die Kan\u00e4le erlauben dir zu sehen, von welcher Webseite ihre Videos stammen. Die Liste mit den Models zeigt dir, welche Pornostars bei HDZog gef\u00f6rdert werden und die kannst sie sortieren nach Model Bewertung, Model Klicks, Video Bewertung, Videos insgesamt, Video Klicks und mehr.<br \/>\n<\/span>\n<\/div>\n<div class=\"reviewsiteurl\">\n<a href=\"http:\/\/www.hdzog.com\/freevideos\/?promo=12259\" rel=\"nofollow\" base target=\"_self\"><span style=\"font-size:32px;font-style:normal;font-weight:bold;text-decoration:underline;\">Hier klicken, um die webseite zu besuchen <\/span><\/a>\n<\/div>\n<\/div>\n","protected":false},"excerpt":{"rendered":"<p>Zur\u00fcck zur Startseite Seitenbewertung hdzog hdzog.com HDZog.com, Teil eines Netzwerks in dem du Namen findest wie TubeCup, Upornia, HClips, VoyeurHit, ImageZOG und TubePornClassic, ist eine Porno Tube voller hochqualitativer, kostenloser Sex Filme. Sie sagen, dass sie die besten HD Videos h\u00e4tten. Das wei\u00df ich nicht, aber ich bin ziemlich sicher, dass du das herausfinden wirst <a href='https:\/\/www.thepornlist.net\/de\/porn-tube-sites\/hdzog\/' class='excerpt-more'>[&#8230;]<\/a><\/p>\n","protected":false},"author":1,"featured_media":0,"parent":9407,"menu_order":40610,"comment_status":"closed","ping_status":"closed","template":"0-autofill-tpl-template.php","meta":{"_acf_changed":false,"footnotes":""},"tags":[],"acf":[],"aioseo_notices":[],"_links":{"self":[{"href":"https:\/\/www.thepornlist.net\/de\/wp-json\/wp\/v2\/pages\/10013"}],"collection":[{"href":"https:\/\/www.thepornlist.net\/de\/wp-json\/wp\/v2\/pages"}],"about":[{"href":"https:\/\/www.thepornlist.net\/de\/wp-json\/wp\/v2\/types\/page"}],"author":[{"embeddable":true,"href":"https:\/\/www.thepornlist.net\/de\/wp-json\/wp\/v2\/users\/1"}],"replies":[{"embeddable":true,"href":"https:\/\/www.thepornlist.net\/de\/wp-json\/wp\/v2\/comments?post=10013"}],"version-history":[{"count":0,"href":"https:\/\/www.thepornlist.net\/de\/wp-json\/wp\/v2\/pages\/10013\/revisions"}],"up":[{"embeddable":true,"href":"https:\/\/www.thepornlist.net\/de\/wp-json\/wp\/v2\/pages\/9407"}],"wp:attachment":[{"href":"https:\/\/www.thepornlist.net\/de\/wp-json\/wp\/v2\/media?parent=10013"}],"wp:term":[{"taxonomy":"post_tag","embeddable":true,"href":"https:\/\/www.thepornlist.net\/de\/wp-json\/wp\/v2\/tags?post=10013"}],"curies":[{"name":"wp","href":"https:\/\/api.w.org\/{rel}","templated":true}]}}