{"id":10015,"date":"2016-01-11T12:53:13","date_gmt":"2016-01-11T12:53:13","guid":{"rendered":"https:\/\/www.thepornlist.net\/de\/porn-tube-sites\/pornerbros\/"},"modified":"2019-05-24T08:55:49","modified_gmt":"2019-05-24T08:55:49","slug":"pornerbros","status":"publish","type":"page","link":"https:\/\/www.thepornlist.net\/de\/porn-tube-sites\/pornerbros\/","title":{"rendered":"pornerbros.com"},"content":{"rendered":"<div class=\"pb\">\n<div class=\"hd\">\n<a href=\"https:\/\/www.thepornlist.net\/de\/\" base target=\"_self\">Zur\u00fcck zur Startseite<\/a>\n<\/div>\n<div class=\"hd2\">\n<span style=\"font-style:normal;font-weight:bold;\">Seitenbewertung<\/span>\n<\/div>\n<\/div>\n<div style=\"width:100%; margin-left:auto; margin-right:auto; clear:both;z-index:1; padding-top:5px; border-radius: 2px;\">\n<div class=\"reviewimg\">\n<p><a href=\"http:\/\/www.pornerbros.com\/\" rel=\"nofollow\" base target=\"_self\"><img decoding=\"async\" src=\"https:\/\/www.thepornlist.net\/wp-content\/uploads\/2015\/review\/pornerbros.jpg\" width=\"500\" height=\"500\" alt=\"Porn Tube\"><\/a><\/p>\n<\/div>\n<div class=\"reviewtitle\">\n<h1 style=\"font-family:Arial;font-size:56px;font-style:normal;font-weight:bold;color:#FF1F78;\">pornerbros<\/h1>\n<\/div>\n<div class=\"reviewsub\">\n<h2 style=\"font-size:14px;font-style:normal;font-weight:bold;\">pornerbros.com<\/H2>\n<\/div>\n<div class=\"reviewtext\">\n<span style=\"font-size:16px;font-style:normal;\">Und wieder eine Porno Tube mit einem erstaunlichen Layout. Klar k\u00f6nnte es auf einem WordPress Thema basieren, aber was soll&#8217;s? Warum hast du nicht daran gedacht? Willkommen bei PornerBros.com, einer Webseite f\u00fcr Erwachsene wo du gleich von Anfang an einstellen kannst, welche Inhalte du sehen m\u00f6chtest \u2013 heterosexuell, schwul oder Shemale. Standardm\u00e4\u00dfig ist es auf heterosexuell eingestellt. <\/br><\/p>\n<p>Die Navigationsleiste gibt dir den Zugang zu allen Videos, zur Kategorien Seite, zu Kan\u00e4len, Pornostars, Playlisten (wenn du einen Account hast) und zu anderen Dingen. Lass uns erst einmal die Homepage anschauen \u2013 die letzten Videos sind direkt unter dem Reiter (wo du die meist gesehenen Videos des Tages anschauen kannst). Die Kategorie Seite bietet dir Nischen wie Amateur, anal, asiatisch, Babe, BBW, gro\u00dfe Titten, Blowjob, Bondage, Creampie, Cumshot, deepthroat, Doppelpenetration, Ebony, Ex-Freundin, F\u00fc\u00dfe, Fetisch, Fisting, Gruppensex, Handjob, reif, Milf, \u00f6ffentlich, Solo, Squirting, Teen, Pov und andere. Klicke auf irgendein Vorschaubild und du wirst mit Optionen eingedeckt um deine Inhalte zu filtern (nach Beliebtheit, Datum, Dauer oder Zeit, Bewertung, Klicks, Qualit\u00e4t), \u00e4hnliche Tags und \u00e4hnliche Pornostars, so dass du schnell \u00e4hnliche Porno Videos findest. <\/br><\/p>\n<p>Besuche PornerBros.com jetzt, du wirst auf keinen Fall entt\u00e4uscht werden!!!<br \/>\n<\/span>\n<\/div>\n<div class=\"reviewsiteurl\">\n<a href=\"http:\/\/www.pornerbros.com\/\" rel=\"nofollow\" base target=\"_self\"><span style=\"font-size:32px;font-style:normal;font-weight:bold;text-decoration:underline;\">Hier klicken, um die webseite zu besuchen <\/span><\/a>\n<\/div>\n<\/div>\n","protected":false},"excerpt":{"rendered":"<p>Zur\u00fcck zur Startseite Seitenbewertung pornerbros pornerbros.com Und wieder eine Porno Tube mit einem erstaunlichen Layout. Klar k\u00f6nnte es auf einem WordPress Thema basieren, aber was soll&#8217;s? Warum hast du nicht daran gedacht? Willkommen bei PornerBros.com, einer Webseite f\u00fcr Erwachsene wo du gleich von Anfang an einstellen kannst, welche Inhalte du sehen m\u00f6chtest \u2013 heterosexuell, schwul <a href='https:\/\/www.thepornlist.net\/de\/porn-tube-sites\/pornerbros\/' class='excerpt-more'>[&#8230;]<\/a><\/p>\n","protected":false},"author":1,"featured_media":0,"parent":9407,"menu_order":40930,"comment_status":"closed","ping_status":"closed","template":"0-autofill-tpl-template.php","meta":{"_acf_changed":false,"footnotes":""},"tags":[],"acf":[],"aioseo_notices":[],"_links":{"self":[{"href":"https:\/\/www.thepornlist.net\/de\/wp-json\/wp\/v2\/pages\/10015"}],"collection":[{"href":"https:\/\/www.thepornlist.net\/de\/wp-json\/wp\/v2\/pages"}],"about":[{"href":"https:\/\/www.thepornlist.net\/de\/wp-json\/wp\/v2\/types\/page"}],"author":[{"embeddable":true,"href":"https:\/\/www.thepornlist.net\/de\/wp-json\/wp\/v2\/users\/1"}],"replies":[{"embeddable":true,"href":"https:\/\/www.thepornlist.net\/de\/wp-json\/wp\/v2\/comments?post=10015"}],"version-history":[{"count":0,"href":"https:\/\/www.thepornlist.net\/de\/wp-json\/wp\/v2\/pages\/10015\/revisions"}],"up":[{"embeddable":true,"href":"https:\/\/www.thepornlist.net\/de\/wp-json\/wp\/v2\/pages\/9407"}],"wp:attachment":[{"href":"https:\/\/www.thepornlist.net\/de\/wp-json\/wp\/v2\/media?parent=10015"}],"wp:term":[{"taxonomy":"post_tag","embeddable":true,"href":"https:\/\/www.thepornlist.net\/de\/wp-json\/wp\/v2\/tags?post=10015"}],"curies":[{"name":"wp","href":"https:\/\/api.w.org\/{rel}","templated":true}]}}