{"id":10018,"date":"2016-01-11T12:43:42","date_gmt":"2016-01-11T12:43:42","guid":{"rendered":"https:\/\/www.thepornlist.net\/de\/porn-tube-sites\/pinkrod\/"},"modified":"2019-05-23T13:09:29","modified_gmt":"2019-05-23T13:09:29","slug":"pinkrod","status":"publish","type":"page","link":"https:\/\/www.thepornlist.net\/de\/porn-tube-sites\/pinkrod\/","title":{"rendered":"pinkrod.com"},"content":{"rendered":"<div class=\"pb\">\n<div class=\"hd\">\n<a href=\"https:\/\/www.thepornlist.net\/de\/\" base target=\"_self\">Zur\u00fcck zur Startseite<\/a>\n<\/div>\n<div class=\"hd2\">\n<span style=\"font-style:normal;font-weight:bold;\">Seitenbewertung<\/span>\n<\/div>\n<\/div>\n<div style=\"width:100%; margin-left:auto; margin-right:auto; clear:both;z-index:1; padding-top:5px; border-radius: 2px;\">\n<div class=\"reviewimg\">\n<p><a href=\"http:\/\/www.pinkrod.com\/?utm_source=ThePornList&#038;utm_medium=tgp&#038;utm_campaign=ThePornList\" rel=\"nofollow\" base target=\"_self\"><img decoding=\"async\" src=\"https:\/\/www.thepornlist.net\/wp-content\/uploads\/2015\/review\/pinkrod.jpg\" width=\"500\" height=\"500\" alt=\"Porn Tube\"><\/a><\/p>\n<\/div>\n<div class=\"reviewtitle\">\n<h1 style=\"font-family:Arial;font-size:56px;font-style:normal;font-weight:bold;color:#FF1F78;\">pinkrod<\/h1>\n<\/div>\n<div class=\"reviewsub\">\n<h2 style=\"font-size:14px;font-style:normal;font-weight:bold;\">pinkrod.com<\/H2>\n<\/div>\n<div class=\"reviewtext\">\n<span style=\"font-size:16px;font-style:normal;\">Willkommen bei PinkRod.com, einer pinken Porno Tube, die dir nur HD Pornos bietet. Das Layout sieht toll aus und die Homepage erm\u00f6glicht es dir Vorschauen ihrer Videos zu sehen im Bereich mit den neuesten Videos, den am h\u00e4ufigsten bewerteten oder den meist gesehenen. Frage: Warum haben sie hier zwei K\u00e4sten zum Suchen? Vielleicht ist es ein Bug, der so schnell wie m\u00f6glich beseitigt  wird und kein neuer Trend im Internet. <\/br><\/p>\n<p>Lass uns mal einen Blick auf ihre Kategorien werfen: Amateur, anal, anal lecken, asiatisch, Arsch lecken, Babe, Babes, Bad, BDSM, gro\u00dfer Arsch, gro\u00dfe M\u00f6pse, dicke Titten, blond, Blowjob, br\u00fcnett, Sahne, Cumshot, deepthroat, Dildo, doggystyle, Doppelpenetration, Ebony, exhibitionistisch, Facial, Fetisch, fingern, Fu\u00df Fetisch, Fu\u00dfjob, Gruppensex und noch viele andere. <\/br><\/p>\n<p>PinkRod hat nicht nur Porno Videos sondern auch Porno Bilder. In diesem Moment teilen sie \u00fcber 41.000 Clips auf 598 Seiten und \u00fcber 20.000 Fotos auf 29 Seiten. Meiner Meinung nach ist das eine Menge an Inhalt. Und wenn so viele Sachen auf einem gut aussehenden und leicht zu verwendendem Layout zusammengestellt sind, bin ich mehr als gl\u00fccklich dar\u00fcber eine positive Bewertung zu schreiben und Leute dazu einzuladen hier ein Lesezeichen zur sp\u00e4teren Verwendung zu setzen. Besuch sie jetzt!<br \/>\n<\/span>\n<\/div>\n<div class=\"reviewsiteurl\">\n<a href=\"http:\/\/www.pinkrod.com\/?utm_source=ThePornList&#038;utm_medium=tgp&#038;utm_campaign=ThePornList\" rel=\"nofollow\" base target=\"_self\"><span style=\"font-size:32px;font-style:normal;font-weight:bold;text-decoration:underline;\">Hier klicken, um die webseite zu besuchen <\/span><\/a>\n<\/div>\n<\/div>\n","protected":false},"excerpt":{"rendered":"<p>Zur\u00fcck zur Startseite Seitenbewertung pinkrod pinkrod.com Willkommen bei PinkRod.com, einer pinken Porno Tube, die dir nur HD Pornos bietet. Das Layout sieht toll aus und die Homepage erm\u00f6glicht es dir Vorschauen ihrer Videos zu sehen im Bereich mit den neuesten Videos, den am h\u00e4ufigsten bewerteten oder den meist gesehenen. Frage: Warum haben sie hier zwei <a href='https:\/\/www.thepornlist.net\/de\/porn-tube-sites\/pinkrod\/' class='excerpt-more'>[&#8230;]<\/a><\/p>\n","protected":false},"author":1,"featured_media":0,"parent":9407,"menu_order":45990,"comment_status":"closed","ping_status":"closed","template":"0-autofill-tpl-template.php","meta":{"_acf_changed":false,"footnotes":""},"tags":[],"acf":[],"aioseo_notices":[],"_links":{"self":[{"href":"https:\/\/www.thepornlist.net\/de\/wp-json\/wp\/v2\/pages\/10018"}],"collection":[{"href":"https:\/\/www.thepornlist.net\/de\/wp-json\/wp\/v2\/pages"}],"about":[{"href":"https:\/\/www.thepornlist.net\/de\/wp-json\/wp\/v2\/types\/page"}],"author":[{"embeddable":true,"href":"https:\/\/www.thepornlist.net\/de\/wp-json\/wp\/v2\/users\/1"}],"replies":[{"embeddable":true,"href":"https:\/\/www.thepornlist.net\/de\/wp-json\/wp\/v2\/comments?post=10018"}],"version-history":[{"count":0,"href":"https:\/\/www.thepornlist.net\/de\/wp-json\/wp\/v2\/pages\/10018\/revisions"}],"up":[{"embeddable":true,"href":"https:\/\/www.thepornlist.net\/de\/wp-json\/wp\/v2\/pages\/9407"}],"wp:attachment":[{"href":"https:\/\/www.thepornlist.net\/de\/wp-json\/wp\/v2\/media?parent=10018"}],"wp:term":[{"taxonomy":"post_tag","embeddable":true,"href":"https:\/\/www.thepornlist.net\/de\/wp-json\/wp\/v2\/tags?post=10018"}],"curies":[{"name":"wp","href":"https:\/\/api.w.org\/{rel}","templated":true}]}}