{"id":10019,"date":"2016-01-11T12:41:28","date_gmt":"2016-01-11T12:41:28","guid":{"rendered":"https:\/\/www.thepornlist.net\/de\/porn-tube-sites\/bravotube\/"},"modified":"2019-05-24T09:43:24","modified_gmt":"2019-05-24T09:43:24","slug":"bravotube","status":"publish","type":"page","link":"https:\/\/www.thepornlist.net\/de\/porn-tube-sites\/bravotube\/","title":{"rendered":"bravotube.net"},"content":{"rendered":"<div class=\"pb\">\n<div class=\"hd\">\n<a href=\"https:\/\/www.thepornlist.net\/de\/\" base target=\"_self\">Zur\u00fcck zur Startseite<\/a>\n<\/div>\n<div class=\"hd2\">\n<span style=\"font-style:normal;font-weight:bold;\">Seitenbewertung<\/span>\n<\/div>\n<\/div>\n<div style=\"width:100%; margin-left:auto; margin-right:auto; clear:both;z-index:1; padding-top:5px; border-radius: 2px;\">\n<div class=\"reviewimg\">\n<p><a href=\"http:\/\/www.bravotube.net\/?promoid=14387957444504\" rel=\"nofollow\" base target=\"_self\"><img decoding=\"async\" src=\"https:\/\/www.thepornlist.net\/wp-content\/uploads\/2015\/review\/bravotube.jpg\" width=\"500\" height=\"500\" alt=\"Porn Tube\"><\/a><\/p>\n<\/div>\n<div class=\"reviewtitle\">\n<h1 style=\"font-family:Arial;font-size:56px;font-style:normal;font-weight:bold;color:#FF1F78;\">bravotube<\/h1>\n<\/div>\n<div class=\"reviewsub\">\n<h2 style=\"font-size:14px;font-style:normal;font-weight:bold;\">bravotube.net<\/H2>\n<\/div>\n<div class=\"reviewtext\">\n<span style=\"font-size:16px;font-style:normal;\">Willkommen bei BravoTube.net, einer Porno Webseite, die von Johnny Bravo betrieben wird. Nun, nat\u00fcrlich mache ich Spa\u00df! BravoTube ist eine Porno Tube voll mit erstaunlichen Pornos und mit einem gro\u00dfartigen Design. Alles ist genau da platziert wo es sein sollte und es ist leicht sich dort zu bewegen. <\/br><\/p>\n<p>Die Navigationsleiste ist sichtbar und hat genau das, was du brauchst: neueste Updates, eine Gemeinschaft, die Kategorien Seite, einen Pornostar Index und den Kasten mit der Suchfunktion. Du kannst sogar die Sprache des Layouts ver\u00e4ndern und du kannst auch einen Account registrieren. Tu es, verliere keine Zeit \u2013 es kostet nichts! <\/br><\/p>\n<p>Die Homepage wird dir exquisite K\u00e4sten mit Vorschaubildern zeigen, die einen hei\u00dfen Screenshot aus dem Clip enth\u00fcllen und darunter kannst du den Titel lesen und die Bewertung sehen. Es scheint, als ob du im ersten Bereich zu den zuletzt gesehenen Videos und im zweiten zu den beliebtesten Clips gehen kannst. Scrolle sogar noch weiter um in den Teil mit den Kategorien zu kommen. Zu jeder einzelnen wirst du eine kurze Beschreibung sehen, f\u00fcr den Fall dass du nicht wei\u00df was wohin muss und wer was tut. Besuche BravoTube.net jetzt!<br \/>\n<\/span>\n<\/div>\n<div class=\"reviewsiteurl\">\n<a href=\"http:\/\/www.bravotube.net\/?promoid=14387957444504\" rel=\"nofollow\" base target=\"_self\"><span style=\"font-size:32px;font-style:normal;font-weight:bold;text-decoration:underline;\">Hier klicken, um die webseite zu besuchen <\/span><\/a>\n<\/div>\n<\/div>\n","protected":false},"excerpt":{"rendered":"<p>Zur\u00fcck zur Startseite Seitenbewertung bravotube bravotube.net Willkommen bei BravoTube.net, einer Porno Webseite, die von Johnny Bravo betrieben wird. Nun, nat\u00fcrlich mache ich Spa\u00df! BravoTube ist eine Porno Tube voll mit erstaunlichen Pornos und mit einem gro\u00dfartigen Design. Alles ist genau da platziert wo es sein sollte und es ist leicht sich dort zu bewegen. Die <a href='https:\/\/www.thepornlist.net\/de\/porn-tube-sites\/bravotube\/' class='excerpt-more'>[&#8230;]<\/a><\/p>\n","protected":false},"author":1,"featured_media":0,"parent":9407,"menu_order":45650,"comment_status":"closed","ping_status":"closed","template":"0-autofill-tpl-template.php","meta":{"_acf_changed":false,"footnotes":""},"tags":[],"acf":[],"aioseo_notices":[],"_links":{"self":[{"href":"https:\/\/www.thepornlist.net\/de\/wp-json\/wp\/v2\/pages\/10019"}],"collection":[{"href":"https:\/\/www.thepornlist.net\/de\/wp-json\/wp\/v2\/pages"}],"about":[{"href":"https:\/\/www.thepornlist.net\/de\/wp-json\/wp\/v2\/types\/page"}],"author":[{"embeddable":true,"href":"https:\/\/www.thepornlist.net\/de\/wp-json\/wp\/v2\/users\/1"}],"replies":[{"embeddable":true,"href":"https:\/\/www.thepornlist.net\/de\/wp-json\/wp\/v2\/comments?post=10019"}],"version-history":[{"count":0,"href":"https:\/\/www.thepornlist.net\/de\/wp-json\/wp\/v2\/pages\/10019\/revisions"}],"up":[{"embeddable":true,"href":"https:\/\/www.thepornlist.net\/de\/wp-json\/wp\/v2\/pages\/9407"}],"wp:attachment":[{"href":"https:\/\/www.thepornlist.net\/de\/wp-json\/wp\/v2\/media?parent=10019"}],"wp:term":[{"taxonomy":"post_tag","embeddable":true,"href":"https:\/\/www.thepornlist.net\/de\/wp-json\/wp\/v2\/tags?post=10019"}],"curies":[{"name":"wp","href":"https:\/\/api.w.org\/{rel}","templated":true}]}}