{"id":10020,"date":"2016-01-11T12:39:31","date_gmt":"2016-01-11T12:39:31","guid":{"rendered":"https:\/\/www.thepornlist.net\/de\/porn-tube-sites\/jacquieetmicheltv\/"},"modified":"2019-05-23T13:07:11","modified_gmt":"2019-05-23T13:07:11","slug":"jacquieetmicheltv","status":"publish","type":"page","link":"https:\/\/www.thepornlist.net\/de\/porn-tube-sites\/jacquieetmicheltv\/","title":{"rendered":"jacquieetmichel.net"},"content":{"rendered":"<div class=\"pb\">\n<div class=\"hd\">\n<a href=\"https:\/\/www.thepornlist.net\/de\/\" base target=\"_self\">Zur\u00fcck zur Startseite<\/a>\n<\/div>\n<div class=\"hd2\">\n<span style=\"font-style:normal;font-weight:bold;\">Seitenbewertung<\/span>\n<\/div>\n<\/div>\n<div style=\"width:100%; margin-left:auto; margin-right:auto; clear:both;z-index:1; padding-top:5px; border-radius: 2px;\">\n<div class=\"reviewimg\">\n<p><a href=\"http:\/\/www.jacquieetmicheltv.net\/\" rel=\"nofollow\" base target=\"_self\"><img decoding=\"async\" src=\"https:\/\/www.thepornlist.net\/wp-content\/uploads\/2015\/review\/jacquieetmicheltv.jpg\" width=\"500\" height=\"500\" alt=\"Porn Tube\"><\/a><\/p>\n<\/div>\n<div class=\"reviewtitle\">\n<h1 style=\"font-family:Arial;font-size:56px;font-style:normal;font-weight:bold;color:#FF1F78;\">jacquieetmicheltv<\/h1>\n<\/div>\n<div class=\"reviewsub\">\n<h2 style=\"font-size:14px;font-style:normal;font-weight:bold;\">jacquieetmicheltv.net<\/H2>\n<\/div>\n<div class=\"reviewtext\">\n<span style=\"font-size:16px;font-style:normal;\">Willkommen bei JacquieEtMichelTV.net, einer franz\u00f6sischen Porno Tube wo du die letzten Ver\u00f6ffentlichungen gleich auf der Homepage finden wirst. Darunter wirst du die komplette Liste ihrer Porno Clips ansehen k\u00f6nnen. Da es eine franz\u00f6sische Webseite ist, sollten dich jede Menge netter Hintern und exquisite Porno Videos erwarten denn wir alle wissen, was in Frankreich passiert, bleibt in Frankreich. <\/br><\/p>\n<p>Ihre Kategorie Liste ist voller interessanter Optionen: Ficks im Wald, schwarz und wei\u00df, Wald Voyeure, Bukkake, Casting, Anf\u00e4nger Paare, Dominanz, doppelt anal, Facials, drau\u00dfen, \u00f6ffentliche Strips, schwangere Frauen, anal Fisting, Vagina Fisting, Fu\u00dfjob, Erniedrigung, Lesben, reife Frauen, Orgie, Squirting, Striptease, pinkeln und noch viele andere. <\/br><\/p>\n<p>Zu jedem neuen Update wirst du ein Vorschaubild sehen k\u00f6nnen, das zwar keine Videovorschau hat aber wenn du deine Maus dar\u00fcber bewegst, wirst du eine kurze Beschreibung bekommen. Du wirst auch den Titel der Szene, das Datum des Updates, in welchen Kategorien es gefunden werden kann und die Anzahl der Klicks zu sehen bekommen. Wie du schon wei\u00dft ist es theoretisch so dass die Szene umso besser ist je mehr Klicks sie hat. Aber wie du auch bereits schon wei\u00dft, wenn du es magst hei\u00dft das nicht, dass alle anderen es auch m\u00f6gen werden.<br \/>\n<\/span>\n<\/div>\n<div class=\"reviewsiteurl\">\n<a href=\"http:\/\/www.jacquieetmicheltv.net\/\" rel=\"nofollow\" base target=\"_self\"><span style=\"font-size:32px;font-style:normal;font-weight:bold;text-decoration:underline;\">Hier klicken, um die webseite zu besuchen <\/span><\/a>\n<\/div>\n<\/div>\n","protected":false},"excerpt":{"rendered":"<p>Zur\u00fcck zur Startseite Seitenbewertung jacquieetmicheltv jacquieetmicheltv.net Willkommen bei JacquieEtMichelTV.net, einer franz\u00f6sischen Porno Tube wo du die letzten Ver\u00f6ffentlichungen gleich auf der Homepage finden wirst. Darunter wirst du die komplette Liste ihrer Porno Clips ansehen k\u00f6nnen. Da es eine franz\u00f6sische Webseite ist, sollten dich jede Menge netter Hintern und exquisite Porno Videos erwarten denn wir alle <a href='https:\/\/www.thepornlist.net\/de\/porn-tube-sites\/jacquieetmicheltv\/' class='excerpt-more'>[&#8230;]<\/a><\/p>\n","protected":false},"author":1,"featured_media":0,"parent":9407,"menu_order":41310,"comment_status":"closed","ping_status":"closed","template":"0-autofill-tpl-template.php","meta":{"_acf_changed":false,"footnotes":""},"tags":[],"acf":[],"aioseo_notices":[],"_links":{"self":[{"href":"https:\/\/www.thepornlist.net\/de\/wp-json\/wp\/v2\/pages\/10020"}],"collection":[{"href":"https:\/\/www.thepornlist.net\/de\/wp-json\/wp\/v2\/pages"}],"about":[{"href":"https:\/\/www.thepornlist.net\/de\/wp-json\/wp\/v2\/types\/page"}],"author":[{"embeddable":true,"href":"https:\/\/www.thepornlist.net\/de\/wp-json\/wp\/v2\/users\/1"}],"replies":[{"embeddable":true,"href":"https:\/\/www.thepornlist.net\/de\/wp-json\/wp\/v2\/comments?post=10020"}],"version-history":[{"count":0,"href":"https:\/\/www.thepornlist.net\/de\/wp-json\/wp\/v2\/pages\/10020\/revisions"}],"up":[{"embeddable":true,"href":"https:\/\/www.thepornlist.net\/de\/wp-json\/wp\/v2\/pages\/9407"}],"wp:attachment":[{"href":"https:\/\/www.thepornlist.net\/de\/wp-json\/wp\/v2\/media?parent=10020"}],"wp:term":[{"taxonomy":"post_tag","embeddable":true,"href":"https:\/\/www.thepornlist.net\/de\/wp-json\/wp\/v2\/tags?post=10020"}],"curies":[{"name":"wp","href":"https:\/\/api.w.org\/{rel}","templated":true}]}}