{"id":10021,"date":"2016-01-11T12:38:53","date_gmt":"2016-01-11T12:38:53","guid":{"rendered":"https:\/\/www.thepornlist.net\/de\/porn-tube-sites\/txxx\/"},"modified":"2020-11-07T10:44:30","modified_gmt":"2020-11-07T10:44:30","slug":"txxx","status":"publish","type":"page","link":"https:\/\/www.thepornlist.net\/de\/porn-tube-sites\/txxx\/","title":{"rendered":"txxx.com"},"content":{"rendered":"<div class=\"pb\">\n<div class=\"hd\">\n<a href=\"https:\/\/www.thepornlist.net\/de\/\" base target=\"_self\" rel=\"noopener noreferrer\">Zur\u00fcck zur Startseite<\/a>\n<\/div>\n<div class=\"hd2\">\n<span style=\"font-style:normal;font-weight:bold;\">Seitenbewertung<\/span>\n<\/div>\n<\/div>\n<div style=\"width:100%; margin-left:auto; margin-right:auto; clear:both;z-index:1; padding-top:5px; border-radius: 2px;\">\n<div class=\"reviewimg\">\n<p><a href=\"http:\/\/www.txxx.com\/free\/?promo=12259\" rel=\"nofollow noopener noreferrer\" base target=\"_self\"><img decoding=\"async\" src=\"https:\/\/www.thepornlist.net\/wp-content\/uploads\/2015\/review\/txxx.jpg\" width=\"500\" height=\"500\" alt=\"Porn Tube\"><\/a><\/p>\n<\/div>\n<div class=\"reviewtitle\">\n<h1 style=\"font-family:Arial;font-size:56px;font-style:normal;font-weight:bold;color:#FF1F78;\">txxx<\/h1>\n<\/div>\n<div class=\"reviewsub\">\n<h2 style=\"font-size:14px;font-style:normal;font-weight:bold;\">txxx.com<\/H2>\n<\/div>\n<div class=\"reviewtext\">\n<span style=\"font-size:16px;font-style:normal;\">Willkommen bei TXXX.com, einer Porno Tube, die Teil eines Netzwerks zu sein scheint &#8211; Upornia, PrivateHomeClips, HDZog, VoyeurHit, ImageZOG und TubePornClassic. Was auch immer deine Vorlieben sind, TXXX wird sie dir befriedigen \u2013 heterosexuell, schwul und Shemale. Standardm\u00e4\u00dfig ist es auf heterosexuell eingestellt. Wenn englisch nicht deine Sprache ist, kannst du sie in der oberen rechten Ecke \u00e4ndern. <\/br><\/p>\n<p>Die Kategorien sind direkt auf der Homepage: HD, anal, reif, br\u00fcnett Ber\u00fchmtheiten, Creampie, Teen, Milfs, doggystyle, softcore, interracial, Pornostars, Amateur, Cumshots, BBW, Vintage, japanisch, \u00f6ffentlich, Gangbang, Gruppensex, russisch, indisch, Voyeur, franz\u00f6sisch, Dildos, deutsch. Facial, Str\u00fcmpfe, Squirting, Lesben, blond, Cuckold, tschechisch, Handjobs, Naturtitten, italienisch, Ebony, Dreier, Realit\u00e4t, gro\u00dfer Arsch und so weiter. Du wirst zu jeder Kategorie sehen, wie viele Videos zu ihr hinzugef\u00fcgt wurden. Es scheint als ob sie Hunderttausende an Videos haben. Und was ich auf diesen Vorschaubildern sehe, macht mich h\u00f6llisch verr\u00fcckt. Aus diesem Grund liebe ich diese Industrie&#8230; <\/br><\/p>\n<p>Bei TXXX wirst du alles haben, was du willst in einem professionellen Layout zusammengestellt. Du kannst sogar einen Account anmelden und es kostet nichts, das zu tun. Worauf wartest du noch? Habe ich dir nicht genug gute Gr\u00fcnde gegeben um vorbeizuschauen?<br \/>\n<\/span>\n<\/div>\n<div class=\"reviewsiteurl\">\n<a href=\"http:\/\/www.txxx.com\/free\/?promo=12259\" rel=\"nofollow noopener noreferrer\" base target=\"_self\"><span style=\"font-size:32px;font-style:normal;font-weight:bold;text-decoration:underline;\">Hier klicken, um die webseite zu besuchen <\/span><\/a>\n<\/div>\n<\/div>\n","protected":false},"excerpt":{"rendered":"<p>Zur\u00fcck zur Startseite Seitenbewertung txxx txxx.com Willkommen bei TXXX.com, einer Porno Tube, die Teil eines Netzwerks zu sein scheint &#8211; Upornia, PrivateHomeClips, HDZog, VoyeurHit, ImageZOG und TubePornClassic. Was auch immer deine Vorlieben sind, TXXX wird sie dir befriedigen \u2013 heterosexuell, schwul und Shemale. Standardm\u00e4\u00dfig ist es auf heterosexuell eingestellt. Wenn englisch nicht deine Sprache ist, <a href='https:\/\/www.thepornlist.net\/de\/porn-tube-sites\/txxx\/' class='excerpt-more'>[&#8230;]<\/a><\/p>\n","protected":false},"author":1,"featured_media":0,"parent":9407,"menu_order":31070,"comment_status":"closed","ping_status":"closed","template":"0-autofill-tpl-template.php","meta":{"_acf_changed":false,"footnotes":""},"tags":[],"acf":[],"aioseo_notices":[],"_links":{"self":[{"href":"https:\/\/www.thepornlist.net\/de\/wp-json\/wp\/v2\/pages\/10021"}],"collection":[{"href":"https:\/\/www.thepornlist.net\/de\/wp-json\/wp\/v2\/pages"}],"about":[{"href":"https:\/\/www.thepornlist.net\/de\/wp-json\/wp\/v2\/types\/page"}],"author":[{"embeddable":true,"href":"https:\/\/www.thepornlist.net\/de\/wp-json\/wp\/v2\/users\/1"}],"replies":[{"embeddable":true,"href":"https:\/\/www.thepornlist.net\/de\/wp-json\/wp\/v2\/comments?post=10021"}],"version-history":[{"count":0,"href":"https:\/\/www.thepornlist.net\/de\/wp-json\/wp\/v2\/pages\/10021\/revisions"}],"up":[{"embeddable":true,"href":"https:\/\/www.thepornlist.net\/de\/wp-json\/wp\/v2\/pages\/9407"}],"wp:attachment":[{"href":"https:\/\/www.thepornlist.net\/de\/wp-json\/wp\/v2\/media?parent=10021"}],"wp:term":[{"taxonomy":"post_tag","embeddable":true,"href":"https:\/\/www.thepornlist.net\/de\/wp-json\/wp\/v2\/tags?post=10021"}],"curies":[{"name":"wp","href":"https:\/\/api.w.org\/{rel}","templated":true}]}}