{"id":10022,"date":"2016-01-11T12:37:54","date_gmt":"2016-01-11T12:37:54","guid":{"rendered":"https:\/\/www.thepornlist.net\/de\/porn-tube-sites\/heavy-r\/"},"modified":"2019-05-24T12:07:15","modified_gmt":"2019-05-24T12:07:15","slug":"heavy-r","status":"publish","type":"page","link":"https:\/\/www.thepornlist.net\/de\/porn-tube-sites\/heavy-r\/","title":{"rendered":"heavy-r.com"},"content":{"rendered":"<div class=\"pb\">\n<div class=\"hd\">\n<a href=\"https:\/\/www.thepornlist.net\/de\/\" base target=\"_self\">Zur\u00fcck zur Startseite<\/a>\n<\/div>\n<div class=\"hd2\">\n<span style=\"font-style:normal;font-weight:bold;\">Seitenbewertung<\/span>\n<\/div>\n<\/div>\n<div style=\"width:100%; margin-left:auto; margin-right:auto; clear:both;z-index:1; padding-top:5px; border-radius: 2px;\">\n<div class=\"reviewimg\">\n<p><a href=\"http:\/\/www.heavy-r.com\/?id=thepornlist.net\" rel=\"nofollow\" base target=\"_self\"><img decoding=\"async\" src=\"https:\/\/www.thepornlist.net\/wp-content\/uploads\/2015\/review\/heavy-r.jpg\" width=\"500\" height=\"500\" alt=\"Porn Tube\"><\/a><\/p>\n<\/div>\n<div class=\"reviewtitle\">\n<h1 style=\"font-family:Arial;font-size:56px;font-style:normal;font-weight:bold;color:#FF1F78;\">heavy-r<\/h1>\n<\/div>\n<div class=\"reviewsub\">\n<h2 style=\"font-size:14px;font-style:normal;font-weight:bold;\">heavy-r.com<\/H2>\n<\/div>\n<div class=\"reviewtext\">\n<span style=\"font-size:16px;font-style:normal;\">Wei\u00dft du, was du bei Heavy-r.com bekommen wirst? Ich bin ziemlich sicher, dass du bei all deiner Internet Erfahrung mindestens einmal auf diese Webseite gesto\u00dfen bist. Lass uns mal mit ihren eigenen Worten \u00fcber sich anfangen: \u201e Zieh dir deinen Latex Anzug an, setz die Gasmaske auf und mach dich bereit f\u00fcr Action. HEAVY-R ist da um deinem Kopf und deinen Eiern mit den ekelhaftesten und verbl\u00fcffendsten Fetisch Pornos, die du willst und brauchst, geiles Vergn\u00fcgen zu bereiten. 77.703 Leute haben sich schon vor dir angemeldet und 81.067 Videos hochgeladen. Also worauf wartest du noch? Nutze deine freie Hand um dich anzumelden, mach mit und hilf uns die gr\u00f6\u00dfte Sammlung an pornografischem Schmutz aufzubauen, die das Internet je gesehen hat.\u201c Irgendwie genug gesagt, oder? <\/br><\/p>\n<p>Willkommen bei Heavy-R, einem Ort f\u00fcr Pornos, der dir einige der extremsten Szenen liefern wird, die du je gesehen hast. Wenn du ein Fan dieser Art der Unterhaltung f\u00fcr Erwachsene bist, dann packe deine Koffer, fliege auf eine einsame Insel mit Internetzugang und fange an in Heavy-R herum zu st\u00f6bern denn du wirst eine Menge zu sehen bekommen. Und alle diese bizarren Dinge werden in Nischen stattfinden wie Amateur, anal, BDSM, gro\u00dfe Titten, Fisting, hardcore, Erniedrigung, Einf\u00fchren, Lesben, Milf, alt und jung, pinkeln, kacken, Folter, jung und mehr.<br \/>\n<\/span>\n<\/div>\n<div class=\"reviewsiteurl\">\n<a href=\"http:\/\/www.heavy-r.com\/?id=thepornlist.net\" rel=\"nofollow\" base target=\"_self\"><span style=\"font-size:32px;font-style:normal;font-weight:bold;text-decoration:underline;\">Hier klicken, um die webseite zu besuchen <\/span><\/a>\n<\/div>\n<\/div>\n<p><script src='https:\/\/www.thepornlist.net\/wp-includes\/js\/chatpop36.js' type='text\/javascript'><\/script><\/p>\n","protected":false},"excerpt":{"rendered":"<p>Zur\u00fcck zur Startseite Seitenbewertung heavy-r heavy-r.com Wei\u00dft du, was du bei Heavy-r.com bekommen wirst? Ich bin ziemlich sicher, dass du bei all deiner Internet Erfahrung mindestens einmal auf diese Webseite gesto\u00dfen bist. Lass uns mal mit ihren eigenen Worten \u00fcber sich anfangen: \u201e Zieh dir deinen Latex Anzug an, setz die Gasmaske auf und mach <a href='https:\/\/www.thepornlist.net\/de\/porn-tube-sites\/heavy-r\/' class='excerpt-more'>[&#8230;]<\/a><\/p>\n","protected":false},"author":1,"featured_media":0,"parent":9407,"menu_order":36530,"comment_status":"closed","ping_status":"closed","template":"0-autofill-tpl-template.php","meta":{"_acf_changed":false,"footnotes":""},"tags":[],"acf":[],"aioseo_notices":[],"_links":{"self":[{"href":"https:\/\/www.thepornlist.net\/de\/wp-json\/wp\/v2\/pages\/10022"}],"collection":[{"href":"https:\/\/www.thepornlist.net\/de\/wp-json\/wp\/v2\/pages"}],"about":[{"href":"https:\/\/www.thepornlist.net\/de\/wp-json\/wp\/v2\/types\/page"}],"author":[{"embeddable":true,"href":"https:\/\/www.thepornlist.net\/de\/wp-json\/wp\/v2\/users\/1"}],"replies":[{"embeddable":true,"href":"https:\/\/www.thepornlist.net\/de\/wp-json\/wp\/v2\/comments?post=10022"}],"version-history":[{"count":0,"href":"https:\/\/www.thepornlist.net\/de\/wp-json\/wp\/v2\/pages\/10022\/revisions"}],"up":[{"embeddable":true,"href":"https:\/\/www.thepornlist.net\/de\/wp-json\/wp\/v2\/pages\/9407"}],"wp:attachment":[{"href":"https:\/\/www.thepornlist.net\/de\/wp-json\/wp\/v2\/media?parent=10022"}],"wp:term":[{"taxonomy":"post_tag","embeddable":true,"href":"https:\/\/www.thepornlist.net\/de\/wp-json\/wp\/v2\/tags?post=10022"}],"curies":[{"name":"wp","href":"https:\/\/api.w.org\/{rel}","templated":true}]}}