{"id":10030,"date":"2015-12-30T19:08:17","date_gmt":"2015-12-30T19:08:17","guid":{"rendered":"https:\/\/www.thepornlist.net\/de\/porn-lists\/tblop\/"},"modified":"2019-05-06T14:06:55","modified_gmt":"2019-05-06T14:06:55","slug":"tblop","status":"publish","type":"page","link":"https:\/\/www.thepornlist.net\/de\/porn-lists\/tblop\/","title":{"rendered":"tblop.com"},"content":{"rendered":"<div class=\"pb\">\n<div class=\"hd\">\n<a href=\"https:\/\/www.thepornlist.net\/de\/\" base target=\"_self\">Zur\u00fcck zur Startseite<\/a>\n<\/div>\n<div class=\"hd2\">\n<span style=\"font-style:normal;font-weight:bold;\">Seitenbewertung<\/span>\n<\/div>\n<\/div>\n<div style=\"width:100%; margin-left:auto; margin-right:auto; clear:both;z-index:1; padding-top:5px; border-radius: 2px;\">\n<div class=\"reviewimg\">\n<p><a href=\"http:\/\/www.tblop.com\/\" rel=\"nofollow\" base target=\"_self\"><img decoding=\"async\" src=\"https:\/\/www.thepornlist.net\/wp-content\/uploads\/listrev\/tblop.jpg\" width=\"500\" height=\"500\" alt=\"Porn Tube\"><\/a><\/p>\n<\/div>\n<div class=\"reviewtitle\">\n<h1 style=\"font-family:Arial;font-size:56px;font-style:normal;font-weight:bold;color:#FF1F78;\">tblop<\/h1>\n<\/div>\n<div class=\"reviewsub\">\n<h2 style=\"font-size:14px;font-style:normal;font-weight:bold;\">tblop.com<\/H2>\n<\/div>\n<div class=\"reviewtext\">\n<span style=\"font-size:16px;font-style:normal;\">Vor einigen Jahren gab es zwei Porno Verzeichnis Seiten, das waren TBLOP und thepornlist (wir). Tblop hat f\u00fcr dich eine Menge Porno Seiten ausgew\u00e4hlt, alle nach Kategorien sortiert. Sie haben vor kurzem ihr Design ge\u00e4ndert und ich muss sagen, dass ich kein gro\u00dfer Fan des jetzigen Designs bin. Aber hey, du besuchst eine Verzeichnis Seite nicht wegen ihres Aussehens, sondern wegen der Seiten, die sie f\u00fcr dich ausgesucht haben!<\/br><\/p>\n<p>Tblop bietet dir keinerlei Bewertungen\/Vorschauen f\u00fcr alle Seiten, also ist alles, wonach du gehen kannst, der Name der Seite, das ist ein Problem und macht es ein bisschen schwerer gute Seiten zu finden. Ein gro\u00dfer Pluspunkt f\u00fcr tblop ist die Tatsache, dass sie eine Menge tumblr und reddit Porno Blogs ausgesucht und diese in einer netten Liste zusammengestellt haben. Tblop ist definitiv einen Besuch wert aber wenn du es vorziehst etwas \u00fcber eine Seite zu wissen, bevor du sie besuchst, dann solltest du dir stattdessen unsere Liste ansehen!<br \/>\n<\/span>\n<\/div>\n<div class=\"reviewsiteurl\">\n<a href=\"http:\/\/www.tblop.com\/\" rel=\"nofollow\" base target=\"_self\"><span style=\"font-size:32px;font-style:normal;font-weight:bold;text-decoration:underline;\">Hier klicken, um die webseite zu besuchen <\/span><\/a>\n<\/div>\n<\/div>\n","protected":false},"excerpt":{"rendered":"<p>Zur\u00fcck zur Startseite Seitenbewertung tblop tblop.com Vor einigen Jahren gab es zwei Porno Verzeichnis Seiten, das waren TBLOP und thepornlist (wir). Tblop hat f\u00fcr dich eine Menge Porno Seiten ausgew\u00e4hlt, alle nach Kategorien sortiert. Sie haben vor kurzem ihr Design ge\u00e4ndert und ich muss sagen, dass ich kein gro\u00dfer Fan des jetzigen Designs bin. Aber <a href='https:\/\/www.thepornlist.net\/de\/porn-lists\/tblop\/' class='excerpt-more'>[&#8230;]<\/a><\/p>\n","protected":false},"author":1,"featured_media":0,"parent":9760,"menu_order":21110,"comment_status":"closed","ping_status":"closed","template":"0-autofill-tpl-template.php","meta":{"_acf_changed":false,"footnotes":""},"tags":[],"acf":[],"aioseo_notices":[],"_links":{"self":[{"href":"https:\/\/www.thepornlist.net\/de\/wp-json\/wp\/v2\/pages\/10030"}],"collection":[{"href":"https:\/\/www.thepornlist.net\/de\/wp-json\/wp\/v2\/pages"}],"about":[{"href":"https:\/\/www.thepornlist.net\/de\/wp-json\/wp\/v2\/types\/page"}],"author":[{"embeddable":true,"href":"https:\/\/www.thepornlist.net\/de\/wp-json\/wp\/v2\/users\/1"}],"replies":[{"embeddable":true,"href":"https:\/\/www.thepornlist.net\/de\/wp-json\/wp\/v2\/comments?post=10030"}],"version-history":[{"count":0,"href":"https:\/\/www.thepornlist.net\/de\/wp-json\/wp\/v2\/pages\/10030\/revisions"}],"up":[{"embeddable":true,"href":"https:\/\/www.thepornlist.net\/de\/wp-json\/wp\/v2\/pages\/9760"}],"wp:attachment":[{"href":"https:\/\/www.thepornlist.net\/de\/wp-json\/wp\/v2\/media?parent=10030"}],"wp:term":[{"taxonomy":"post_tag","embeddable":true,"href":"https:\/\/www.thepornlist.net\/de\/wp-json\/wp\/v2\/tags?post=10030"}],"curies":[{"name":"wp","href":"https:\/\/api.w.org\/{rel}","templated":true}]}}