{"id":10040,"date":"2015-12-05T19:39:44","date_gmt":"2015-12-05T19:39:44","guid":{"rendered":"https:\/\/www.thepornlist.net\/de\/hentai-porn-list\/asmhentai\/"},"modified":"2019-05-24T13:34:27","modified_gmt":"2019-05-24T13:34:27","slug":"asmhentai","status":"publish","type":"page","link":"https:\/\/www.thepornlist.net\/de\/hentai-porn-list\/asmhentai\/","title":{"rendered":"asmhentai.com"},"content":{"rendered":"<div class=\"pb\">\n<div class=\"hd\">\n<a href=\"https:\/\/www.thepornlist.net\/de\/\" base target=\"_self\">Zur\u00fcck zur Startseite<\/a>\n<\/div>\n<div class=\"hd2\">\n<span style=\"font-size:24px;font-style:normal;font-weight:bold;\">Seitenbewertung<\/span>\n<\/div>\n<\/div>\n<div style=\"width:100%; height:450px; margin-left:auto; margin-right:auto; clear:both;z-index:1; padding-top:5px; border-radius: 2px;\">\n<div class=\"reviewimg\">\n<p><a href=\"https:\/\/asmhentai.com\/\" rel=\"nofollow\" base target=\"_self\"><img decoding=\"async\" src=\"https:\/\/www.thepornlist.net\/wp-content\/uploads\/2015\/review\/asmhentai.jpg\" width=\"500\" height=\"500\" alt=\"Porn Tube\"><\/a><\/p>\n<\/div>\n<div class=\"reviewtitle\">\n<h1 style=\"font-family:Arial;font-size:56px;font-style:normal;font-weight:bold;color:#FF1F78;\">asmhentai<\/h1>\n<\/div>\n<div class=\"reviewsub\">\n<h2 style=\"font-size:14px;font-style:normal;font-weight:bold;\">asmhentai.com<\/H2>\n<\/div>\n<div class=\"reviewtext\">\n<span style=\"font-size:16px;font-style:normal;\">Willkommen bei ASMHentai.com, einer netten Porno Webseite auf der Hentai Pornos ihr Zuhause gefunden haben. Und wenn ich Zuhause sage, sollte ich Schloss sagen denn zum Zeitpunkt dieser Bewertung gibt es 7.148 Seiten. Daf\u00fcr braucht man eine Menge Platz und deswegen ist ASMHentai ein Porno Ort an dem sich Hentai Unterhaltung f\u00fcr Erwachsene wie in einem Schloss f\u00fchlt. Nicht das vom Playboy!<\/br><\/p>\n<p>Das Layout sieht klasse aus und es ist einfach genug um nicht deine Augen oder deine Fingerspitzen umzubringen. Das erste hier ist die Navigationsleiste und du hast \u00fcber sie Zugang zu zuf\u00e4llig ausgew\u00e4hlten Sachen, Parodien, einer Schlagwort Wolke, Charakteren und K\u00fcnstlern. Du hast dort auch einen Kasten mit einer Suchfunktion, den du benutzen kannst wenn du ein paar Schl\u00fcsselworte hast, die dir helfen k\u00f6nnen den Inhalt zu finden, den du sehen willst. Wenn du einen Account registrieren willst um an diesem Ort interagieren zu k\u00f6nnen, kannst du das tun indem du die \u201eRegistrieren\u201c Schaltfl\u00e4che dazu benutzt, die du in der oberen rechten Ecke der Seite finden kannst. Es ist kostenlos, also verschwende keine weitere Sekunde damit es nicht zu tun. Der Link zum einloggen befindet sich ebenfalls dort.<\/br> <\/p>\n<p>Wenn du eine gute Porno Webseite aus der Hentai Nische willst, besuche ASMHentai.<br \/>\n<\/span>\n<\/div>\n<div class=\"reviewsiteurl\">\n<a href=\"https:\/\/asmhentai.com\/\" rel=\"nofollow\" base target=\"_self\"><span style=\"font-size:32px;font-style:normal;font-weight:bold;text-decoration:underline;\">Hier klicken, um die webseite zu besuchen <\/span><\/a>\n<\/div>\n<\/div>\n","protected":false},"excerpt":{"rendered":"<p>Zur\u00fcck zur Startseite Seitenbewertung asmhentai asmhentai.com Willkommen bei ASMHentai.com, einer netten Porno Webseite auf der Hentai Pornos ihr Zuhause gefunden haben. Und wenn ich Zuhause sage, sollte ich Schloss sagen denn zum Zeitpunkt dieser Bewertung gibt es 7.148 Seiten. Daf\u00fcr braucht man eine Menge Platz und deswegen ist ASMHentai ein Porno Ort an dem sich <a href='https:\/\/www.thepornlist.net\/de\/hentai-porn-list\/asmhentai\/' class='excerpt-more'>[&#8230;]<\/a><\/p>\n","protected":false},"author":1,"featured_media":0,"parent":9754,"menu_order":15110,"comment_status":"closed","ping_status":"closed","template":"0-autofill-tpl-template.php","meta":{"_acf_changed":false,"footnotes":""},"tags":[],"acf":[],"aioseo_notices":[],"_links":{"self":[{"href":"https:\/\/www.thepornlist.net\/de\/wp-json\/wp\/v2\/pages\/10040"}],"collection":[{"href":"https:\/\/www.thepornlist.net\/de\/wp-json\/wp\/v2\/pages"}],"about":[{"href":"https:\/\/www.thepornlist.net\/de\/wp-json\/wp\/v2\/types\/page"}],"author":[{"embeddable":true,"href":"https:\/\/www.thepornlist.net\/de\/wp-json\/wp\/v2\/users\/1"}],"replies":[{"embeddable":true,"href":"https:\/\/www.thepornlist.net\/de\/wp-json\/wp\/v2\/comments?post=10040"}],"version-history":[{"count":0,"href":"https:\/\/www.thepornlist.net\/de\/wp-json\/wp\/v2\/pages\/10040\/revisions"}],"up":[{"embeddable":true,"href":"https:\/\/www.thepornlist.net\/de\/wp-json\/wp\/v2\/pages\/9754"}],"wp:attachment":[{"href":"https:\/\/www.thepornlist.net\/de\/wp-json\/wp\/v2\/media?parent=10040"}],"wp:term":[{"taxonomy":"post_tag","embeddable":true,"href":"https:\/\/www.thepornlist.net\/de\/wp-json\/wp\/v2\/tags?post=10040"}],"curies":[{"name":"wp","href":"https:\/\/api.w.org\/{rel}","templated":true}]}}