{"id":10043,"date":"2015-12-01T11:19:15","date_gmt":"2015-12-01T11:19:15","guid":{"rendered":"https:\/\/www.thepornlist.net\/de\/porn-tube-sites\/nudevista\/"},"modified":"2020-11-07T10:35:54","modified_gmt":"2020-11-07T10:35:54","slug":"nudevista","status":"publish","type":"page","link":"https:\/\/www.thepornlist.net\/de\/porn-tube-sites\/nudevista\/","title":{"rendered":"Nudevista"},"content":{"rendered":"<div class=\"pb\">\n<div class=\"hd\">\n<a href=\"https:\/\/www.thepornlist.net\/de\/\" base target=\"_self\" rel=\"noopener noreferrer\">Zur\u00fcck zur Startseite<\/a>\n<\/div>\n<div class=\"hd2\">\n<span style=\"font-style:normal;font-weight:bold;\">Seitenbewertung<\/span>\n<\/div>\n<\/div>\n<div style=\"width:100%; margin-left:auto; margin-right:auto; clear:both;z-index:1; padding-top:5px; border-radius: 2px;\">\n<div class=\"reviewimg\">\n<p><a href=\"https:\/\/www.nudevista.com\/\" base target=\"_self\" rel=\"noopener noreferrer\"><img decoding=\"async\" src=\"https:\/\/www.thepornlist.net\/wp-content\/uploads\/2015\/review\/nudevista.jpg\" width=\"500\" height=\"500\" alt=\"Porn Tube\"><\/a><\/p>\n<p><a href=\"https:\/\/www.nudevista.com\/\" base target=\"_self\" rel=\"noopener noreferrer\"><span style=\"font-size:32px;font-style:normal;font-weight:bold;text-decoration:underline;\">Hier klicken, um die webseite zu besuchen <\/span><\/a>\n<\/div>\n<div class=\"reviewtitle\">\n<h1 style=\"font-family:Arial;font-size:56px;font-style:normal;font-weight:bold;color:#FF1F78;\">Nudevista<\/h1>\n<\/div>\n<div class=\"reviewsub\">\n<h2 style=\"font-size:14px;font-style:normal;font-weight:bold;\">Nudevista.com<\/H2>\n<\/div>\n<div class=\"reviewtext\">\n<span style=\"font-size:16px;font-style:normal;\">Wir alle kennen Google und wir alle kennen seine Meinung und Einstellung wenn es um Pornos geht. Aber keine Angst mehr, es gibt andere Optionen, die du nutzen kannst, um dich nach den besten Pornos umzusehen \u2013 Porno Suchmaschinen. NudeVista.com ist eine Suchseite f\u00fcr Erwachsene, die es dir erlaubt nach allem zu suchen, was du deine schmutzige Fantasie sich w\u00fcnscht. Sie ist eine der besten und darum hat NudeVista es in unsere Liste mit gro\u00dfartigen Porno Zielen geschafft. <\/br><\/p>\n<p>Betritt die Homepage und du wirst ein B\u00fcndel an Vorschaubildern sehen, die dir zuwinken. In der Kopfleiste, wie bei jeder seri\u00f6sen Suchmaschine, wirst du den Kasten f\u00fcr die Suche finden. Schreibe deine Schl\u00fcsselw\u00f6rter rein und dr\u00fcck den Knopf \u2013 deine Tr\u00e4ume werden wahr! Sie haben \u00fcber 13 Millionen Videos in diesem Moment und \u00fcber 27.000 Models in ihrem Verzeichnis. Es wird sicher noch mehr werden \u2013 ich bin mir sicher. <\/br><\/p>\n<p>Wenn du auf die Verzeichnis Schaltfl\u00e4che klickst, wirst du andere Suchen wie Amateur (Freundin, selbstgedreht, h\u00e4sslich), Analsex (Creampie, offen stehend) Asiatinnen, Arsch, Babes, BBW, BDSM, Bikini, Blondinen, Ber\u00fchmtheiten, Cumshot, Erotik, ethnisch, Fetisch, Fisting, schwanger, \u00f6ffentlich, Muschi Rothaarige, Sexspielzeuge, und noch viele mehr finden. Vertrau mir, du musst es verwenden!<br \/>\n<\/span>\n<\/div>\n<\/div>\n","protected":false},"excerpt":{"rendered":"<p>Zur\u00fcck zur Startseite Seitenbewertung Hier klicken, um die webseite zu besuchen Nudevista Nudevista.com Wir alle kennen Google und wir alle kennen seine Meinung und Einstellung wenn es um Pornos geht. Aber keine Angst mehr, es gibt andere Optionen, die du nutzen kannst, um dich nach den besten Pornos umzusehen \u2013 Porno Suchmaschinen. NudeVista.com ist eine <a href='https:\/\/www.thepornlist.net\/de\/porn-tube-sites\/nudevista\/' class='excerpt-more'>[&#8230;]<\/a><\/p>\n","protected":false},"author":1,"featured_media":0,"parent":9407,"menu_order":46190,"comment_status":"closed","ping_status":"closed","template":"0-autofill-tpl-template.php","meta":{"_acf_changed":false,"footnotes":""},"tags":[],"acf":[],"aioseo_notices":[],"_links":{"self":[{"href":"https:\/\/www.thepornlist.net\/de\/wp-json\/wp\/v2\/pages\/10043"}],"collection":[{"href":"https:\/\/www.thepornlist.net\/de\/wp-json\/wp\/v2\/pages"}],"about":[{"href":"https:\/\/www.thepornlist.net\/de\/wp-json\/wp\/v2\/types\/page"}],"author":[{"embeddable":true,"href":"https:\/\/www.thepornlist.net\/de\/wp-json\/wp\/v2\/users\/1"}],"replies":[{"embeddable":true,"href":"https:\/\/www.thepornlist.net\/de\/wp-json\/wp\/v2\/comments?post=10043"}],"version-history":[{"count":0,"href":"https:\/\/www.thepornlist.net\/de\/wp-json\/wp\/v2\/pages\/10043\/revisions"}],"up":[{"embeddable":true,"href":"https:\/\/www.thepornlist.net\/de\/wp-json\/wp\/v2\/pages\/9407"}],"wp:attachment":[{"href":"https:\/\/www.thepornlist.net\/de\/wp-json\/wp\/v2\/media?parent=10043"}],"wp:term":[{"taxonomy":"post_tag","embeddable":true,"href":"https:\/\/www.thepornlist.net\/de\/wp-json\/wp\/v2\/tags?post=10043"}],"curies":[{"name":"wp","href":"https:\/\/api.w.org\/{rel}","templated":true}]}}