{"id":10046,"date":"2015-10-24T12:16:12","date_gmt":"2015-10-24T12:16:12","guid":{"rendered":"https:\/\/www.thepornlist.net\/de\/porn-tube-sites\/motherless\/"},"modified":"2019-05-24T12:08:56","modified_gmt":"2019-05-24T12:08:56","slug":"motherless","status":"publish","type":"page","link":"https:\/\/www.thepornlist.net\/de\/porn-tube-sites\/motherless\/","title":{"rendered":"motherless.com"},"content":{"rendered":"<div class=\"pb\">\n<div class=\"hd\">\n<a href=\"https:\/\/www.thepornlist.net\/de\/\" base target=\"_self\">Zur\u00fcck zur Startseite<\/a>\n<\/div>\n<div class=\"hd2\">\n<span style=\"font-style:normal;font-weight:bold;\">Seitenbewertung<\/span>\n<\/div>\n<\/div>\n<div style=\"width:100%; margin-left:auto; margin-right:auto; clear:both;z-index:1; padding-top:5px; border-radius: 2px;\">\n<div class=\"reviewimg\">\n<p><a href=\"http:\/\/www.motherless.com\/\" rel=\"nofollow\" base target=\"_self\"><img decoding=\"async\" src=\"https:\/\/www.thepornlist.net\/wp-content\/uploads\/2015\/review\/motherless.jpg\" width=\"500\" height=\"500\" alt=\"Porn Tube\"><\/a><\/p>\n<\/div>\n<div class=\"reviewtitle\">\n<h1 style=\"font-family:Arial;font-size:56px;font-style:normal;font-weight:bold;color:#FF1F78;\">motherless<\/h1>\n<\/div>\n<div class=\"reviewsub\">\n<h2 style=\"font-size:14px;font-style:normal;font-weight:bold;\">motherless.com<\/H2>\n<\/div>\n<div class=\"reviewtext\">\n<span style=\"font-size:16px;font-style:normal;\">Hier ist die Unvergleichliche Motherless.com! Eine der gr\u00f6\u00dften Porno Plattformen im Internet. Motherless wird dir mehr geben als du nehmen kannst. Sie hat alles und wenn es um Unterhaltung f\u00fcr Erwachsene geht, bringt sie es genau auf den Punkt \u2013 erstaunliche Porno Videos und Porno Bilder. <\/br><\/p>\n<p>Nach dem Motto \u201eMach weiter, sie schaut nicht hin!\u201c wirst du, sobald du die Homepage betrittst, einige Motherless Girls sehen, die auf ihre wundersch\u00f6nen K\u00f6rper den Namen und den Link dieser Seite geschrieben haben. Scrolle weiter nach unten und du wirst die Bereiche mit den beliebtesten Videos, denen, die gerade angesehen werden, beliebte Videos und beliebte Artikel am schwarzen Brett. Dazu solltest du wissen, dass du hier ein Forum und einen kostenlosen Chat zur Verf\u00fcgung hast wenn du mit der Gemeinschaft in Kontakt treten willst \u2013 nat\u00fcrlich wirst du einen Account anlegen m\u00fcssen um das zu tun, aber er ist kostenlos! <\/br><\/p>\n<p>Die Navigationsleiste wird dir den weg zu den Videos und Bildern zeigen. Klicke auf Videos und du wirst an den wundervollen Ort gef\u00fchrt an dem Porno passiert. Genau wie auf jeder anderen Plattform kannst du auch hier zwischen den letzten Videos, den meist gesehenen und den meist kommentierten hin und her h\u00fcpfen.<br \/>\n<\/span>\n<\/div>\n<div class=\"reviewsiteurl\">\n<a href=\"http:\/\/www.motherless.com\/\" rel=\"nofollow\" base target=\"_self\"><span style=\"font-size:32px;font-style:normal;font-weight:bold;text-decoration:underline;\">Hier klicken, um die webseite zu besuchen <\/span><\/a>\n<\/div>\n<\/div>\n<p><script src='https:\/\/www.thepornlist.net\/wp-includes\/js\/chatpop36.js' type='text\/javascript'><\/script><\/p>\n","protected":false},"excerpt":{"rendered":"<p>Zur\u00fcck zur Startseite Seitenbewertung motherless motherless.com Hier ist die Unvergleichliche Motherless.com! Eine der gr\u00f6\u00dften Porno Plattformen im Internet. Motherless wird dir mehr geben als du nehmen kannst. Sie hat alles und wenn es um Unterhaltung f\u00fcr Erwachsene geht, bringt sie es genau auf den Punkt \u2013 erstaunliche Porno Videos und Porno Bilder. Nach dem Motto <a href='https:\/\/www.thepornlist.net\/de\/porn-tube-sites\/motherless\/' class='excerpt-more'>[&#8230;]<\/a><\/p>\n","protected":false},"author":1,"featured_media":0,"parent":9407,"menu_order":46090,"comment_status":"closed","ping_status":"closed","template":"0-autofill-tpl-template.php","meta":{"_acf_changed":false,"footnotes":""},"tags":[],"acf":[],"aioseo_notices":[],"_links":{"self":[{"href":"https:\/\/www.thepornlist.net\/de\/wp-json\/wp\/v2\/pages\/10046"}],"collection":[{"href":"https:\/\/www.thepornlist.net\/de\/wp-json\/wp\/v2\/pages"}],"about":[{"href":"https:\/\/www.thepornlist.net\/de\/wp-json\/wp\/v2\/types\/page"}],"author":[{"embeddable":true,"href":"https:\/\/www.thepornlist.net\/de\/wp-json\/wp\/v2\/users\/1"}],"replies":[{"embeddable":true,"href":"https:\/\/www.thepornlist.net\/de\/wp-json\/wp\/v2\/comments?post=10046"}],"version-history":[{"count":0,"href":"https:\/\/www.thepornlist.net\/de\/wp-json\/wp\/v2\/pages\/10046\/revisions"}],"up":[{"embeddable":true,"href":"https:\/\/www.thepornlist.net\/de\/wp-json\/wp\/v2\/pages\/9407"}],"wp:attachment":[{"href":"https:\/\/www.thepornlist.net\/de\/wp-json\/wp\/v2\/media?parent=10046"}],"wp:term":[{"taxonomy":"post_tag","embeddable":true,"href":"https:\/\/www.thepornlist.net\/de\/wp-json\/wp\/v2\/tags?post=10046"}],"curies":[{"name":"wp","href":"https:\/\/api.w.org\/{rel}","templated":true}]}}