{"id":10057,"date":"2015-09-25T13:07:21","date_gmt":"2015-09-25T13:07:21","guid":{"rendered":"https:\/\/www.thepornlist.net\/de\/jav-porn-sites\/javpink\/"},"modified":"2019-05-16T09:44:59","modified_gmt":"2019-05-16T09:44:59","slug":"javpink","status":"publish","type":"page","link":"https:\/\/www.thepornlist.net\/de\/jav-porn-sites\/javpink\/","title":{"rendered":"javpink.com"},"content":{"rendered":"<div class=\"pb\">\n<div class=\"hd\">\n<a href=\"https:\/\/www.thepornlist.net\/de\/\" base target=\"_self\">Zur\u00fcck zur Startseite<\/a>\n<\/div>\n<div class=\"hd2\">\n<span style=\"font-style:normal;font-weight:bold;\">Seitenbewertung<\/span>\n<\/div>\n<\/div>\n<div style=\"width:100%; margin-left:auto; margin-right:auto; clear:both;z-index:1; padding-top:5px; border-radius: 2px;\">\n<div class=\"reviewimg\">\n<p><a href=\"http:\/\/javpink.com\/\" rel=\"nofollow\" base target=\"_self\"><img decoding=\"async\" src=\"https:\/\/www.thepornlist.net\/wp-content\/uploads\/2015\/review\/javpink.jpg\" width=\"500\" height=\"500\" alt=\"Porn Tube\"><\/a><\/p>\n<\/div>\n<div class=\"reviewtitle\">\n<h1 style=\"font-family:Arial;font-size:56px;font-style:normal;font-weight:bold;color:#FF1F78;\">javpink<\/h1>\n<\/div>\n<div class=\"reviewsub\">\n<h2 style=\"font-size:14px;font-style:normal;font-weight:bold;\">javpink.com<\/H2>\n<\/div>\n<div class=\"reviewtext\">\n<span style=\"font-size:16px;font-style:normal;\">JAVPink.com ist eine unzensierte Sammlung von japanischen Porno Videos. Es sieht wie ein Blog aus und es ist in einer Mischung aus englisch und japanisch geschrieben. Ich werde sicherstellen, dir eine komplette Anleitung zu geben, damit du verstehst, welche Schritte du machen musst um zu gew\u00e4hrleisten, dass du alles genie\u00dfen wirst, was du hinter dieser Homepage finden wirst.<\/br><\/p>\n<p>Sobald du die Seite betrittst, wirst du die letzten Ver\u00f6ffentlichungen sehen. Zu jedem Post bekommst du gro\u00dfe Vorschaubilder auf denen du einen Blick auf die Action werfen kannst, die im Video stattfindet. Wenn du wei\u00dft, was du sehen willst, klicke auf den Titel \u2013 du wirst zu der Seite geleitet, auf der sich der Post befindet. Vergiss die Details, die auf japanisch da stehen, indem du nach unten scrollst bis du die Download Links siehst. Klicke auf irgendeinen \u2013 du hast Optionen von Hosting Webseiten wie RapidGator.net, AlfaFile.net, NitroFlare.com, DataFile.com oder Uploaded.ch. Unter diesen Links wirst du in Verbindung stehende Posts sehen, f\u00fcr den Fall, dass du mehr Ver\u00f6ffentlichungen wie die, die du im Begriff bist downzuloaden, m\u00f6chtest. Es kostet nichts das zu tun aber die \u00dcbertragungsgeschwindigkeit wird gering sein. F\u00fcr h\u00f6here Geschwindigkeiten, wirst du einen Premium Account ben\u00f6tigen.<br \/>\n<\/span>\n<\/div>\n<div class=\"reviewsiteurl\">\n<a href=\"http:\/\/javpink.com\/\" rel=\"nofollow\" base target=\"_self\"><span style=\"font-size:32px;font-style:normal;font-weight:bold;text-decoration:underline;\">Hier klicken, um die webseite zu besuchen <\/span><\/a>\n<\/div>\n<\/div>\n","protected":false},"excerpt":{"rendered":"<p>Zur\u00fcck zur Startseite Seitenbewertung javpink javpink.com JAVPink.com ist eine unzensierte Sammlung von japanischen Porno Videos. Es sieht wie ein Blog aus und es ist in einer Mischung aus englisch und japanisch geschrieben. Ich werde sicherstellen, dir eine komplette Anleitung zu geben, damit du verstehst, welche Schritte du machen musst um zu gew\u00e4hrleisten, dass du alles <a href='https:\/\/www.thepornlist.net\/de\/jav-porn-sites\/javpink\/' class='excerpt-more'>[&#8230;]<\/a><\/p>\n","protected":false},"author":1,"featured_media":0,"parent":9761,"menu_order":32590,"comment_status":"closed","ping_status":"closed","template":"0-autofill-tpl-template.php","meta":{"_acf_changed":false,"footnotes":""},"tags":[],"acf":[],"aioseo_notices":[],"_links":{"self":[{"href":"https:\/\/www.thepornlist.net\/de\/wp-json\/wp\/v2\/pages\/10057"}],"collection":[{"href":"https:\/\/www.thepornlist.net\/de\/wp-json\/wp\/v2\/pages"}],"about":[{"href":"https:\/\/www.thepornlist.net\/de\/wp-json\/wp\/v2\/types\/page"}],"author":[{"embeddable":true,"href":"https:\/\/www.thepornlist.net\/de\/wp-json\/wp\/v2\/users\/1"}],"replies":[{"embeddable":true,"href":"https:\/\/www.thepornlist.net\/de\/wp-json\/wp\/v2\/comments?post=10057"}],"version-history":[{"count":0,"href":"https:\/\/www.thepornlist.net\/de\/wp-json\/wp\/v2\/pages\/10057\/revisions"}],"up":[{"embeddable":true,"href":"https:\/\/www.thepornlist.net\/de\/wp-json\/wp\/v2\/pages\/9761"}],"wp:attachment":[{"href":"https:\/\/www.thepornlist.net\/de\/wp-json\/wp\/v2\/media?parent=10057"}],"wp:term":[{"taxonomy":"post_tag","embeddable":true,"href":"https:\/\/www.thepornlist.net\/de\/wp-json\/wp\/v2\/tags?post=10057"}],"curies":[{"name":"wp","href":"https:\/\/api.w.org\/{rel}","templated":true}]}}