{"id":10096,"date":"2015-09-15T13:15:29","date_gmt":"2015-09-15T13:15:29","guid":{"rendered":"https:\/\/www.thepornlist.net\/de\/hentai-porn-list\/hentaicore\/"},"modified":"2019-05-24T13:35:49","modified_gmt":"2019-05-24T13:35:49","slug":"hentaicore","status":"publish","type":"page","link":"https:\/\/www.thepornlist.net\/de\/hentai-porn-list\/hentaicore\/","title":{"rendered":"hentaicore.net"},"content":{"rendered":"<div class=\"pb\">\n<div class=\"hd\">\n<a href=\"https:\/\/www.thepornlist.net\/de\/\" base target=\"_self\">Zur\u00fcck zur Startseite<\/a>\n<\/div>\n<div class=\"hd2\">\n<span style=\"font-style:normal;font-weight:bold;\">Seitenbewertung<\/span>\n<\/div>\n<\/div>\n<div style=\"width:100%; margin-left:auto; margin-right:auto; clear:both;z-index:1; padding-top:5px; border-radius: 2px;\">\n<div class=\"reviewimg\">\n<p><a href=\"http:\/\/www.hentaicore.net\/\" rel=\"nofollow\" base target=\"_self\"><img decoding=\"async\" src=\"https:\/\/www.thepornlist.net\/wp-content\/uploads\/2015\/review\/hentaicore.jpg\" width=\"500\" height=\"500\" alt=\"Porn Tube\"><\/a><\/p>\n<\/div>\n<div class=\"reviewtitle\">\n<h1 style=\"font-family:Arial;font-size:56px;font-style:normal;font-weight:bold;color:#FF1F78;\">hentaicore<\/h1>\n<\/div>\n<div class=\"reviewsub\">\n<h2 style=\"font-size:14px;font-style:normal;font-weight:bold;\">hentaicore.net<\/H2>\n<\/div>\n<div class=\"reviewtext\">\n<span style=\"font-size:16px;font-style:normal;\">HentaiCore ist noch ein toller Ort f\u00fcr alle Hentai Liebhaber um einige echte Inhalte f\u00fcr Erwachsene aus dieser Nische zu genie\u00dfen. Die Seite hat ein Design wie ein Blog, aber das gesamte Layout sieht f\u00fcr mich gut aus. Wie auch bei anderen Hentai Plattformen ist HentaiCore.com eine Kombination aus englisch und japanisch aber das wird kein Problem f\u00fcr dich sein \u2013 du wirst verstehen k\u00f6nnen, was du hier findest, wie du es herunterladen kannst und so weiter.<\/br> <\/p>\n<p>Du wirst japanische Arbeiten finden, die neuesten Doujins, H-Mangas, H-Anim\u00e9s, HCG und mehr. Du kannst alles kostenlos herunterladen, aber wenn du h\u00f6here Geschwindigkeiten willst wenn du die Sachen herunterl\u00e4dst oder andere spezielle Optionen, wirst du eine Premium Mitgliedschaft bei einer der Hosting Gesellschaften kaufen m\u00fcssen, die die hier ver\u00f6ffentlichten Inhalte lagert. Nichts Neues \u2013 das ist die Idee auf der diese Art von Porno Plattformen basieren.<\/br> <\/p>\n<p>Die Kategorien sind: K\u00fcnstler Paket, Comiket, H-Anim\u00e9s, H-Audio, H-Doujinshi, H-Spiele, H-Mangas, H-Pakete, HCG, Hentai und Nicht Hentai Kunstbuch und Novelle. F\u00fcr echte Fans lassen diese Tittel die Sonne am Himmel aufgehen. Du wirst deine Suche auch dadurch filtern k\u00f6nnen, dass du die Schlagwort Wolke verwendest: anal, Anthologie, gro\u00dfe Br\u00fcste, Bondage, Futanari, Dienstm\u00e4dchen, schwanger, Dreier, Jungfrau, Ehefrau und noch viele andere. Besuchen?<br \/>\n<\/span>\n<\/div>\n<div class=\"reviewsiteurl\">\n<a href=\"http:\/\/www.hentaicore.net\/\" rel=\"nofollow\" base target=\"_self\"><span style=\"font-size:32px;font-style:normal;font-weight:bold;text-decoration:underline;\">Hier klicken, um die webseite zu besuchen <\/span><\/a>\n<\/div>\n<\/div>\n","protected":false},"excerpt":{"rendered":"<p>Zur\u00fcck zur Startseite Seitenbewertung hentaicore hentaicore.net HentaiCore ist noch ein toller Ort f\u00fcr alle Hentai Liebhaber um einige echte Inhalte f\u00fcr Erwachsene aus dieser Nische zu genie\u00dfen. Die Seite hat ein Design wie ein Blog, aber das gesamte Layout sieht f\u00fcr mich gut aus. Wie auch bei anderen Hentai Plattformen ist HentaiCore.com eine Kombination aus <a href='https:\/\/www.thepornlist.net\/de\/hentai-porn-list\/hentaicore\/' class='excerpt-more'>[&#8230;]<\/a><\/p>\n","protected":false},"author":1,"featured_media":0,"parent":9754,"menu_order":21830,"comment_status":"closed","ping_status":"closed","template":"0-autofill-tpl-template.php","meta":{"_acf_changed":false,"footnotes":""},"tags":[],"acf":[],"aioseo_notices":[],"_links":{"self":[{"href":"https:\/\/www.thepornlist.net\/de\/wp-json\/wp\/v2\/pages\/10096"}],"collection":[{"href":"https:\/\/www.thepornlist.net\/de\/wp-json\/wp\/v2\/pages"}],"about":[{"href":"https:\/\/www.thepornlist.net\/de\/wp-json\/wp\/v2\/types\/page"}],"author":[{"embeddable":true,"href":"https:\/\/www.thepornlist.net\/de\/wp-json\/wp\/v2\/users\/1"}],"replies":[{"embeddable":true,"href":"https:\/\/www.thepornlist.net\/de\/wp-json\/wp\/v2\/comments?post=10096"}],"version-history":[{"count":0,"href":"https:\/\/www.thepornlist.net\/de\/wp-json\/wp\/v2\/pages\/10096\/revisions"}],"up":[{"embeddable":true,"href":"https:\/\/www.thepornlist.net\/de\/wp-json\/wp\/v2\/pages\/9754"}],"wp:attachment":[{"href":"https:\/\/www.thepornlist.net\/de\/wp-json\/wp\/v2\/media?parent=10096"}],"wp:term":[{"taxonomy":"post_tag","embeddable":true,"href":"https:\/\/www.thepornlist.net\/de\/wp-json\/wp\/v2\/tags?post=10096"}],"curies":[{"name":"wp","href":"https:\/\/api.w.org\/{rel}","templated":true}]}}