{"id":10098,"date":"2015-09-14T10:29:20","date_gmt":"2015-09-14T10:29:20","guid":{"rendered":"https:\/\/www.thepornlist.net\/de\/gay-porn-list\/cameraboys\/"},"modified":"2019-05-16T11:44:07","modified_gmt":"2019-05-16T11:44:07","slug":"cameraboys","status":"publish","type":"page","link":"https:\/\/www.thepornlist.net\/de\/gay-porno-seiten\/cameraboys\/","title":{"rendered":"cameraboys.com"},"content":{"rendered":"<div class=\"pb\">\n<div class=\"hd\">\n<a href=\"https:\/\/www.thepornlist.net\/de\/\" base target=\"_self\">Zur\u00fcck zur Startseite<\/a>\n<\/div>\n<div class=\"hd2\">\n<span style=\"font-style:normal;font-weight:bold;\">Seitenbewertung<\/span>\n<\/div>\n<\/div>\n<div style=\"width:100%; margin-left:auto; margin-right:auto; clear:both;z-index:1; padding-top:5px; border-radius: 2px;\">\n<div class=\"reviewimg\">\n<p><a href=\"http:\/\/jmp.awempire.com\/?siteId=cmb&amp;categoryName=&#038;pageName=home&#038;performerName=&#038;prm[psid]=thepornlist&#038;prm[pstool]=205_1&#038;prm[psprogram]=pps&#038;prm[campaign_id]=&amp;subAffId={SUBAFFID}\" rel=\"nofollow\" base target=\"_self\"><img decoding=\"async\" src=\"https:\/\/www.thepornlist.net\/wp-content\/uploads\/2015\/review\/cameraboys.jpg\" width=\"500\" height=\"500\" alt=\"Porn Tube\"><\/a><\/p>\n<\/div>\n<div class=\"reviewtitle\">\n<h1 style=\"font-family:Arial;font-size:56px;font-style:normal;font-weight:bold;color:#FF1F78;\">cameraboys<\/h1>\n<\/div>\n<div class=\"reviewsub\">\n<h2 style=\"font-size:14px;font-style:normal;font-weight:bold;\">cameraboys.com<\/H2>\n<\/div>\n<div class=\"reviewtext\">\n<span style=\"font-size:16px;font-style:normal;\">Du brauchst meine Bewertung nicht wirklich um zu verstehen, was du unter dem Namen CameraBoys.com finden wirst. Ich finde, dass es ziemlich offensichtlich ist, richtig? Nun, selbst wenn es so ist, ich werde emien Meinung \u00fcber diesen Ort mit dir teilen.<\/br><\/p>\n<p>Willkommen bei CameraBoys.com \u2013 deine Haltepunkt f\u00fcr schwule live Action, schwule Cams, Webcam Boys und Cams mit schwulen Paaren. Du wirst hier einen kostenlosen Chat haben, kostenlos nackt Cams,aus Nischen wie wei\u00df, Latina, Asiat, schwarz, hei\u00df und nackt, masturbieren, jung und Teenager \u00fcber 18, Daddy und reif, muskul\u00f6s und kr\u00e4ftig, jung und d\u00fcnn, dick, fett und mollig, Arsch und Analsex, Leder und Fetisch, Smoking Porno, Rollenspiel und Sklave, Sperma und Orgasmus, Stripper und T\u00e4nzer und, warum nicht, Tattoo. Wenn du nicht wei\u00dft, was du dir ansehen willst, klicke auf den gro\u00dfen gelben Schalter unterhalb der Kategorien und du wirst die einmalige und einzigartige M\u00f6glichkeit haben alle Darsteller zu sehen.<\/br> <\/p>\n<p>Wenn du vorbei schaust, bekommst du 10 private Scharfmacher kostenlos \u2013 nett, oder? Es scheint als ob HornyJerry gerade online ist, wenn du also auf der Suche nach einem geilen schwulen Abenteuer bist, wird Jerry dein eigener privater Begleiter f\u00fcr heute. Du magst das? Besuch sie, es bleibt geheim!<br \/>\n<\/span>\n<\/div>\n<div class=\"reviewsiteurl\">\n<a href=\"http:\/\/jmp.awempire.com\/?siteId=cmb&amp;categoryName=&#038;pageName=home&#038;performerName=&#038;prm[psid]=thepornlist&#038;prm[pstool]=205_1&#038;prm[psprogram]=pps&#038;prm[campaign_id]=&amp;subAffId={SUBAFFID}\" rel=\"nofollow\" base target=\"_self\"><span style=\"font-size:32px;font-style:normal;font-weight:bold;text-decoration:underline;\">Hier klicken, um die webseite zu besuchen <\/span><\/a>\n<\/div>\n<\/div>\n","protected":false},"excerpt":{"rendered":"<p>Zur\u00fcck zur Startseite Seitenbewertung cameraboys cameraboys.com Du brauchst meine Bewertung nicht wirklich um zu verstehen, was du unter dem Namen CameraBoys.com finden wirst. Ich finde, dass es ziemlich offensichtlich ist, richtig? Nun, selbst wenn es so ist, ich werde emien Meinung \u00fcber diesen Ort mit dir teilen. Willkommen bei CameraBoys.com \u2013 deine Haltepunkt f\u00fcr schwule <a href='https:\/\/www.thepornlist.net\/de\/gay-porno-seiten\/cameraboys\/' class='excerpt-more'>[&#8230;]<\/a><\/p>\n","protected":false},"author":1,"featured_media":0,"parent":9753,"menu_order":11930,"comment_status":"closed","ping_status":"closed","template":"0-autofill-tpl-template.php","meta":{"_acf_changed":false,"footnotes":""},"tags":[],"acf":[],"aioseo_notices":[],"_links":{"self":[{"href":"https:\/\/www.thepornlist.net\/de\/wp-json\/wp\/v2\/pages\/10098"}],"collection":[{"href":"https:\/\/www.thepornlist.net\/de\/wp-json\/wp\/v2\/pages"}],"about":[{"href":"https:\/\/www.thepornlist.net\/de\/wp-json\/wp\/v2\/types\/page"}],"author":[{"embeddable":true,"href":"https:\/\/www.thepornlist.net\/de\/wp-json\/wp\/v2\/users\/1"}],"replies":[{"embeddable":true,"href":"https:\/\/www.thepornlist.net\/de\/wp-json\/wp\/v2\/comments?post=10098"}],"version-history":[{"count":0,"href":"https:\/\/www.thepornlist.net\/de\/wp-json\/wp\/v2\/pages\/10098\/revisions"}],"up":[{"embeddable":true,"href":"https:\/\/www.thepornlist.net\/de\/wp-json\/wp\/v2\/pages\/9753"}],"wp:attachment":[{"href":"https:\/\/www.thepornlist.net\/de\/wp-json\/wp\/v2\/media?parent=10098"}],"wp:term":[{"taxonomy":"post_tag","embeddable":true,"href":"https:\/\/www.thepornlist.net\/de\/wp-json\/wp\/v2\/tags?post=10098"}],"curies":[{"name":"wp","href":"https:\/\/api.w.org\/{rel}","templated":true}]}}