{"id":10099,"date":"2015-09-14T10:29:05","date_gmt":"2015-09-14T10:29:05","guid":{"rendered":"https:\/\/www.thepornlist.net\/de\/gay-porn-list\/baitbus\/"},"modified":"2019-05-16T11:44:01","modified_gmt":"2019-05-16T11:44:01","slug":"baitbus","status":"publish","type":"page","link":"https:\/\/www.thepornlist.net\/de\/gay-porno-seiten\/baitbus\/","title":{"rendered":"baitbus.com"},"content":{"rendered":"<div class=\"pb\">\n<div class=\"hd\">\n<a href=\"https:\/\/www.thepornlist.net\/de\/\" base target=\"_self\">Zur\u00fcck zur Startseite<\/a>\n<\/div>\n<div class=\"hd2\">\n<span style=\"font-style:normal;font-weight:bold;\">Seitenbewertung<\/span>\n<\/div>\n<\/div>\n<div style=\"width:100%; margin-left:auto; margin-right:auto; clear:both;z-index:1; padding-top:5px; border-radius: 2px;\">\n<div class=\"reviewimg\">\n<p><a href=\"http:\/\/secure1.trannyland.com\/track\/MTMwODEuMS41LjEyLjAuMC4wLjAuMA\" rel=\"nofollow\" base target=\"_self\"><img decoding=\"async\" src=\"https:\/\/www.thepornlist.net\/wp-content\/uploads\/2015\/review\/baitbus.jpg\" width=\"500\" height=\"500\" alt=\"Porn Tube\"><\/a><\/p>\n<\/div>\n<div class=\"reviewtitle\">\n<h1 style=\"font-family:Arial;font-size:56px;font-style:normal;font-weight:bold;color:#FF1F78;\">baitbus<\/h1>\n<\/div>\n<div class=\"reviewsub\">\n<h2 style=\"font-size:14px;font-style:normal;font-weight:bold;\">baitbus.com<\/H2>\n<\/div>\n<div class=\"reviewtext\">\n<span style=\"font-size:16px;font-style:normal;\">\u201eWas braucht man um aus einem heterosexuellen Kerl einen Schwulen zu machen?\u201c &#8211; wenn du nach einer Antwort auf diese Frage suchst, bleib genau hier und besuche BaitBus.com. Nat\u00fcrlich erst nachdem du best\u00e4tigt hast, dass du vollj\u00e4hrig bist!<\/br><\/p>\n<p>Willkommen bei BaitBus.com, einem Ort f\u00fcr schwule Pornos wo du einen Kerl mit einer Kamera, einem Van und mit einem b\u00f6sen Plan treffen wirst. In anderen Worten, du wirst sehen wie heterosexuelle Kerle mit einem Trick dazu gebracht werden schwule Handlungen vorzunehmen. Nun, nichts davon ist real und alles was du siehst entsteht bei professionellen Produktionen. Also glaube ihnen nicht alles, was sie sagen.<\/br><\/p>\n<p>BaitBus ist eine Premium Webseite was bedeutet, dass du einige Dollar bezahlen musst um auf den Inhalt zugreifen zu k\u00f6nnen, der hier ver\u00f6ffentlicht wird. Ohne deine eigene kleine Mitgliedschaft zu erlangen, wirst du hier nicht viel sehen. Einige gro\u00dfe Vorschaubilder auf der Homepage aber keine Trailer. Die gute Sache ist, dass es m\u00f6glich ist eine Testmitgliedschaft f\u00fcr einen Tag f\u00fcr 1 1 $ zu bekommen \u2013 das hei\u00dft, dass du alles sehen kannst, was sie hier bieten bevor du dich bereit erkl\u00e4rst einen gr\u00f6\u00dferen Betrag zu bezahlen. Wenn du auf diese Art von Pornos stehst, mach einen Besuch hier!<br \/>\n<\/span>\n<\/div>\n<div class=\"reviewsiteurl\">\n<a href=\"http:\/\/secure1.trannyland.com\/track\/MTMwODEuMS41LjEyLjAuMC4wLjAuMA\" rel=\"nofollow\" base target=\"_self\"><span style=\"font-size:32px;font-style:normal;font-weight:bold;text-decoration:underline;\">Hier klicken, um die webseite zu besuchen <\/span><\/a>\n<\/div>\n<\/div>\n","protected":false},"excerpt":{"rendered":"<p>Zur\u00fcck zur Startseite Seitenbewertung baitbus baitbus.com \u201eWas braucht man um aus einem heterosexuellen Kerl einen Schwulen zu machen?\u201c &#8211; wenn du nach einer Antwort auf diese Frage suchst, bleib genau hier und besuche BaitBus.com. Nat\u00fcrlich erst nachdem du best\u00e4tigt hast, dass du vollj\u00e4hrig bist! Willkommen bei BaitBus.com, einem Ort f\u00fcr schwule Pornos wo du einen <a href='https:\/\/www.thepornlist.net\/de\/gay-porno-seiten\/baitbus\/' class='excerpt-more'>[&#8230;]<\/a><\/p>\n","protected":false},"author":1,"featured_media":0,"parent":9753,"menu_order":23270,"comment_status":"closed","ping_status":"closed","template":"0-autofill-tpl-template.php","meta":{"_acf_changed":false,"footnotes":""},"tags":[],"acf":[],"aioseo_notices":[],"_links":{"self":[{"href":"https:\/\/www.thepornlist.net\/de\/wp-json\/wp\/v2\/pages\/10099"}],"collection":[{"href":"https:\/\/www.thepornlist.net\/de\/wp-json\/wp\/v2\/pages"}],"about":[{"href":"https:\/\/www.thepornlist.net\/de\/wp-json\/wp\/v2\/types\/page"}],"author":[{"embeddable":true,"href":"https:\/\/www.thepornlist.net\/de\/wp-json\/wp\/v2\/users\/1"}],"replies":[{"embeddable":true,"href":"https:\/\/www.thepornlist.net\/de\/wp-json\/wp\/v2\/comments?post=10099"}],"version-history":[{"count":0,"href":"https:\/\/www.thepornlist.net\/de\/wp-json\/wp\/v2\/pages\/10099\/revisions"}],"up":[{"embeddable":true,"href":"https:\/\/www.thepornlist.net\/de\/wp-json\/wp\/v2\/pages\/9753"}],"wp:attachment":[{"href":"https:\/\/www.thepornlist.net\/de\/wp-json\/wp\/v2\/media?parent=10099"}],"wp:term":[{"taxonomy":"post_tag","embeddable":true,"href":"https:\/\/www.thepornlist.net\/de\/wp-json\/wp\/v2\/tags?post=10099"}],"curies":[{"name":"wp","href":"https:\/\/api.w.org\/{rel}","templated":true}]}}