{"id":10100,"date":"2015-09-14T10:28:50","date_gmt":"2015-09-14T10:28:50","guid":{"rendered":"https:\/\/www.thepornlist.net\/de\/gay-porn-list\/thughunter\/"},"modified":"2019-05-16T11:43:32","modified_gmt":"2019-05-16T11:43:32","slug":"thughunter","status":"publish","type":"page","link":"https:\/\/www.thepornlist.net\/de\/gay-porno-seiten\/thughunter\/","title":{"rendered":"thughunter.com"},"content":{"rendered":"<div class=\"pb\">\n<div class=\"hd\">\n<a href=\"https:\/\/www.thepornlist.net\/de\/\" base target=\"_self\">Zur\u00fcck zur Startseite<\/a>\n<\/div>\n<div class=\"hd2\">\n<span style=\"font-style:normal;font-weight:bold;\">Seitenbewertung<\/span>\n<\/div>\n<\/div>\n<div style=\"width:100%; margin-left:auto; margin-right:auto; clear:both;z-index:1; padding-top:5px; border-radius: 2px;\">\n<div class=\"reviewimg\">\n<p><a href=\"http:\/\/hc.thughunter.com\/track\/MTMwODEuMS4xMy4yMS4wLjAuMC4wLjA\" rel=\"nofollow\" base target=\"_self\"><img decoding=\"async\" src=\"https:\/\/www.thepornlist.net\/wp-content\/uploads\/2015\/review\/thughunter.jpg\" width=\"500\" height=\"500\" alt=\"Porn Tube\"><\/a><\/p>\n<\/div>\n<div class=\"reviewtitle\">\n<h1 style=\"font-family:Arial;font-size:56px;font-style:normal;font-weight:bold;color:#FF1F78;\">thughunter<\/h1>\n<\/div>\n<div class=\"reviewsub\">\n<h2 style=\"font-size:14px;font-style:normal;font-weight:bold;\">thughunter.com<\/H2>\n<\/div>\n<div class=\"reviewtext\">\n<span style=\"font-size:16px;font-style:normal;\">ThugHunter.com ist eine Porno Webseite aus der schwulen Nische wo du jede Menge von schwarzem Schwulensex sehen wirst. Ihr Motto ist ein beliebtes Gedicht das lautet \u201eH\u00fcbscher Junge f\u00fcr einen wei\u00dfen Kerl\u201c. Nun, in Ordnung!<\/br><\/p>\n<p>Willkommen bei ThugHunter, deinem Premium Ziel an dem du die hei\u00dfeste Seite mit Schwarzen sehen wirst, die es da drau\u00dfen gibt. Das sagen sie, nicht ich! Ich wei\u00df nicht wie ich einen derartigen Ort sch\u00e4tzen soll denn ich habe andere sexuelle Vorlieben also bin ich nur hier um ihn zu als online Ort zu bewerten und nicht als Fan davon.<\/br><\/p>\n<p>Wenn du ihren Link klickst und wenn du vollj\u00e4hrig bist, dann kannst du die Seite jetzt gerne besuchen. Es scheint als ob das das einzige ist, das du hier kostenlos bekommst denn auf alles andere kannst du erst dann zugreifen, wenn du eine Premium Mitgliedschaft kaufst. Du wirst ein paar Trailer als Vorschauen zu ihren Szenen bekommen und einige gro\u00dfe Vorschaubilder. Ich bin nicht ganz sicher, aber es sieht so aus, als ob das letzte Update 2012 erfolgt ist, das ist wenigstens das was ich aus ihren Ver\u00f6ffentlichungen entnehmen kann.<\/br><\/p>\n<p>Du kannst sofortigen Zugang bekommen f\u00fcr einen Testzeitraum von einem Tag wenn du 4 $ bezahlst. Lass uns hoffen, dass die Seite noch funktioniert.<br \/>\n<\/span>\n<\/div>\n<div class=\"reviewsiteurl\">\n<a href=\"http:\/\/hc.thughunter.com\/track\/MTMwODEuMS4xMy4yMS4wLjAuMC4wLjA\" rel=\"nofollow\" base target=\"_self\"><span style=\"font-size:32px;font-style:normal;font-weight:bold;text-decoration:underline;\">Hier klicken, um die webseite zu besuchen <\/span><\/a>\n<\/div>\n<\/div>\n","protected":false},"excerpt":{"rendered":"<p>Zur\u00fcck zur Startseite Seitenbewertung thughunter thughunter.com ThugHunter.com ist eine Porno Webseite aus der schwulen Nische wo du jede Menge von schwarzem Schwulensex sehen wirst. Ihr Motto ist ein beliebtes Gedicht das lautet \u201eH\u00fcbscher Junge f\u00fcr einen wei\u00dfen Kerl\u201c. Nun, in Ordnung! Willkommen bei ThugHunter, deinem Premium Ziel an dem du die hei\u00dfeste Seite mit Schwarzen <a href='https:\/\/www.thepornlist.net\/de\/gay-porno-seiten\/thughunter\/' class='excerpt-more'>[&#8230;]<\/a><\/p>\n","protected":false},"author":1,"featured_media":0,"parent":9753,"menu_order":17030,"comment_status":"closed","ping_status":"closed","template":"0-autofill-tpl-template.php","meta":{"_acf_changed":false,"footnotes":""},"tags":[],"acf":[],"aioseo_notices":[],"_links":{"self":[{"href":"https:\/\/www.thepornlist.net\/de\/wp-json\/wp\/v2\/pages\/10100"}],"collection":[{"href":"https:\/\/www.thepornlist.net\/de\/wp-json\/wp\/v2\/pages"}],"about":[{"href":"https:\/\/www.thepornlist.net\/de\/wp-json\/wp\/v2\/types\/page"}],"author":[{"embeddable":true,"href":"https:\/\/www.thepornlist.net\/de\/wp-json\/wp\/v2\/users\/1"}],"replies":[{"embeddable":true,"href":"https:\/\/www.thepornlist.net\/de\/wp-json\/wp\/v2\/comments?post=10100"}],"version-history":[{"count":0,"href":"https:\/\/www.thepornlist.net\/de\/wp-json\/wp\/v2\/pages\/10100\/revisions"}],"up":[{"embeddable":true,"href":"https:\/\/www.thepornlist.net\/de\/wp-json\/wp\/v2\/pages\/9753"}],"wp:attachment":[{"href":"https:\/\/www.thepornlist.net\/de\/wp-json\/wp\/v2\/media?parent=10100"}],"wp:term":[{"taxonomy":"post_tag","embeddable":true,"href":"https:\/\/www.thepornlist.net\/de\/wp-json\/wp\/v2\/tags?post=10100"}],"curies":[{"name":"wp","href":"https:\/\/api.w.org\/{rel}","templated":true}]}}