{"id":10101,"date":"2015-09-14T10:28:36","date_gmt":"2015-09-14T10:28:36","guid":{"rendered":"https:\/\/www.thepornlist.net\/de\/gay-porn-list\/rubhim\/"},"modified":"2019-05-16T11:43:48","modified_gmt":"2019-05-16T11:43:48","slug":"rubhim","status":"publish","type":"page","link":"https:\/\/www.thepornlist.net\/de\/gay-porno-seiten\/rubhim\/","title":{"rendered":"rubhim.com"},"content":{"rendered":"<div class=\"pb\">\n<div class=\"hd\">\n<a href=\"https:\/\/www.thepornlist.net\/de\/\" base target=\"_self\">Zur\u00fcck zur Startseite<\/a>\n<\/div>\n<div class=\"hd2\">\n<span style=\"font-style:normal;font-weight:bold;\">Seitenbewertung<\/span>\n<\/div>\n<\/div>\n<div style=\"width:100%; margin-left:auto; margin-right:auto; clear:both;z-index:1; padding-top:5px; border-radius: 2px;\">\n<div class=\"reviewimg\">\n<p><a href=\"http:\/\/hc.rubhim.com\/track\/MTMwODEuMS4xNC44MS4wLjAuMC4wLjA\" rel=\"nofollow\" base target=\"_self\"><img decoding=\"async\" src=\"https:\/\/www.thepornlist.net\/wp-content\/uploads\/2015\/review\/rubhim.jpg\" width=\"500\" height=\"500\" alt=\"Porn Tube\"><\/a><\/p>\n<\/div>\n<div class=\"reviewtitle\">\n<h1 style=\"font-family:Arial;font-size:56px;font-style:normal;font-weight:bold;color:#FF1F78;\">rubhim<\/h1>\n<\/div>\n<div class=\"reviewsub\">\n<h2 style=\"font-size:14px;font-style:normal;font-weight:bold;\">rubhim.com<\/H2>\n<\/div>\n<div class=\"reviewtext\">\n<span style=\"font-size:16px;font-style:normal;\">Willkommen bei RubHim.com, dem Ort an dem du sehen wirst, wie sch\u00f6ne M\u00e4nner die hei\u00dfeste Schwanzmassage aller Zeiten bekommen. Nat\u00fcrlich nur, wenn du das sehen willst. Ich will es nicht sehen, aber da viele von euch solche Sachen gerne sehen m\u00f6chten, gebe ich euch einen kurzen \u00dcberblick \u00fcber diesen Ort.<\/br><\/p>\n<p>RubHim ist eine Schwester Webseite von einigen anderen schwulen Porno Zielen, die ich k\u00fcrzlich bewertet habe \u2013 die Homepage zeigt dir jede Menge Vorschaubilder auf denen du einen Blick auf das erhaschen kannst wenn du dich hier zu einer bezahlten Mitgliedschaft anmelden wirst. Leider ist das der einzige Weg um zu sehen, was sie im Angebot haben \u2013 keine Trailer, keine Vorschauen, nichts anderes als diese Vorschaubilder. Die gute Nachricht ist die Tatsache, dass du eine 1t\u00e4gige Testmitgliedschaft f\u00fcr nur 1 $ bekommen kannst und du so herausfinden kannst ob dieser Ort dein Geld verdient oder nicht.<\/br><\/p>\n<p>Wenn du zwischen noch mehr Vorschaubildern browsen willst, die aus den verf\u00fcgbaren Szenen stammen, kannst du gerne die Schaltfl\u00e4che mit den Letzten klicken, der neben der Schaltfl\u00e4che mit den Beliebtesten ist und wo du genau die Szenen bekommst, die darauf stehen. Du kannst sie gerne besuchen und genie\u00dfen!<br \/>\n<\/span>\n<\/div>\n<div class=\"reviewsiteurl\">\n<a href=\"http:\/\/hc.rubhim.com\/track\/MTMwODEuMS4xNC44MS4wLjAuMC4wLjA\" rel=\"nofollow\" base target=\"_self\"><span style=\"font-size:32px;font-style:normal;font-weight:bold;text-decoration:underline;\">Hier klicken, um die webseite zu besuchen <\/span><\/a>\n<\/div>\n<\/div>\n","protected":false},"excerpt":{"rendered":"<p>Zur\u00fcck zur Startseite Seitenbewertung rubhim rubhim.com Willkommen bei RubHim.com, dem Ort an dem du sehen wirst, wie sch\u00f6ne M\u00e4nner die hei\u00dfeste Schwanzmassage aller Zeiten bekommen. Nat\u00fcrlich nur, wenn du das sehen willst. Ich will es nicht sehen, aber da viele von euch solche Sachen gerne sehen m\u00f6chten, gebe ich euch einen kurzen \u00dcberblick \u00fcber diesen <a href='https:\/\/www.thepornlist.net\/de\/gay-porno-seiten\/rubhim\/' class='excerpt-more'>[&#8230;]<\/a><\/p>\n","protected":false},"author":1,"featured_media":0,"parent":9753,"menu_order":22650,"comment_status":"closed","ping_status":"closed","template":"0-autofill-tpl-template.php","meta":{"_acf_changed":false,"footnotes":""},"tags":[],"acf":[],"aioseo_notices":[],"_links":{"self":[{"href":"https:\/\/www.thepornlist.net\/de\/wp-json\/wp\/v2\/pages\/10101"}],"collection":[{"href":"https:\/\/www.thepornlist.net\/de\/wp-json\/wp\/v2\/pages"}],"about":[{"href":"https:\/\/www.thepornlist.net\/de\/wp-json\/wp\/v2\/types\/page"}],"author":[{"embeddable":true,"href":"https:\/\/www.thepornlist.net\/de\/wp-json\/wp\/v2\/users\/1"}],"replies":[{"embeddable":true,"href":"https:\/\/www.thepornlist.net\/de\/wp-json\/wp\/v2\/comments?post=10101"}],"version-history":[{"count":0,"href":"https:\/\/www.thepornlist.net\/de\/wp-json\/wp\/v2\/pages\/10101\/revisions"}],"up":[{"embeddable":true,"href":"https:\/\/www.thepornlist.net\/de\/wp-json\/wp\/v2\/pages\/9753"}],"wp:attachment":[{"href":"https:\/\/www.thepornlist.net\/de\/wp-json\/wp\/v2\/media?parent=10101"}],"wp:term":[{"taxonomy":"post_tag","embeddable":true,"href":"https:\/\/www.thepornlist.net\/de\/wp-json\/wp\/v2\/tags?post=10101"}],"curies":[{"name":"wp","href":"https:\/\/api.w.org\/{rel}","templated":true}]}}