{"id":10102,"date":"2015-09-14T10:28:20","date_gmt":"2015-09-14T10:28:20","guid":{"rendered":"https:\/\/www.thepornlist.net\/de\/gay-porn-list\/hazehim\/"},"modified":"2019-05-16T11:43:30","modified_gmt":"2019-05-16T11:43:30","slug":"hazehim","status":"publish","type":"page","link":"https:\/\/www.thepornlist.net\/de\/gay-porno-seiten\/hazehim\/","title":{"rendered":"hazehim.com"},"content":{"rendered":"<div class=\"pb\">\n<div class=\"hd\">\n<a href=\"https:\/\/www.thepornlist.net\/de\/\" base target=\"_self\">Zur\u00fcck zur Startseite<\/a>\n<\/div>\n<div class=\"hd2\">\n<span style=\"font-style:normal;font-weight:bold;\">Seitenbewertung<\/span>\n<\/div>\n<\/div>\n<div style=\"width:100%; margin-left:auto; margin-right:auto; clear:both;z-index:1; padding-top:5px; border-radius: 2px;\">\n<div class=\"reviewimg\">\n<p><a href=\"http:\/\/secure.hazehim.com\/track\/MTMwODEuMS4yLjMuMC4wLjAuMC4w\" rel=\"nofollow\" base target=\"_self\"><img decoding=\"async\" src=\"https:\/\/www.thepornlist.net\/wp-content\/uploads\/2015\/review\/hazehim.jpg\" width=\"500\" height=\"500\" alt=\"Porn Tube\"><\/a><\/p>\n<\/div>\n<div class=\"reviewtitle\">\n<h1 style=\"font-family:Arial;font-size:56px;font-style:normal;font-weight:bold;color:#FF1F78;\">hazehim<\/h1>\n<\/div>\n<div class=\"reviewsub\">\n<h2 style=\"font-size:14px;font-style:normal;font-weight:bold;\">hazehim.com<\/H2>\n<\/div>\n<div class=\"reviewtext\">\n<span style=\"font-size:16px;font-style:normal;\">HazeHim.com ist eine schwule Porno Webseite wo du&#8230;ihn schikanieren kannst. Lass mich dir ihre eigne Beschreibung zeigen: \u201eDie offizielle Seite f\u00fcr hetero Jungs aus College Bruderschaften, die beim schwulen Sex schikaniert werden. Genau so l\u00e4uft der Hase auf Hazehim. Du bekommst das Versprechen, schwule Sexakte erleben zu k\u00f6nnen und wir geben dir die Chance $ 10.000 bar auf die Hand zu gewinnen. H\u00f6rt sich das leicht und nach Spa\u00df an? Nun, du hast verdammt recht, das ist es. Je verr\u00fcckter das Video desto besser deine Chancen zu gewinnen. Also, worauf wartest du noch? Schau und genie\u00dfe echte Bruderschaftsjungs, die Schw\u00e4nze blasen und ficken\u201c. Alles gut jetzt?<\/br><\/p>\n<p>Willkommen bei HazeHim, einem Ort an dem du dein Geld parken solltest wenn du gute schwule Porno Videos haben willst und wenn du ein echter Fan und ein Mitglied dieser sexuellen Gemeinschaft bist. Die Homepage \u00f6ffnet sich mit gro\u00dfen Vorschaubildern und dadurch kannst du herausfinden was du sehen wirst wenn du dich auf den 1t\u00e4gigen Testzugang einl\u00e4sst, der dich 1 $ kosten wird. Wechsele mit nur einem Klick zwischen den neuesten und den beliebtesten Ver\u00f6ffentlichungen.<\/br> <\/p>\n<p>Sie sagen, dass sie die Videos aus den Verbindungsh\u00e4usern geklaut haben, aber wir alle wissen, dass das nicht wahr ist.<br \/>\n<\/span>\n<\/div>\n<div class=\"reviewsiteurl\">\n<a href=\"http:\/\/secure.hazehim.com\/track\/MTMwODEuMS4yLjMuMC4wLjAuMC4w\" rel=\"nofollow\" base target=\"_self\"><span style=\"font-size:32px;font-style:normal;font-weight:bold;text-decoration:underline;\">Hier klicken, um die webseite zu besuchen <\/span><\/a>\n<\/div>\n<\/div>\n","protected":false},"excerpt":{"rendered":"<p>Zur\u00fcck zur Startseite Seitenbewertung hazehim hazehim.com HazeHim.com ist eine schwule Porno Webseite wo du&#8230;ihn schikanieren kannst. Lass mich dir ihre eigne Beschreibung zeigen: \u201eDie offizielle Seite f\u00fcr hetero Jungs aus College Bruderschaften, die beim schwulen Sex schikaniert werden. Genau so l\u00e4uft der Hase auf Hazehim. Du bekommst das Versprechen, schwule Sexakte erleben zu k\u00f6nnen und <a href='https:\/\/www.thepornlist.net\/de\/gay-porno-seiten\/hazehim\/' class='excerpt-more'>[&#8230;]<\/a><\/p>\n","protected":false},"author":1,"featured_media":0,"parent":9753,"menu_order":14510,"comment_status":"closed","ping_status":"closed","template":"0-autofill-tpl-template.php","meta":{"_acf_changed":false,"footnotes":""},"tags":[],"acf":[],"aioseo_notices":[],"_links":{"self":[{"href":"https:\/\/www.thepornlist.net\/de\/wp-json\/wp\/v2\/pages\/10102"}],"collection":[{"href":"https:\/\/www.thepornlist.net\/de\/wp-json\/wp\/v2\/pages"}],"about":[{"href":"https:\/\/www.thepornlist.net\/de\/wp-json\/wp\/v2\/types\/page"}],"author":[{"embeddable":true,"href":"https:\/\/www.thepornlist.net\/de\/wp-json\/wp\/v2\/users\/1"}],"replies":[{"embeddable":true,"href":"https:\/\/www.thepornlist.net\/de\/wp-json\/wp\/v2\/comments?post=10102"}],"version-history":[{"count":0,"href":"https:\/\/www.thepornlist.net\/de\/wp-json\/wp\/v2\/pages\/10102\/revisions"}],"up":[{"embeddable":true,"href":"https:\/\/www.thepornlist.net\/de\/wp-json\/wp\/v2\/pages\/9753"}],"wp:attachment":[{"href":"https:\/\/www.thepornlist.net\/de\/wp-json\/wp\/v2\/media?parent=10102"}],"wp:term":[{"taxonomy":"post_tag","embeddable":true,"href":"https:\/\/www.thepornlist.net\/de\/wp-json\/wp\/v2\/tags?post=10102"}],"curies":[{"name":"wp","href":"https:\/\/api.w.org\/{rel}","templated":true}]}}