{"id":10103,"date":"2015-09-14T10:28:04","date_gmt":"2015-09-14T10:28:04","guid":{"rendered":"https:\/\/www.thepornlist.net\/de\/gay-porn-list\/outinpublic\/"},"modified":"2019-05-16T11:43:41","modified_gmt":"2019-05-16T11:43:41","slug":"outinpublic","status":"publish","type":"page","link":"https:\/\/www.thepornlist.net\/de\/gay-porno-seiten\/outinpublic\/","title":{"rendered":"outinpublic.com"},"content":{"rendered":"<div class=\"pb\">\n<div class=\"hd\">\n<a href=\"https:\/\/www.thepornlist.net\/de\/\" base target=\"_self\">Zur\u00fcck zur Startseite<\/a>\n<\/div>\n<div class=\"hd2\">\n<span style=\"font-style:normal;font-weight:bold;\">Seitenbewertung<\/span>\n<\/div>\n<\/div>\n<div style=\"width:100%; margin-left:auto; margin-right:auto; clear:both;z-index:1; padding-top:5px; border-radius: 2px;\">\n<div class=\"reviewimg\">\n<p><a href=\"http:\/\/secure.outinpublic.com\/track\/MTMwODEuMS42LjE1LjAuMC4wLjAuMA\" rel=\"nofollow\" base target=\"_self\"><img decoding=\"async\" src=\"https:\/\/www.thepornlist.net\/wp-content\/uploads\/2015\/review\/outinpublic.jpg\" width=\"500\" height=\"500\" alt=\"Porn Tube\"><\/a><\/p>\n<\/div>\n<div class=\"reviewtitle\">\n<h1 style=\"font-family:Arial;font-size:56px;font-style:normal;font-weight:bold;color:#FF1F78;\">outinpublic<\/h1>\n<\/div>\n<div class=\"reviewsub\">\n<h2 style=\"font-size:14px;font-style:normal;font-weight:bold;\">outinpublic.com<\/H2>\n<\/div>\n<div class=\"reviewtext\">\n<span style=\"font-size:16px;font-style:normal;\">OutInPublic.com &#8211; \u201eManchmal muss man einen Kerl ficken, ganz egal wo man gerade ist!\u201c. Das ist ihr Motto! Willkommen zu noch einer schwulen Premium Porno Webseite bei der du auf der Homepage eine Menge gro\u00dfer Vorschaubilder bekommst, die dir einen Eindruck dar\u00fcber vermitteln, was du finden wirst wenn du deinen Eintrittspreis bezahlen wirst.<\/br><\/p>\n<p>Die Navigationsleiste erlaubt dir in den letzten Ver\u00f6ffentlichungen und in den beliebtesten zu st\u00f6bern. Es scheint als ob du einen eint\u00e4gigen Testzugang f\u00fcr nur 1 $ bekommen kannst. Das ist gro\u00dfartig denn du wirst sehen, was sie f\u00fcr dich haben, bevor du mehr Geld f\u00fcr l\u00e4ngere Zeitr\u00e4ume ausgibst wie zum Beispiel die Mitgliedschaft f\u00fcr 1 Monat oder die Mitgliedschaft, die dir 1 Jahr Lang Zugang erlaubt.<\/br> <\/p>\n<p>Leider, gibt es au\u00dfer der Tatsache, dass du die Vorschaubilder sehen kannst, keine andere Art von Vorschau, die dir zur Verf\u00fcgung steht. Nicht einmal Kategorien, nicht einmal irgendetwas. Der einzige Weg um mehr zu sehen wird die oben erw\u00e4hnte Testmitgliedschaft sein.<\/br><\/p>\n<p>Wenn du ein Fan dieser Art von Pornos bist oder wenn du diese Art der sexuellen Vorlieben hast, kannst du gerne Mitglied werden und es dir selbst anschauen. Ich kann dir nicht mehr Details geben.<br \/>\n<\/span>\n<\/div>\n<div class=\"reviewsiteurl\">\n<a href=\"http:\/\/secure.outinpublic.com\/track\/MTMwODEuMS42LjE1LjAuMC4wLjAuMA\" rel=\"nofollow\" base target=\"_self\"><span style=\"font-size:32px;font-style:normal;font-weight:bold;text-decoration:underline;\">Hier klicken, um die webseite zu besuchen <\/span><\/a>\n<\/div>\n<\/div>\n","protected":false},"excerpt":{"rendered":"<p>Zur\u00fcck zur Startseite Seitenbewertung outinpublic outinpublic.com OutInPublic.com &#8211; \u201eManchmal muss man einen Kerl ficken, ganz egal wo man gerade ist!\u201c. Das ist ihr Motto! Willkommen zu noch einer schwulen Premium Porno Webseite bei der du auf der Homepage eine Menge gro\u00dfer Vorschaubilder bekommst, die dir einen Eindruck dar\u00fcber vermitteln, was du finden wirst wenn du <a href='https:\/\/www.thepornlist.net\/de\/gay-porno-seiten\/outinpublic\/' class='excerpt-more'>[&#8230;]<\/a><\/p>\n","protected":false},"author":1,"featured_media":0,"parent":9753,"menu_order":21090,"comment_status":"closed","ping_status":"closed","template":"0-autofill-tpl-template.php","meta":{"_acf_changed":false,"footnotes":""},"tags":[],"acf":[],"aioseo_notices":[],"_links":{"self":[{"href":"https:\/\/www.thepornlist.net\/de\/wp-json\/wp\/v2\/pages\/10103"}],"collection":[{"href":"https:\/\/www.thepornlist.net\/de\/wp-json\/wp\/v2\/pages"}],"about":[{"href":"https:\/\/www.thepornlist.net\/de\/wp-json\/wp\/v2\/types\/page"}],"author":[{"embeddable":true,"href":"https:\/\/www.thepornlist.net\/de\/wp-json\/wp\/v2\/users\/1"}],"replies":[{"embeddable":true,"href":"https:\/\/www.thepornlist.net\/de\/wp-json\/wp\/v2\/comments?post=10103"}],"version-history":[{"count":0,"href":"https:\/\/www.thepornlist.net\/de\/wp-json\/wp\/v2\/pages\/10103\/revisions"}],"up":[{"embeddable":true,"href":"https:\/\/www.thepornlist.net\/de\/wp-json\/wp\/v2\/pages\/9753"}],"wp:attachment":[{"href":"https:\/\/www.thepornlist.net\/de\/wp-json\/wp\/v2\/media?parent=10103"}],"wp:term":[{"taxonomy":"post_tag","embeddable":true,"href":"https:\/\/www.thepornlist.net\/de\/wp-json\/wp\/v2\/tags?post=10103"}],"curies":[{"name":"wp","href":"https:\/\/api.w.org\/{rel}","templated":true}]}}