{"id":10104,"date":"2015-09-14T10:27:49","date_gmt":"2015-09-14T10:27:49","guid":{"rendered":"https:\/\/www.thepornlist.net\/de\/gay-porn-list\/gay-aebn\/"},"modified":"2019-05-16T11:43:38","modified_gmt":"2019-05-16T11:43:38","slug":"gay-aebn","status":"publish","type":"page","link":"https:\/\/www.thepornlist.net\/de\/gay-porno-seiten\/gay-aebn\/","title":{"rendered":"gay.aebn.net"},"content":{"rendered":"<div class=\"pb\">\n<div class=\"hd\">\n<a href=\"https:\/\/www.thepornlist.net\/de\/\" base target=\"_self\">Zur\u00fcck zur Startseite<\/a>\n<\/div>\n<div class=\"hd2\">\n<span style=\"font-style:normal;font-weight:bold;\">Seitenbewertung<\/span>\n<\/div>\n<\/div>\n<div style=\"width:100%; margin-left:auto; margin-right:auto; clear:both;z-index:1; padding-top:5px; border-radius: 2px;\">\n<div class=\"reviewimg\">\n<p><a href=\"http:\/\/gay.aebn.net\/?refid=AEBN066543&#038;bannerid=7935&#038;salesToolId=28\" rel=\"nofollow\" base target=\"_self\"><img decoding=\"async\" src=\"https:\/\/www.thepornlist.net\/wp-content\/uploads\/2015\/review\/gay.aebn.jpg\" width=\"500\" height=\"500\" alt=\"Porn Tube\"><\/a><\/p>\n<\/div>\n<div class=\"reviewtitle\">\n<h1 style=\"font-family:Arial;font-size:56px;font-style:normal;font-weight:bold;color:#FF1F78;\">gay.aebn<\/h1>\n<\/div>\n<div class=\"reviewsub\">\n<h2 style=\"font-size:14px;font-style:normal;font-weight:bold;\">gay.aebn.net<\/H2>\n<\/div>\n<div class=\"reviewtext\">\n<span style=\"font-size:16px;font-style:normal;\">Willkommen im schwulen Bereich von AEBN \u2013 Adult Entertainment Broadcast Network. Es ist eine Webseite auf der man f\u00fcr das bezahlt, was man sich ansieht und wo du verschiedene Anzahlen von Minuten f\u00fcr verschiedene Betr\u00e4ge an Dollar kaufen kannst. So einfach ist das&#8230;<\/br><\/p>\n<p>Auf der Gay.AEBN.net Webseite wirst du Kategorien sehen wie Amateur, anal, asiatisch, BDSM, Blowjob, Sammlungen, Cowboy, Creampie, Cumshots, Dilf, Dildo, Doppelpenetration, versteckte Kamera, pissen, Gef\u00e4ngnissex, Bestrafung, russisch, rundum schwul, Uniform, Vintage und viele andere mehr. Du kannst deine schwulen Pornos Materialien filtern indem du den Kasten mit der Suchfunktion verwendest, der dir gestattet nach verschiedenen Inhalten in mit Filmen oder Szenen zu suchen.<\/br><\/p>\n<p>Gay.AEBN.net ist eine dieser Webseiten wo alles von professionellen Studios gemacht wird, qualitativ hochwertig gefilmt und mit enger Regie. Der Status von Kunst Pornos kann hier ganz leicht gefunden werden und wenn du ein paar Dollar zum Ausgeben hast, dann wirst du es nicht bereuen. Wie ich schon in einer fr\u00fcheren Bewertung gesagt habe, m\u00fcssen wir von Zeit zu Zeit in unsere Taschen greifen und f\u00fcr Pornos bezahlen denn ansonsten wird es an einem bestimmten Zeitpunkt keine Pornos mehr geben wenn niemand daf\u00fcr bezahlen will. Besuch diesen Ort noch heute!<br \/>\n<\/span>\n<\/div>\n<div class=\"reviewsiteurl\">\n<a href=\"http:\/\/gay.aebn.net\/?refid=AEBN066543&#038;bannerid=7935&#038;salesToolId=28\" rel=\"nofollow\" base target=\"_self\"><span style=\"font-size:32px;font-style:normal;font-weight:bold;text-decoration:underline;\">Hier klicken, um die webseite zu besuchen <\/span><\/a>\n<\/div>\n<\/div>\n","protected":false},"excerpt":{"rendered":"<p>Zur\u00fcck zur Startseite Seitenbewertung gay.aebn gay.aebn.net Willkommen im schwulen Bereich von AEBN \u2013 Adult Entertainment Broadcast Network. Es ist eine Webseite auf der man f\u00fcr das bezahlt, was man sich ansieht und wo du verschiedene Anzahlen von Minuten f\u00fcr verschiedene Betr\u00e4ge an Dollar kaufen kannst. So einfach ist das&#8230; Auf der Gay.AEBN.net Webseite wirst du <a href='https:\/\/www.thepornlist.net\/de\/gay-porno-seiten\/gay-aebn\/' class='excerpt-more'>[&#8230;]<\/a><\/p>\n","protected":false},"author":1,"featured_media":0,"parent":9753,"menu_order":19570,"comment_status":"closed","ping_status":"closed","template":"0-autofill-tpl-template.php","meta":{"_acf_changed":false,"footnotes":""},"tags":[],"acf":[],"aioseo_notices":[],"_links":{"self":[{"href":"https:\/\/www.thepornlist.net\/de\/wp-json\/wp\/v2\/pages\/10104"}],"collection":[{"href":"https:\/\/www.thepornlist.net\/de\/wp-json\/wp\/v2\/pages"}],"about":[{"href":"https:\/\/www.thepornlist.net\/de\/wp-json\/wp\/v2\/types\/page"}],"author":[{"embeddable":true,"href":"https:\/\/www.thepornlist.net\/de\/wp-json\/wp\/v2\/users\/1"}],"replies":[{"embeddable":true,"href":"https:\/\/www.thepornlist.net\/de\/wp-json\/wp\/v2\/comments?post=10104"}],"version-history":[{"count":0,"href":"https:\/\/www.thepornlist.net\/de\/wp-json\/wp\/v2\/pages\/10104\/revisions"}],"up":[{"embeddable":true,"href":"https:\/\/www.thepornlist.net\/de\/wp-json\/wp\/v2\/pages\/9753"}],"wp:attachment":[{"href":"https:\/\/www.thepornlist.net\/de\/wp-json\/wp\/v2\/media?parent=10104"}],"wp:term":[{"taxonomy":"post_tag","embeddable":true,"href":"https:\/\/www.thepornlist.net\/de\/wp-json\/wp\/v2\/tags?post=10104"}],"curies":[{"name":"wp","href":"https:\/\/api.w.org\/{rel}","templated":true}]}}