{"id":10105,"date":"2015-09-14T10:27:34","date_gmt":"2015-09-14T10:27:34","guid":{"rendered":"https:\/\/www.thepornlist.net\/de\/gay-porn-list\/filesmonster\/"},"modified":"2022-06-30T10:15:44","modified_gmt":"2022-06-30T10:15:44","slug":"filesmonster","status":"publish","type":"page","link":"https:\/\/www.thepornlist.net\/de\/gay-porno-seiten\/filesmonster\/","title":{"rendered":"filesmonster.biz"},"content":{"rendered":"<div class=\"pb\">\n<div class=\"hd\">\n<a href=\"https:\/\/www.thepornlist.net\/de\/\" base target=\"_self\" rel=\"noopener noreferrer\">Zur\u00fcck zur Startseite<\/a>\n<\/div>\n<div class=\"hd2\">\n<span style=\"font-style:normal;font-weight:bold;\">Seitenbewertung<\/span>\n<\/div>\n<\/div>\n<div style=\"width:100%; margin-left:auto; margin-right:auto; clear:both;z-index:1; padding-top:5px; border-radius: 2px;\">\n<div class=\"reviewimg\">\n<p><a href=\"http:\/\/www.filesmonster.biz\/\" rel=\"nofollow noopener noreferrer\" base target=\"_self\"><img decoding=\"async\" src=\"https:\/\/www.thepornlist.net\/wp-content\/uploads\/2015\/review\/filesmonster.jpg\" width=\"500\" height=\"500\" alt=\"Porn Tube\"><\/a><\/p>\n<\/div>\n<div class=\"reviewtitle\">\n<h1 style=\"font-family:Arial;font-size:56px;font-style:normal;font-weight:bold;color:#FF1F78;\">filesmonster<\/h1>\n<\/div>\n<div class=\"reviewsub\">\n<h2 style=\"font-size:14px;font-style:normal;font-weight:bold;\">filesmonster.biz<\/H2>\n<\/div>\n<div class=\"reviewtext\">\n<span style=\"font-size:16px;font-style:normal;\">FilesMonster.com ist eine digitale Verteiler Plattform auf der du h\u00f6llisch viele Porno Materialien aus h\u00f6llisch vielen Kategorien finden wirst: 3D Pornos, 3D Stereo, Amateur, anal, Anim\u00e9 und Hentai, BBW, BDSM, gro\u00dfe M\u00f6pse, schwarz, Blondinen, Ber\u00fchmtheiten, zensiert Asiatisch, klassischer Sex, Comics, Dokumtationen, erotisch und softcore, erotische Spiele, weibliche Muskeln, Femdom Strap-on, Fisting und Dildo, haarige Pornos, Latino, Lesben, Massage, alt und jung, pinkeln, Retro Pornos, russisch, Kot, Dreier unzensiert asiatisch und noch viele andere. Unter jeder Nische wirst du die Anzahl der verf\u00fcgbaren Dateien finden \u2013 Hunderttausende im wahrsten Sinne des Wortes.<\/br><\/p>\n<p>Von dem, was ich \u00fcberpr\u00fcfen konnte, scheint es als ob du nur herunterladen kannst wenn du f\u00fcr eine Premium Mitgliedschaft bezahlst. Aber vertrau mir, es ist nicht teuer und du wirst mit deiner Anmeldung eine Menge guter Optionen erhalten.<\/br> <\/p>\n<p>Wenn du nach etwas Bestimmtem suchen willst, kannst du gerne den Kasten mit der Suchfunktion verwenden, den du in der Kopfleiste von FilesMonster.biz findest. Falls du einmal faul bist und du nach dem suchen willst, was andere gemacht haben dann scrolle nach unten und du wirst den Bereich mit den letzten Suchen sehen. Ich wei\u00df wirklich nicht, was ich sagen soll \u2013 probiere es aus und entscheide selbst!<br \/>\n<\/span>\n<\/div>\n<div class=\"reviewsiteurl\">\n<a href=\"http:\/\/www.filesmonster.biz\/\" rel=\"nofollow noopener noreferrer\" base target=\"_self\"><span style=\"font-size:32px;font-style:normal;font-weight:bold;text-decoration:underline;\">Hier klicken, um die webseite zu besuchen <\/span><\/a>\n<\/div>\n<\/div>\n","protected":false},"excerpt":{"rendered":"<p>Zur\u00fcck zur Startseite Seitenbewertung filesmonster filesmonster.biz FilesMonster.com ist eine digitale Verteiler Plattform auf der du h\u00f6llisch viele Porno Materialien aus h\u00f6llisch vielen Kategorien finden wirst: 3D Pornos, 3D Stereo, Amateur, anal, Anim\u00e9 und Hentai, BBW, BDSM, gro\u00dfe M\u00f6pse, schwarz, Blondinen, Ber\u00fchmtheiten, zensiert Asiatisch, klassischer Sex, Comics, Dokumtationen, erotisch und softcore, erotische Spiele, weibliche Muskeln, Femdom <a href='https:\/\/www.thepornlist.net\/de\/gay-porno-seiten\/filesmonster\/' class='excerpt-more'>[&#8230;]<\/a><\/p>\n","protected":false},"author":1,"featured_media":0,"parent":9753,"menu_order":37630,"comment_status":"closed","ping_status":"closed","template":"0-autofill-tpl-template.php","meta":{"_acf_changed":false,"footnotes":""},"tags":[],"acf":[],"aioseo_notices":[],"_links":{"self":[{"href":"https:\/\/www.thepornlist.net\/de\/wp-json\/wp\/v2\/pages\/10105"}],"collection":[{"href":"https:\/\/www.thepornlist.net\/de\/wp-json\/wp\/v2\/pages"}],"about":[{"href":"https:\/\/www.thepornlist.net\/de\/wp-json\/wp\/v2\/types\/page"}],"author":[{"embeddable":true,"href":"https:\/\/www.thepornlist.net\/de\/wp-json\/wp\/v2\/users\/1"}],"replies":[{"embeddable":true,"href":"https:\/\/www.thepornlist.net\/de\/wp-json\/wp\/v2\/comments?post=10105"}],"version-history":[{"count":0,"href":"https:\/\/www.thepornlist.net\/de\/wp-json\/wp\/v2\/pages\/10105\/revisions"}],"up":[{"embeddable":true,"href":"https:\/\/www.thepornlist.net\/de\/wp-json\/wp\/v2\/pages\/9753"}],"wp:attachment":[{"href":"https:\/\/www.thepornlist.net\/de\/wp-json\/wp\/v2\/media?parent=10105"}],"wp:term":[{"taxonomy":"post_tag","embeddable":true,"href":"https:\/\/www.thepornlist.net\/de\/wp-json\/wp\/v2\/tags?post=10105"}],"curies":[{"name":"wp","href":"https:\/\/api.w.org\/{rel}","templated":true}]}}