{"id":10107,"date":"2015-09-14T10:27:03","date_gmt":"2015-09-14T10:27:03","guid":{"rendered":"https:\/\/www.thepornlist.net\/de\/gay-porn-list\/gaytrans\/"},"modified":"2019-05-16T11:46:07","modified_gmt":"2019-05-16T11:46:07","slug":"gaytrans","status":"publish","type":"page","link":"https:\/\/www.thepornlist.net\/de\/gay-porno-seiten\/gaytrans\/","title":{"rendered":"gaytrans.com"},"content":{"rendered":"<div class=\"pb\">\n<div class=\"hd\">\n<a href=\"https:\/\/www.thepornlist.net\/de\/\" base target=\"_self\">Zur\u00fcck zur Startseite<\/a>\n<\/div>\n<div class=\"hd2\">\n<span style=\"font-style:normal;font-weight:bold;\">Seitenbewertung<\/span>\n<\/div>\n<\/div>\n<div style=\"width:100%; margin-left:auto; margin-right:auto; clear:both;z-index:1; padding-top:5px; border-radius: 2px;\">\n<div class=\"reviewimg\">\n<p><a href=\"http:\/\/www.gaytrans.com\/\" rel=\"nofollow\" base target=\"_self\"><img decoding=\"async\" src=\"https:\/\/www.thepornlist.net\/wp-content\/uploads\/2015\/review\/gaytrans.jpg\" width=\"500\" height=\"500\" alt=\"Porn Tube\"><\/a><\/p>\n<\/div>\n<div class=\"reviewtitle\">\n<h1 style=\"font-family:Arial;font-size:56px;font-style:normal;font-weight:bold;color:#FF1F78;\">gaytrans<\/h1>\n<\/div>\n<div class=\"reviewsub\">\n<h2 style=\"font-size:14px;font-style:normal;font-weight:bold;\">gaytrans.com<\/H2>\n<\/div>\n<div class=\"reviewtext\">\n<span style=\"font-size:16px;font-style:normal;\">Du willst schwule und transsexuelle Porno Filme? GayTrans.com ist hier um sich um deine Lust mit einem Blog zu k\u00fcmmern \u2013 t\u00e4gliche Updates mit schwulen, Shemale und bisexuellen Porno Clips.<\/br><\/p>\n<p>Die Seite siegt genau wie ein Porno Blog aus und der lila Hintergrund wird dich verstehen lassen, dass du dich auf einer schwulen Plattform befindest. Es scheint als ob sie mehr als 26.000 Seiten haben die du dir alle ansehen kannst. Wirklich riesig wenn du mich fragst!<\/br><\/p>\n<p>Die Seitenleiste wird dir erlauben deine schwulen Porno Materialien nach Studios zu filtern: Alexander Pictures, Alfa Red, All Male Studio, All Worlds Video, Bareback Inc., Clair Production, CockyBoys, CumToMyAss, Dark Alley, GayRoom, Monoboy, Pacific Sun Entertainment, Out In Public, Vulcan Amateurs, Xtreme Productions und viele andere.<\/br><\/p>\n<p>Es gibt hier asiatische Schwule, Bisexuelle, schwuler BDSM. Schwul extrem, schwule Bilder, schwule Porno Clips, schwule Porno Filme, schwuler Solosex und Shemales als allgemeine Kategorien. Sie werden dir sogar erkl\u00e4ren, wie du ihre Sachen herunterladen kannst und daher werde ich gar nicht erst anfangen davon zu sprechen.<\/br><\/p>\n<p>Die Homepage wird dir nicht exakt die letzten Updates zeigen aber einige beworbene Ver\u00f6ffentlichungen, die \u00fcber die Jahre hinzugef\u00fcgt wurden. Zum Beispiel wurde der erste Post, den du siehst, im Mai 2014 hinzugef\u00fcgt. Besuch sie und schau dir einen der gr\u00f6\u00dften Blogs f\u00fcr Schwule an!<br \/>\n<\/span>\n<\/div>\n<div class=\"reviewsiteurl\">\n<a href=\"http:\/\/www.gaytrans.com\/\" rel=\"nofollow\" base target=\"_self\"><span style=\"font-size:32px;font-style:normal;font-weight:bold;text-decoration:underline;\">Hier klicken, um die webseite zu besuchen <\/span><\/a>\n<\/div>\n<\/div>\n","protected":false},"excerpt":{"rendered":"<p>Zur\u00fcck zur Startseite Seitenbewertung gaytrans gaytrans.com Du willst schwule und transsexuelle Porno Filme? GayTrans.com ist hier um sich um deine Lust mit einem Blog zu k\u00fcmmern \u2013 t\u00e4gliche Updates mit schwulen, Shemale und bisexuellen Porno Clips. Die Seite siegt genau wie ein Porno Blog aus und der lila Hintergrund wird dich verstehen lassen, dass du <a href='https:\/\/www.thepornlist.net\/de\/gay-porno-seiten\/gaytrans\/' class='excerpt-more'>[&#8230;]<\/a><\/p>\n","protected":false},"author":1,"featured_media":0,"parent":9753,"menu_order":37150,"comment_status":"closed","ping_status":"closed","template":"0-autofill-tpl-template.php","meta":{"_acf_changed":false,"footnotes":""},"tags":[],"acf":[],"aioseo_notices":[],"_links":{"self":[{"href":"https:\/\/www.thepornlist.net\/de\/wp-json\/wp\/v2\/pages\/10107"}],"collection":[{"href":"https:\/\/www.thepornlist.net\/de\/wp-json\/wp\/v2\/pages"}],"about":[{"href":"https:\/\/www.thepornlist.net\/de\/wp-json\/wp\/v2\/types\/page"}],"author":[{"embeddable":true,"href":"https:\/\/www.thepornlist.net\/de\/wp-json\/wp\/v2\/users\/1"}],"replies":[{"embeddable":true,"href":"https:\/\/www.thepornlist.net\/de\/wp-json\/wp\/v2\/comments?post=10107"}],"version-history":[{"count":0,"href":"https:\/\/www.thepornlist.net\/de\/wp-json\/wp\/v2\/pages\/10107\/revisions"}],"up":[{"embeddable":true,"href":"https:\/\/www.thepornlist.net\/de\/wp-json\/wp\/v2\/pages\/9753"}],"wp:attachment":[{"href":"https:\/\/www.thepornlist.net\/de\/wp-json\/wp\/v2\/media?parent=10107"}],"wp:term":[{"taxonomy":"post_tag","embeddable":true,"href":"https:\/\/www.thepornlist.net\/de\/wp-json\/wp\/v2\/tags?post=10107"}],"curies":[{"name":"wp","href":"https:\/\/api.w.org\/{rel}","templated":true}]}}