{"id":10109,"date":"2015-09-14T10:26:18","date_gmt":"2015-09-14T10:26:18","guid":{"rendered":"https:\/\/www.thepornlist.net\/de\/gay-porn-list\/gay-pornbb\/"},"modified":"2019-08-19T09:17:14","modified_gmt":"2019-08-19T09:17:14","slug":"gay-pornbb","status":"publish","type":"page","link":"https:\/\/www.thepornlist.net\/de\/gay-porno-seiten\/gay-pornbb\/","title":{"rendered":"gay.pornbb.org"},"content":{"rendered":"<div class=\"pb\">\n<div class=\"hd\">\n<a href=\"https:\/\/www.thepornlist.net\/de\/\" base target=\"_self\" rel=\"noopener noreferrer\">Zur\u00fcck zur Startseite<\/a>\n<\/div>\n<div class=\"hd2\">\n<span style=\"font-style:normal;font-weight:bold;\">Seitenbewertung<\/span>\n<\/div>\n<\/div>\n<div style=\"width:100%; margin-left:auto; margin-right:auto; clear:both;z-index:1; padding-top:5px; border-radius: 2px;\">\n<div class=\"reviewimg\">\n<p><a href=\"http:\/\/gay.pornbb.org\/\" rel=\"nofollow noopener noreferrer\" base target=\"_self\"><img decoding=\"async\" src=\"https:\/\/www.thepornlist.net\/wp-content\/uploads\/2015\/review\/gay.pornbb.jpg\" width=\"500\" height=\"500\" alt=\"Porn Tube\"><\/a><\/p>\n<\/div>\n<div class=\"reviewtitle\">\n<h1 style=\"font-family:Arial;font-size:56px;font-style:normal;font-weight:bold;color:#FF1F78;\">gay.pornbb<\/h1>\n<\/div>\n<div class=\"reviewsub\">\n<h2 style=\"font-size:14px;font-style:normal;font-weight:bold;\">gay.pornbb.org<\/H2>\n<\/div>\n<div class=\"reviewtext\">\n<span style=\"font-size:16px;font-style:normal;\">Der schwule Bereich von PornBB ist der eine Platz und die eine Gemeinschaft wo du dich kostenlos mit einem Usernamen anmelden solltest wenn du auf diese Art der Unterhaltung f\u00fcr Erwachsene stehst und wenn du diese Art der sexuellen Vorlieben teilst. Es gibt nicht viel \u00fcber diesen Ort zu sagen, au\u00dfer der Tatsache, dass er ein Porno Forum ist mit einer riesigen Gemeinschaft f\u00fcr Erwachsene und daher ist er einer der gr\u00f6\u00dften Pl\u00e4tze \u00fcberhaupt f\u00fcr dieses Genre.<\/br><\/p>\n<p>Schwule Porno Videos, schwule Filme, schwule Clips in HD, schwule Amateur Videos, schwule Fetisch und BDSM Filme, 3D Filme und Videos, hardcore und softcore Bilder, Amateur Bilder, schwule Kunst, Comics und Magazine und ein Platz f\u00fcr jede Art von schwulen Diskussionen? Sicher, all das kannst du auf den Seiten vom Gay.PornBB.com Forum finden. Du hast auf alles, was du willst, kostenlosen Zugriff und du kannst sogar alles was du m\u00f6chtest herunterladen. Wenn du dich dazu entschlie\u00dft der Gemeinschaft beizutreten um mit anderen Leuten zu interagieren, die das gleiche Interesse f\u00fcr diese Art von Pornos mit dir teilen, dann wirst du dich anmelden m\u00fcssen. Aber, wie ich bereits oben erw\u00e4hnt habe, es ist komplett kostenlos!<br \/>\n<\/span>\n<\/div>\n<div class=\"reviewsiteurl\">\n<a href=\"http:\/\/gay.pornbb.org\/\" rel=\"nofollow noopener noreferrer\" base target=\"_self\"><span style=\"font-size:32px;font-style:normal;font-weight:bold;text-decoration:underline;\">Hier klicken, um die webseite zu besuchen <\/span><\/a>\n<\/div>\n<\/div>\n","protected":false},"excerpt":{"rendered":"<p>Zur\u00fcck zur Startseite Seitenbewertung gay.pornbb gay.pornbb.org Der schwule Bereich von PornBB ist der eine Platz und die eine Gemeinschaft wo du dich kostenlos mit einem Usernamen anmelden solltest wenn du auf diese Art der Unterhaltung f\u00fcr Erwachsene stehst und wenn du diese Art der sexuellen Vorlieben teilst. Es gibt nicht viel \u00fcber diesen Ort zu <a href='https:\/\/www.thepornlist.net\/de\/gay-porno-seiten\/gay-pornbb\/' class='excerpt-more'>[&#8230;]<\/a><\/p>\n","protected":false},"author":1,"featured_media":0,"parent":9753,"menu_order":35250,"comment_status":"closed","ping_status":"closed","template":"0-autofill-tpl-template.php","meta":{"_acf_changed":false,"footnotes":""},"tags":[],"acf":[],"aioseo_notices":[],"_links":{"self":[{"href":"https:\/\/www.thepornlist.net\/de\/wp-json\/wp\/v2\/pages\/10109"}],"collection":[{"href":"https:\/\/www.thepornlist.net\/de\/wp-json\/wp\/v2\/pages"}],"about":[{"href":"https:\/\/www.thepornlist.net\/de\/wp-json\/wp\/v2\/types\/page"}],"author":[{"embeddable":true,"href":"https:\/\/www.thepornlist.net\/de\/wp-json\/wp\/v2\/users\/1"}],"replies":[{"embeddable":true,"href":"https:\/\/www.thepornlist.net\/de\/wp-json\/wp\/v2\/comments?post=10109"}],"version-history":[{"count":0,"href":"https:\/\/www.thepornlist.net\/de\/wp-json\/wp\/v2\/pages\/10109\/revisions"}],"up":[{"embeddable":true,"href":"https:\/\/www.thepornlist.net\/de\/wp-json\/wp\/v2\/pages\/9753"}],"wp:attachment":[{"href":"https:\/\/www.thepornlist.net\/de\/wp-json\/wp\/v2\/media?parent=10109"}],"wp:term":[{"taxonomy":"post_tag","embeddable":true,"href":"https:\/\/www.thepornlist.net\/de\/wp-json\/wp\/v2\/tags?post=10109"}],"curies":[{"name":"wp","href":"https:\/\/api.w.org\/{rel}","templated":true}]}}