{"id":10111,"date":"2015-09-14T10:25:48","date_gmt":"2015-09-14T10:25:48","guid":{"rendered":"https:\/\/www.thepornlist.net\/de\/gay-porn-list\/gayheaven\/"},"modified":"2019-05-16T11:45:44","modified_gmt":"2019-05-16T11:45:44","slug":"gayheaven","status":"publish","type":"page","link":"https:\/\/www.thepornlist.net\/de\/gay-porno-seiten\/gayheaven\/","title":{"rendered":"gayheaven.org"},"content":{"rendered":"<div class=\"pb\">\n<div class=\"hd\">\n<a href=\"https:\/\/www.thepornlist.net\/de\/\" base target=\"_self\">Zur\u00fcck zur Startseite<\/a>\n<\/div>\n<div class=\"hd2\">\n<span style=\"font-style:normal;font-weight:bold;\">Seitenbewertung<\/span>\n<\/div>\n<\/div>\n<div style=\"width:100%; margin-left:auto; margin-right:auto; clear:both;z-index:1; padding-top:5px; border-radius: 2px;\">\n<div class=\"reviewimg\">\n<p><a href=\"http:\/\/www.gayheaven.org\/\" rel=\"nofollow\" base target=\"_self\"><img decoding=\"async\" src=\"https:\/\/www.thepornlist.net\/wp-content\/uploads\/2015\/review\/gayheaven.jpg\" width=\"500\" height=\"500\" alt=\"Porn Tube\"><\/a><\/p>\n<\/div>\n<div class=\"reviewtitle\">\n<h1 style=\"font-family:Arial;font-size:56px;font-style:normal;font-weight:bold;color:#FF1F78;\">gayheaven<\/h1>\n<\/div>\n<div class=\"reviewsub\">\n<h2 style=\"font-size:14px;font-style:normal;font-weight:bold;\">gayheaven.org<\/H2>\n<\/div>\n<div class=\"reviewtext\">\n<span style=\"font-size:16px;font-style:normal;\">Willkommen bei GayHeaven.org \u2013 einem schwulen Forum f\u00fcr schwule M\u00e4nner. Es gibt hier alles und wenn du auf der Suche nach einer schwulen Gemeinschaft bist, die dich mit Freude willkommen hei\u00dft, ist das der richtige Ort f\u00fcr dich. Da es ein Forum Board ist, musst du einen Account registrieren um mit anderen Leuten interagieren zu k\u00f6nnen. Aber es kostet nichts, also sehe ich keinen Grund warum du es nicht tun solltest. Es scheint ob es in jedem Unterforum eine Antwort gibt, die heute geschrieben wurde \u2013 genau, GayHeaven ist eine aktive Gesellschaft wo es dir nicht langweilig werden wird.<\/br> <\/p>\n<p>Das Subforum mit der Gemeinschaft wird dich auf dem laufenden halten \u00fcber allgemeine Diskussionen, t\u00e4glichen Humor, lustige Sachen, schwule News, eine Ecke f\u00fcr Spieler, Pornos, Sex Diskussionen und XXX Anfragen.<\/br><\/p>\n<p>Das Unterforum zur Unterhaltung hat News und Klatsch und Tratsch \u00fcber ber\u00fchmte Personen, schwule Anim\u00e9s und Mangas, Zeichnungen, Schreibereien und mehr.<\/br><\/p>\n<p>Es gibt sogar ein Unterforum f\u00fcr schwule Videos \u2013 mit Optionen wie schwule Clips, schwule HD Videos, schwule Filme, schwule Videos zum streamen, schwuler Fetisch und BDSM, schwule Amateur Clips und so weiter Und es gibt ein Subforum f\u00fcr schwule Bilder voller Foto Sets f\u00fcr den Porno Sammler in dir. Alles in allem ist es ein gutes Forum f\u00fcr die weltweite Gemeinschaft an Schwulen. Besuch es!<br \/>\n<\/span>\n<\/div>\n<div class=\"reviewsiteurl\">\n<a href=\"http:\/\/www.gayheaven.org\/\" rel=\"nofollow\" base target=\"_self\"><span style=\"font-size:32px;font-style:normal;font-weight:bold;text-decoration:underline;\">Hier klicken, um die webseite zu besuchen <\/span><\/a>\n<\/div>\n<\/div>\n","protected":false},"excerpt":{"rendered":"<p>Zur\u00fcck zur Startseite Seitenbewertung gayheaven gayheaven.org Willkommen bei GayHeaven.org \u2013 einem schwulen Forum f\u00fcr schwule M\u00e4nner. Es gibt hier alles und wenn du auf der Suche nach einer schwulen Gemeinschaft bist, die dich mit Freude willkommen hei\u00dft, ist das der richtige Ort f\u00fcr dich. Da es ein Forum Board ist, musst du einen Account registrieren <a href='https:\/\/www.thepornlist.net\/de\/gay-porno-seiten\/gayheaven\/' class='excerpt-more'>[&#8230;]<\/a><\/p>\n","protected":false},"author":1,"featured_media":0,"parent":9753,"menu_order":34610,"comment_status":"closed","ping_status":"closed","template":"0-autofill-tpl-template.php","meta":{"_acf_changed":false,"footnotes":""},"tags":[],"acf":[],"aioseo_notices":[],"_links":{"self":[{"href":"https:\/\/www.thepornlist.net\/de\/wp-json\/wp\/v2\/pages\/10111"}],"collection":[{"href":"https:\/\/www.thepornlist.net\/de\/wp-json\/wp\/v2\/pages"}],"about":[{"href":"https:\/\/www.thepornlist.net\/de\/wp-json\/wp\/v2\/types\/page"}],"author":[{"embeddable":true,"href":"https:\/\/www.thepornlist.net\/de\/wp-json\/wp\/v2\/users\/1"}],"replies":[{"embeddable":true,"href":"https:\/\/www.thepornlist.net\/de\/wp-json\/wp\/v2\/comments?post=10111"}],"version-history":[{"count":0,"href":"https:\/\/www.thepornlist.net\/de\/wp-json\/wp\/v2\/pages\/10111\/revisions"}],"up":[{"embeddable":true,"href":"https:\/\/www.thepornlist.net\/de\/wp-json\/wp\/v2\/pages\/9753"}],"wp:attachment":[{"href":"https:\/\/www.thepornlist.net\/de\/wp-json\/wp\/v2\/media?parent=10111"}],"wp:term":[{"taxonomy":"post_tag","embeddable":true,"href":"https:\/\/www.thepornlist.net\/de\/wp-json\/wp\/v2\/tags?post=10111"}],"curies":[{"name":"wp","href":"https:\/\/api.w.org\/{rel}","templated":true}]}}