{"id":10116,"date":"2015-09-14T10:23:59","date_gmt":"2015-09-14T10:23:59","guid":{"rendered":"https:\/\/www.thepornlist.net\/de\/gay-porn-list\/gay-hotfile-errio\/"},"modified":"2019-05-16T11:45:27","modified_gmt":"2019-05-16T11:45:27","slug":"gay-hotfile-errio","status":"publish","type":"page","link":"https:\/\/www.thepornlist.net\/de\/gay-porno-seiten\/gay-hotfile-errio\/","title":{"rendered":"gay-hotfile.errio.net"},"content":{"rendered":"<div class=\"pb\">\n<div class=\"hd\">\n<a href=\"https:\/\/www.thepornlist.net\/de\/\" base target=\"_self\">Zur\u00fcck zur Startseite<\/a>\n<\/div>\n<div class=\"hd2\">\n<span style=\"font-style:normal;font-weight:bold;\">Seitenbewertung<\/span>\n<\/div>\n<\/div>\n<div style=\"width:100%; margin-left:auto; margin-right:auto; clear:both;z-index:1; padding-top:5px; border-radius: 2px;\">\n<div class=\"reviewimg\">\n<p><a href=\"http:\/\/www.gay-hotfile.errio.net\/\" rel=\"nofollow\" base target=\"_self\"><img decoding=\"async\" src=\"https:\/\/www.thepornlist.net\/wp-content\/uploads\/2015\/review\/gay-hotfile.errio.jpg\" width=\"500\" height=\"500\" alt=\"Porn Tube\"><\/a><\/p>\n<\/div>\n<div class=\"reviewtitle\">\n<h1 style=\"font-family:Arial;font-size:56px;font-style:normal;font-weight:bold;color:#FF1F78;\">gay-hotfile.errio<\/h1>\n<\/div>\n<div class=\"reviewsub\">\n<h2 style=\"font-size:14px;font-style:normal;font-weight:bold;\">gay-hotfile.errio.net<\/H2>\n<\/div>\n<div class=\"reviewtext\">\n<span style=\"font-size:16px;font-style:normal;\">Gay-hotfile.errio.net ist dein Ziel f\u00fcr kostenlose schwule Porno Filme und Videos in voller L\u00e4nge aus verschiedenen Studios.<\/br><\/p>\n<p>Auf der Homepage hast du eine Menge M\u00f6glichkeiten, wie du mit den Inhalten umgehen kannst und wenn du auf eine Ver\u00f6ffentlichung klickst, erh\u00e4ltst du viele Details \u00fcber den Film den du sehen willst bevor du ihn herunterl\u00e4dst: Beschreibung, Screenshots, L\u00e4nge, Dauer und andere Dinge. Wenn du dich daf\u00fcr entscheidest ihn auf deine Festplatte zu ziehen, wirst du Hosting Webseiten von Drittanbietern wie DataFile.com, NitroFlare.com RapidGator.net und andere, verwenden m\u00fcssen. Jeder Download ist kostenlos und du bekommst eine annehmbare Geschwindigkeit. Wenn du k\u00fcrzere Download Zeiten oder gr\u00f6\u00dfere Mengen an schwulen Pornos herunterladen willst, wirst du dich zu einem Premium Account anmelden m\u00fcssen. Du kannst die Ver\u00f6ffentlichung auch mit einem Gef\u00e4llt mir versehen oder sie twittern. Aber mal ernsthaft, wie ich schon vorher gesagt habe, wer will schon, dass seine Familie sieht was er macht wenn er alleine zu Hause ist?<\/br><\/p>\n<p>Gay-hotfile.errio.net bietet dir eine Menge an schwulen Schlagworten, von denen du profitieren kannst; Amateur, anal, Eier, ohne Kondom, Cumshots, Muskeln, oral, outdoor, Bullen, wilder Hengst, Kot, Dreier, zu dritt und Schlagworte f\u00fcr schwule Porno Studios wie TitanMan, Treasure Island Media und viele andere.<br \/>\n<\/span>\n<\/div>\n<div class=\"reviewsiteurl\">\n<a href=\"http:\/\/www.gay-hotfile.errio.net\/\" rel=\"nofollow\" base target=\"_self\"><span style=\"font-size:32px;font-style:normal;font-weight:bold;text-decoration:underline;\">Hier klicken, um die webseite zu besuchen <\/span><\/a>\n<\/div>\n<\/div>\n","protected":false},"excerpt":{"rendered":"<p>Zur\u00fcck zur Startseite Seitenbewertung gay-hotfile.errio gay-hotfile.errio.net Gay-hotfile.errio.net ist dein Ziel f\u00fcr kostenlose schwule Porno Filme und Videos in voller L\u00e4nge aus verschiedenen Studios. Auf der Homepage hast du eine Menge M\u00f6glichkeiten, wie du mit den Inhalten umgehen kannst und wenn du auf eine Ver\u00f6ffentlichung klickst, erh\u00e4ltst du viele Details \u00fcber den Film den du sehen <a href='https:\/\/www.thepornlist.net\/de\/gay-porno-seiten\/gay-hotfile-errio\/' class='excerpt-more'>[&#8230;]<\/a><\/p>\n","protected":false},"author":1,"featured_media":0,"parent":9753,"menu_order":28310,"comment_status":"closed","ping_status":"closed","template":"0-autofill-tpl-template.php","meta":{"_acf_changed":false,"footnotes":""},"tags":[],"acf":[],"aioseo_notices":[],"_links":{"self":[{"href":"https:\/\/www.thepornlist.net\/de\/wp-json\/wp\/v2\/pages\/10116"}],"collection":[{"href":"https:\/\/www.thepornlist.net\/de\/wp-json\/wp\/v2\/pages"}],"about":[{"href":"https:\/\/www.thepornlist.net\/de\/wp-json\/wp\/v2\/types\/page"}],"author":[{"embeddable":true,"href":"https:\/\/www.thepornlist.net\/de\/wp-json\/wp\/v2\/users\/1"}],"replies":[{"embeddable":true,"href":"https:\/\/www.thepornlist.net\/de\/wp-json\/wp\/v2\/comments?post=10116"}],"version-history":[{"count":0,"href":"https:\/\/www.thepornlist.net\/de\/wp-json\/wp\/v2\/pages\/10116\/revisions"}],"up":[{"embeddable":true,"href":"https:\/\/www.thepornlist.net\/de\/wp-json\/wp\/v2\/pages\/9753"}],"wp:attachment":[{"href":"https:\/\/www.thepornlist.net\/de\/wp-json\/wp\/v2\/media?parent=10116"}],"wp:term":[{"taxonomy":"post_tag","embeddable":true,"href":"https:\/\/www.thepornlist.net\/de\/wp-json\/wp\/v2\/tags?post=10116"}],"curies":[{"name":"wp","href":"https:\/\/api.w.org\/{rel}","templated":true}]}}