{"id":10121,"date":"2015-09-13T17:34:19","date_gmt":"2015-09-13T17:34:19","guid":{"rendered":"https:\/\/www.thepornlist.net\/de\/porn-forum-sites\/waskucity\/"},"modified":"2019-05-20T12:29:55","modified_gmt":"2019-05-20T12:29:55","slug":"waskucity","status":"publish","type":"page","link":"https:\/\/www.thepornlist.net\/de\/porn-forum-sites\/waskucity\/","title":{"rendered":"waskucity.com"},"content":{"rendered":"<div class=\"pb\">\n<div class=\"hd\">\n<a href=\"https:\/\/www.thepornlist.net\/de\/\" base target=\"_self\">Zur\u00fcck zur Startseite<\/a>\n<\/div>\n<div class=\"hd2\">\n<span style=\"font-style:normal;font-weight:bold;\">Seitenbewertung<\/span>\n<\/div>\n<\/div>\n<div style=\"width:100%; margin-left:auto; margin-right:auto; clear:both;z-index:1; padding-top:5px; border-radius: 2px;\">\n<div class=\"reviewimg\">\n<p><a href=\"http:\/\/www.waskucity.com\/\" base target=\"_self\"><img decoding=\"async\" src=\"https:\/\/www.thepornlist.net\/wp-content\/uploads\/2015\/review\/waskucity.jpg\" width=\"500\" height=\"500\" alt=\"Porn Tube\"><\/a><\/p>\n<\/div>\n<div class=\"reviewtitle\">\n<h1 style=\"font-family:Arial;font-size:56px;font-style:normal;font-weight:bold;color:#FF1F78;\">waskucity<\/h1>\n<\/div>\n<div class=\"reviewsub\">\n<h2 style=\"font-size:14px;font-style:normal;font-weight:bold;\">waskucity.com<\/H2>\n<\/div>\n<div class=\"reviewtext\">\n<span style=\"font-size:16px;font-style:normal;\">Willkommen bei den WaskuCity.com Foren \u2013 Porno Hauptstadt der Welt. Genau das werden sie dir erz\u00e4hlen sobald du ihre Seiten besuchst. Lass mich dir noch ein paar andere Details \u00fcber sie mitteilen.<\/br> <\/p>\n<p>Wasku Island Pornos, amerikanische Pornos, brasilianische Pornos, britische Pornos, burmesische Pornos, kanadische Pornos, chinesische Pornos, tschechische Pornos, dominikanische Pornos, holl\u00e4ndische Pornos, \u00e4gyptische Pornos, philippinische Pornos, franz\u00f6sische Pornos, deutsche Pornos, indische Pornos, indonesische Pornos, japanische Pornos, malaysische Pornos, mexikanische Pornos, nigerianische Pornos, russische Pornos, s\u00fcdkoreanische Pornos, schwedische Pornos, thail\u00e4ndische Pornos, t\u00fcrkische Pornos, vietnamesische Pornos. Habe ich etwas vergessen? Meine G\u00fcte, hier gibt es jede Menge Abwechslung!<\/br><\/p>\n<p>Es kostet nichts hier zu browsen und es ist auch kostenlos einen Account anzulegen. Bei so vielen Inhalten solltest du es ohne zu z\u00f6gern ausprobieren. Besonders weil es so kostenlos ist alles zu genie\u00dfen, was sie haben. Sicher, um Inhalte herunterzuladen musst du an ein externes Hosting Unternehmen weitergeleitet werden, das dir gestatten wird Porno Materialien kostenlos herunterzuladen, mit langsamen Geschwindigkeiten aber wenn du genug Zeit hast, sollte das doch kein Problem f\u00fcr dich sein. Wenn du keine Zeit hast, bedeutet das, dass du Geld hast \u2013 kaufe eine Mitgliedschaft f\u00fcr hohe Geschwindigkeit und lass dich umhauen auf WaskuCity.com.<br \/>\n<\/span>\n<\/div>\n<div class=\"reviewsiteurl\">\n<a href=\"http:\/\/www.waskucity.com\/\" base target=\"_self\"><span style=\"font-size:32px;font-style:normal;font-weight:bold;text-decoration:underline;\">Hier klicken, um die webseite zu besuchen <\/span><\/a>\n<\/div>\n<\/div>\n","protected":false},"excerpt":{"rendered":"<p>Zur\u00fcck zur Startseite Seitenbewertung waskucity waskucity.com Willkommen bei den WaskuCity.com Foren \u2013 Porno Hauptstadt der Welt. Genau das werden sie dir erz\u00e4hlen sobald du ihre Seiten besuchst. Lass mich dir noch ein paar andere Details \u00fcber sie mitteilen. Wasku Island Pornos, amerikanische Pornos, brasilianische Pornos, britische Pornos, burmesische Pornos, kanadische Pornos, chinesische Pornos, tschechische Pornos, <a href='https:\/\/www.thepornlist.net\/de\/porn-forum-sites\/waskucity\/' class='excerpt-more'>[&#8230;]<\/a><\/p>\n","protected":false},"author":1,"featured_media":0,"parent":9774,"menu_order":32570,"comment_status":"closed","ping_status":"closed","template":"0-autofill-tpl-template.php","meta":{"_acf_changed":false,"footnotes":""},"tags":[],"acf":[],"aioseo_notices":[],"_links":{"self":[{"href":"https:\/\/www.thepornlist.net\/de\/wp-json\/wp\/v2\/pages\/10121"}],"collection":[{"href":"https:\/\/www.thepornlist.net\/de\/wp-json\/wp\/v2\/pages"}],"about":[{"href":"https:\/\/www.thepornlist.net\/de\/wp-json\/wp\/v2\/types\/page"}],"author":[{"embeddable":true,"href":"https:\/\/www.thepornlist.net\/de\/wp-json\/wp\/v2\/users\/1"}],"replies":[{"embeddable":true,"href":"https:\/\/www.thepornlist.net\/de\/wp-json\/wp\/v2\/comments?post=10121"}],"version-history":[{"count":0,"href":"https:\/\/www.thepornlist.net\/de\/wp-json\/wp\/v2\/pages\/10121\/revisions"}],"up":[{"embeddable":true,"href":"https:\/\/www.thepornlist.net\/de\/wp-json\/wp\/v2\/pages\/9774"}],"wp:attachment":[{"href":"https:\/\/www.thepornlist.net\/de\/wp-json\/wp\/v2\/media?parent=10121"}],"wp:term":[{"taxonomy":"post_tag","embeddable":true,"href":"https:\/\/www.thepornlist.net\/de\/wp-json\/wp\/v2\/tags?post=10121"}],"curies":[{"name":"wp","href":"https:\/\/api.w.org\/{rel}","templated":true}]}}