{"id":10122,"date":"2015-09-13T17:19:28","date_gmt":"2015-09-13T17:19:28","guid":{"rendered":"https:\/\/www.thepornlist.net\/de\/porn-forum-sites\/rawporn\/"},"modified":"2019-05-20T12:30:00","modified_gmt":"2019-05-20T12:30:00","slug":"rawporn","status":"publish","type":"page","link":"https:\/\/www.thepornlist.net\/de\/porn-forum-sites\/rawporn\/","title":{"rendered":"rawporn.org"},"content":{"rendered":"<div class=\"pb\">\n<div class=\"hd\">\n<a href=\"https:\/\/www.thepornlist.net\/de\/\" base target=\"_self\">Zur\u00fcck zur Startseite<\/a>\n<\/div>\n<div class=\"hd2\">\n<span style=\"font-style:normal;font-weight:bold;\">Seitenbewertung<\/span>\n<\/div>\n<\/div>\n<div style=\"width:100%; margin-left:auto; margin-right:auto; clear:both;z-index:1; padding-top:5px; border-radius: 2px;\">\n<div class=\"reviewimg\">\n<p><a href=\"http:\/\/www.rawporn.org\/\" base target=\"_self\"><img decoding=\"async\" src=\"https:\/\/www.thepornlist.net\/wp-content\/uploads\/2015\/review\/rawporn.jpg\" width=\"500\" height=\"500\" alt=\"Porn Tube\"><\/a><\/p>\n<\/div>\n<div class=\"reviewtitle\">\n<h1 style=\"font-family:Arial;font-size:56px;font-style:normal;font-weight:bold;color:#FF1F78;\">rawporn<\/h1>\n<\/div>\n<div class=\"reviewsub\">\n<h2 style=\"font-size:14px;font-style:normal;font-weight:bold;\">rawporn.org<\/H2>\n<\/div>\n<div class=\"reviewtext\">\n<span style=\"font-size:16px;font-style:normal;\">Pornos, jede Menge Pornos! Das ist es, was du auf diesem netten Forum finden wirst. Es ist voll mit Tonnen an kostenlosen Pornos. Diese Gemeinschaft von Porno Liebhabern wird mit dir Pornos aus verschiedenen Nischen teilen, alle kostenlos und alle von guter Qualit\u00e4t. Wenn du Sex in Bewegung magst, dann wirst du mit ihren Video Ver\u00f6ffentlichungen \u00fcberh\u00e4uft werden, ansonsten, wenn du eher auf Bilder stehst, dann sei nicht traurig denn sie sorgen daf\u00fcr, dass du gl\u00fccklich sein wirst! Sie haben auch Tonnen an Ver\u00f6ffentlichungen mit Bildern! Alle Arten von Videos und Bildern befinden sich hier, von hardcore bis Vintage, von ganzen Filmen bis HD Videos, von Asiatinnen bis hin zur Nische mit Schwangeren. Wenn eine Nische eher alternativ ist, dann mach dir keine Sorgen denn auch sie wird abgedeckt sein, von Shemales hin zu Ladyboys oder Kot oder pinkeln denn dies ist ein Ort f\u00fcr alle! Du sagst was du willst und sie liefern es zu deiner Befriedigung!<\/br><\/p>\n<p>Die Inhalte, die sie liefern, werden nicht auf eigenen Servern gehostet. Sie verwenden kostenlose Hosting Anbieter wie Keep 2 Share oder FastPic.ru. Ich vermute mal, du wei\u00dft schon wie es funktioniert, wenn du es schnell willst, dann musst du Premium Mitglied werden!<\/br><\/p>\n<p>Die Anmeldung ist kostenlos, also los, mach es gleich!<br \/>\n<\/span>\n<\/div>\n<div class=\"reviewsiteurl\">\n<a href=\"http:\/\/www.rawporn.org\/\" base target=\"_self\"><span style=\"font-size:32px;font-style:normal;font-weight:bold;text-decoration:underline;\">Hier klicken, um die webseite zu besuchen <\/span><\/a>\n<\/div>\n<\/div>\n","protected":false},"excerpt":{"rendered":"<p>Zur\u00fcck zur Startseite Seitenbewertung rawporn rawporn.org Pornos, jede Menge Pornos! Das ist es, was du auf diesem netten Forum finden wirst. Es ist voll mit Tonnen an kostenlosen Pornos. Diese Gemeinschaft von Porno Liebhabern wird mit dir Pornos aus verschiedenen Nischen teilen, alle kostenlos und alle von guter Qualit\u00e4t. Wenn du Sex in Bewegung magst, <a href='https:\/\/www.thepornlist.net\/de\/porn-forum-sites\/rawporn\/' class='excerpt-more'>[&#8230;]<\/a><\/p>\n","protected":false},"author":1,"featured_media":0,"parent":9774,"menu_order":31150,"comment_status":"closed","ping_status":"closed","template":"0-autofill-tpl-template.php","meta":{"_acf_changed":false,"footnotes":""},"tags":[],"acf":[],"aioseo_notices":[],"_links":{"self":[{"href":"https:\/\/www.thepornlist.net\/de\/wp-json\/wp\/v2\/pages\/10122"}],"collection":[{"href":"https:\/\/www.thepornlist.net\/de\/wp-json\/wp\/v2\/pages"}],"about":[{"href":"https:\/\/www.thepornlist.net\/de\/wp-json\/wp\/v2\/types\/page"}],"author":[{"embeddable":true,"href":"https:\/\/www.thepornlist.net\/de\/wp-json\/wp\/v2\/users\/1"}],"replies":[{"embeddable":true,"href":"https:\/\/www.thepornlist.net\/de\/wp-json\/wp\/v2\/comments?post=10122"}],"version-history":[{"count":0,"href":"https:\/\/www.thepornlist.net\/de\/wp-json\/wp\/v2\/pages\/10122\/revisions"}],"up":[{"embeddable":true,"href":"https:\/\/www.thepornlist.net\/de\/wp-json\/wp\/v2\/pages\/9774"}],"wp:attachment":[{"href":"https:\/\/www.thepornlist.net\/de\/wp-json\/wp\/v2\/media?parent=10122"}],"wp:term":[{"taxonomy":"post_tag","embeddable":true,"href":"https:\/\/www.thepornlist.net\/de\/wp-json\/wp\/v2\/tags?post=10122"}],"curies":[{"name":"wp","href":"https:\/\/api.w.org\/{rel}","templated":true}]}}