{"id":10125,"date":"2015-09-13T17:16:55","date_gmt":"2015-09-13T17:16:55","guid":{"rendered":"https:\/\/www.thepornlist.net\/de\/porn-forum-sites\/antiq-forum\/"},"modified":"2019-05-20T12:30:06","modified_gmt":"2019-05-20T12:30:06","slug":"antiq-forum","status":"publish","type":"page","link":"https:\/\/www.thepornlist.net\/de\/porn-forum-sites\/antiq-forum\/","title":{"rendered":"antiq-forum.com"},"content":{"rendered":"<div class=\"pb\">\n<div class=\"hd\">\n<a href=\"https:\/\/www.thepornlist.net\/de\/\" base target=\"_self\">Zur\u00fcck zur Startseite<\/a>\n<\/div>\n<div class=\"hd2\">\n<span style=\"font-style:normal;font-weight:bold;\">Seitenbewertung<\/span>\n<\/div>\n<\/div>\n<div style=\"width:100%; margin-left:auto; margin-right:auto; clear:both;z-index:1; padding-top:5px; border-radius: 2px;\">\n<div class=\"reviewimg\">\n<p><a href=\"http:\/\/www.antiq-forum.com\/\" base target=\"_self\"><img decoding=\"async\" src=\"https:\/\/www.thepornlist.net\/wp-content\/uploads\/2015\/review\/antiq-forum.jpg\" width=\"500\" height=\"500\" alt=\"Porn Tube\"><\/a><\/p>\n<\/div>\n<div class=\"reviewtitle\">\n<h1 style=\"font-family:Arial;font-size:56px;font-style:normal;font-weight:bold;color:#FF1F78;\">antiq-forum<\/h1>\n<\/div>\n<div class=\"reviewsub\">\n<h2 style=\"font-size:14px;font-style:normal;font-weight:bold;\">antiq-forum.com<\/H2>\n<\/div>\n<div class=\"reviewtext\">\n<span style=\"font-size:16px;font-style:normal;\">Antiq-forum.com ist ein Porno Forum. Glaub mir, es ist eins! Der Name ist nicht so schl\u00fcssig und du musst schon ein bisschen pfiffig sein um zu verstehen warum sie diesen Namen verwendet haben.<\/br> <\/p>\n<p>Du fragst, was in der Antike passierte? Pinkeln, Nacktheit und FKK, Exhibitionismus, \u00f6ffentlich, haarig, gro\u00dfe Titten, Lesben, reife Frauen, hardcore und softcore Sex \u2013 das passierte! Sie haben eine Menge an Posts (6.444.632 in diesem Moment), die in einer Menge von Bereichen (Voyeur, Nacktheit, Exhibitionismus Forum, Teens Forum, allgemeine Pornos, Fetisch Forum, ethnisch, extrem \/ bizarr Forum, virtuelles Forum und andere) angeordnet sind. Es gibt mehr als 22.000 Mitglieder zum jetzigen Zeitpunkt und Tausende sind online. Wenn du ihre Inhalte ausprobieren willst, kannst du das ohne jede Art der Anmeldung tun. Vielleicht haben sie einige \u201eNur f\u00fcr Mitglieder\u201c Bereiche, aber das wirst du selbst herausfinden m\u00fcssen. Wenn du mit der Gemeinschaft interagieren oder deine eigenen kleinen Porno Videos ver\u00f6ffentlichen willst, dann musst du einen kostenlosen Account anlegen. Auch der Download ist kostenlos aber wird \u00fcber externe Hosting Webseiten stattfinden und wird mit langsamer Geschwindigkeit geschehen. F\u00fcr h\u00f6here Geschwindigkeiten und andere tolle Optionen, brauchst du eine bezahlte Mitgliedschaft.<br \/>\n<\/span>\n<\/div>\n<div class=\"reviewsiteurl\">\n<a href=\"http:\/\/www.antiq-forum.com\/\" base target=\"_self\"><span style=\"font-size:32px;font-style:normal;font-weight:bold;text-decoration:underline;\">Hier klicken, um die webseite zu besuchen <\/span><\/a>\n<\/div>\n<\/div>\n","protected":false},"excerpt":{"rendered":"<p>Zur\u00fcck zur Startseite Seitenbewertung antiq-forum antiq-forum.com Antiq-forum.com ist ein Porno Forum. Glaub mir, es ist eins! Der Name ist nicht so schl\u00fcssig und du musst schon ein bisschen pfiffig sein um zu verstehen warum sie diesen Namen verwendet haben. Du fragst, was in der Antike passierte? Pinkeln, Nacktheit und FKK, Exhibitionismus, \u00f6ffentlich, haarig, gro\u00dfe Titten, <a href='https:\/\/www.thepornlist.net\/de\/porn-forum-sites\/antiq-forum\/' class='excerpt-more'>[&#8230;]<\/a><\/p>\n","protected":false},"author":1,"featured_media":0,"parent":9774,"menu_order":29550,"comment_status":"closed","ping_status":"closed","template":"0-autofill-tpl-template.php","meta":{"_acf_changed":false,"footnotes":""},"tags":[],"acf":[],"aioseo_notices":[],"_links":{"self":[{"href":"https:\/\/www.thepornlist.net\/de\/wp-json\/wp\/v2\/pages\/10125"}],"collection":[{"href":"https:\/\/www.thepornlist.net\/de\/wp-json\/wp\/v2\/pages"}],"about":[{"href":"https:\/\/www.thepornlist.net\/de\/wp-json\/wp\/v2\/types\/page"}],"author":[{"embeddable":true,"href":"https:\/\/www.thepornlist.net\/de\/wp-json\/wp\/v2\/users\/1"}],"replies":[{"embeddable":true,"href":"https:\/\/www.thepornlist.net\/de\/wp-json\/wp\/v2\/comments?post=10125"}],"version-history":[{"count":0,"href":"https:\/\/www.thepornlist.net\/de\/wp-json\/wp\/v2\/pages\/10125\/revisions"}],"up":[{"embeddable":true,"href":"https:\/\/www.thepornlist.net\/de\/wp-json\/wp\/v2\/pages\/9774"}],"wp:attachment":[{"href":"https:\/\/www.thepornlist.net\/de\/wp-json\/wp\/v2\/media?parent=10125"}],"wp:term":[{"taxonomy":"post_tag","embeddable":true,"href":"https:\/\/www.thepornlist.net\/de\/wp-json\/wp\/v2\/tags?post=10125"}],"curies":[{"name":"wp","href":"https:\/\/api.w.org\/{rel}","templated":true}]}}