{"id":10127,"date":"2015-09-13T17:15:44","date_gmt":"2015-09-13T17:15:44","guid":{"rendered":"https:\/\/www.thepornlist.net\/de\/porn-forum-sites\/jdforum\/"},"modified":"2019-05-20T12:30:11","modified_gmt":"2019-05-20T12:30:11","slug":"jdforum","status":"publish","type":"page","link":"https:\/\/www.thepornlist.net\/de\/porn-forum-sites\/jdforum\/","title":{"rendered":"jdforum.net"},"content":{"rendered":"<div class=\"pb\">\n<div class=\"hd\">\n<a href=\"https:\/\/www.thepornlist.net\/de\/\" base target=\"_self\">Zur\u00fcck zur Startseite<\/a>\n<\/div>\n<div class=\"hd2\">\n<span style=\"font-style:normal;font-weight:bold;\">Seitenbewertung<\/span>\n<\/div>\n<\/div>\n<div style=\"width:100%; margin-left:auto; margin-right:auto; clear:both;z-index:1; padding-top:5px; border-radius: 2px;\">\n<div class=\"reviewimg\">\n<p><a href=\"http:\/\/www.jdforum.net\/\" base target=\"_self\"><img decoding=\"async\" src=\"https:\/\/www.thepornlist.net\/wp-content\/uploads\/2015\/review\/jdforum.jpg\" width=\"500\" height=\"500\" alt=\"Porn Tube\"><\/a><\/p>\n<\/div>\n<div class=\"reviewtitle\">\n<h1 style=\"font-family:Arial;font-size:56px;font-style:normal;font-weight:bold;color:#FF1F78;\">jdforum<\/h1>\n<\/div>\n<div class=\"reviewsub\">\n<h2 style=\"font-size:14px;font-style:normal;font-weight:bold;\">jdforum.net<\/H2>\n<\/div>\n<div class=\"reviewtext\">\n<span style=\"font-size:16px;font-style:normal;\">JDForum ist ein Porno Forum mit kostenlosen Videos f\u00fcr Erwachsene. Du bekommst zu Hause gedrehte Amateur Clips, ganze Filme, Voyeur und Spannen, Teens \u00fcber 18, ethnische Pornos, Bukakke, schwangere Frauen, Hentai und Zeichentrick, reife Frauen und Inzest, kostenlose Porno Bilder, Retro und Vintage Inhalte f\u00fcr Erwachsene, Pornostar Videos und Foto Sets, Videos von Ber\u00fchmtheiten, Bilder von Ber\u00fchmtheiten, ber\u00fchmte Studios, extreme Fetisch Pornos und einige andere Dinge. Habe ich deine Aufmerksamkeit gewonnen?<\/br><\/p>\n<p>Willkommen bei JDForum.net, deinem Ziel f\u00fcr Pornos wenn du gerne Foren besuchst. Es ist kostenlos und wird es auch immer bleiben. Du kannst hier herum st\u00f6bern ohne einen Account und du kannst sogar alles downloaden, was du m\u00f6chtest. Wenn du mit der Gemeinschaft interagieren willst oder wenn du deine eigenen Pornos ver\u00f6ffentlichen willst, dann musst du dich registrieren. Es kostet nichts also sehe ich keinen Grund, warum du es nicht tun solltest. Auch die Downloads kosten nichts aber lass mich dir etwas sagen&#8230; im kostenlosen Modus wirst du eine langsame \u00dcbertragungsgeschwindigkeit haben. F\u00fcr bessere Geschwindigkeiten und andere Optionen musst du eine bezahlte Mitgliedschaft bei einem ihrer Hosting Partner abschlie\u00dfen.<\/br><\/p>\n<p>Wie andere Porno Foren, macht JDForum.net einen sehr guten Job und es liefert nur hochwertige Inhalte. Probiere diese Seite am besten gleich heute aus!<\/p>\n<p><\/span>\n<\/div>\n<div class=\"reviewsiteurl\">\n<a href=\"http:\/\/www.jdforum.net\/\" base target=\"_self\"><span style=\"font-size:32px;font-style:normal;font-weight:bold;text-decoration:underline;\">Hier klicken, um die webseite zu besuchen <\/span><\/a>\n<\/div>\n<\/div>\n","protected":false},"excerpt":{"rendered":"<p>Zur\u00fcck zur Startseite Seitenbewertung jdforum jdforum.net JDForum ist ein Porno Forum mit kostenlosen Videos f\u00fcr Erwachsene. Du bekommst zu Hause gedrehte Amateur Clips, ganze Filme, Voyeur und Spannen, Teens \u00fcber 18, ethnische Pornos, Bukakke, schwangere Frauen, Hentai und Zeichentrick, reife Frauen und Inzest, kostenlose Porno Bilder, Retro und Vintage Inhalte f\u00fcr Erwachsene, Pornostar Videos und <a href='https:\/\/www.thepornlist.net\/de\/porn-forum-sites\/jdforum\/' class='excerpt-more'>[&#8230;]<\/a><\/p>\n","protected":false},"author":1,"featured_media":0,"parent":9774,"menu_order":28290,"comment_status":"closed","ping_status":"closed","template":"0-autofill-tpl-template.php","meta":{"_acf_changed":false,"footnotes":""},"tags":[],"acf":[],"aioseo_notices":[],"_links":{"self":[{"href":"https:\/\/www.thepornlist.net\/de\/wp-json\/wp\/v2\/pages\/10127"}],"collection":[{"href":"https:\/\/www.thepornlist.net\/de\/wp-json\/wp\/v2\/pages"}],"about":[{"href":"https:\/\/www.thepornlist.net\/de\/wp-json\/wp\/v2\/types\/page"}],"author":[{"embeddable":true,"href":"https:\/\/www.thepornlist.net\/de\/wp-json\/wp\/v2\/users\/1"}],"replies":[{"embeddable":true,"href":"https:\/\/www.thepornlist.net\/de\/wp-json\/wp\/v2\/comments?post=10127"}],"version-history":[{"count":0,"href":"https:\/\/www.thepornlist.net\/de\/wp-json\/wp\/v2\/pages\/10127\/revisions"}],"up":[{"embeddable":true,"href":"https:\/\/www.thepornlist.net\/de\/wp-json\/wp\/v2\/pages\/9774"}],"wp:attachment":[{"href":"https:\/\/www.thepornlist.net\/de\/wp-json\/wp\/v2\/media?parent=10127"}],"wp:term":[{"taxonomy":"post_tag","embeddable":true,"href":"https:\/\/www.thepornlist.net\/de\/wp-json\/wp\/v2\/tags?post=10127"}],"curies":[{"name":"wp","href":"https:\/\/api.w.org\/{rel}","templated":true}]}}