{"id":10128,"date":"2015-09-13T17:15:08","date_gmt":"2015-09-13T17:15:08","guid":{"rendered":"https:\/\/www.thepornlist.net\/de\/porn-forum-sites\/elite-forum\/"},"modified":"2019-09-26T12:01:49","modified_gmt":"2019-09-26T12:01:49","slug":"elite-forum","status":"publish","type":"page","link":"https:\/\/www.thepornlist.net\/de\/porn-forum-sites\/elite-forum\/","title":{"rendered":"elite-forum.org"},"content":{"rendered":"<div class=\"pb\">\n<div class=\"hd\">\n<a href=\"https:\/\/www.thepornlist.net\/de\/\" base target=\"_self\" rel=\"noopener noreferrer\">Zur\u00fcck zur Startseite<\/a>\n<\/div>\n<div class=\"hd2\">\n<span style=\"font-style:normal;font-weight:bold;\">Seitenbewertung<\/span>\n<\/div>\n<\/div>\n<div style=\"width:100%; margin-left:auto; margin-right:auto; clear:both;z-index:1; padding-top:5px; border-radius: 2px;\">\n<div class=\"reviewimg\">\n<p><a href=\"http:\/\/www.elite-forum.org\/\" base target=\"_self\" rel=\"noopener noreferrer\"><img decoding=\"async\" src=\"https:\/\/www.thepornlist.net\/wp-content\/uploads\/2015\/review\/elite-forum.jpg\" width=\"500\" height=\"500\" alt=\"Porn Tube\"><\/a><\/p>\n<\/div>\n<div class=\"reviewtitle\">\n<h1 style=\"font-family:Arial;font-size:56px;font-style:normal;font-weight:bold;color:#FF1F78;\">elite-forum<\/h1>\n<\/div>\n<div class=\"reviewsub\">\n<h2 style=\"font-size:14px;font-style:normal;font-weight:bold;\">elite-forum.org<\/H2>\n<\/div>\n<div class=\"reviewtext\">\n<span style=\"font-size:16px;font-style:normal;\">Elite-Forum.org ist ein Porno Forum wo du alles finden wirst, was du dir schon immer gew\u00fcnscht hast \u2013 allgemeine Porno Filme, Hentai, Manga, XXX Spiele, erotische Videos, sexy Bilder, Magazine und mehr. Habe ich was vergessen? Ach ja \u2026 junge und sexy Models und Pornostars.<\/br><\/p>\n<p>Willkommen bei Elite-Forum. Es hat ein nettes Layout und wenn es um Foren geht, kann ich sagen, dass sie ein wundersch\u00f6nes Layout haben. Es kostet nichts auf der Seite zu browsen und es ist auch kostenlos alles was du willst herunterzuladen. Du wirst einen Account anmelden m\u00fcssen wenn du mit der Gemeinschaft interagieren willst oder wenn du deine eigenen Links posten willst. Auch wenn du Downloads mit hoher Geschwindigkeit m\u00f6chtest, musst du dich f\u00fcr eine bezahlte Mitgliedschaft bei einem ihrer Hosting Partner anmelden.<\/br> <\/p>\n<p>In der Seitenleiste wirst du ein Men\u00fc sehen \u00fcber das du in die Ver\u00f6ffentlichungen von heute gelangen kannst. Im Moment ist es au\u00dfer Funktion. Werde nicht w\u00fctend denn du kannst immer auf den Link mit der Suchfunktion zugreifen. Auch au\u00dfer Funktion. Jetzt ist deine einzige M\u00f6glichkeit noch zu klicken und zu browsen, zu klicken und zu browsen.<\/br><\/p>\n<p>Es gibt nicht viel mehr Dinge \u00fcber dieses Forum zu sagen. Ich lasse mal ihre Inhalte sprechen und werde auf deine Meinung warten. Leg los, sei tapfer!<br \/>\n<\/span>\n<\/div>\n<div class=\"reviewsiteurl\">\n<a href=\"http:\/\/www.elite-forum.org\/\" base target=\"_self\" rel=\"noopener noreferrer\"><span style=\"font-size:32px;font-style:normal;font-weight:bold;text-decoration:underline;\">Hier klicken, um die webseite zu besuchen <\/span><\/a>\n<\/div>\n<\/div>\n","protected":false},"excerpt":{"rendered":"<p>Zur\u00fcck zur Startseite Seitenbewertung elite-forum elite-forum.org Elite-Forum.org ist ein Porno Forum wo du alles finden wirst, was du dir schon immer gew\u00fcnscht hast \u2013 allgemeine Porno Filme, Hentai, Manga, XXX Spiele, erotische Videos, sexy Bilder, Magazine und mehr. Habe ich was vergessen? Ach ja \u2026 junge und sexy Models und Pornostars. Willkommen bei Elite-Forum. Es <a href='https:\/\/www.thepornlist.net\/de\/porn-forum-sites\/elite-forum\/' class='excerpt-more'>[&#8230;]<\/a><\/p>\n","protected":false},"author":1,"featured_media":0,"parent":9774,"menu_order":27690,"comment_status":"closed","ping_status":"closed","template":"0-autofill-tpl-template.php","meta":{"_acf_changed":false,"footnotes":""},"tags":[],"acf":[],"aioseo_notices":[],"_links":{"self":[{"href":"https:\/\/www.thepornlist.net\/de\/wp-json\/wp\/v2\/pages\/10128"}],"collection":[{"href":"https:\/\/www.thepornlist.net\/de\/wp-json\/wp\/v2\/pages"}],"about":[{"href":"https:\/\/www.thepornlist.net\/de\/wp-json\/wp\/v2\/types\/page"}],"author":[{"embeddable":true,"href":"https:\/\/www.thepornlist.net\/de\/wp-json\/wp\/v2\/users\/1"}],"replies":[{"embeddable":true,"href":"https:\/\/www.thepornlist.net\/de\/wp-json\/wp\/v2\/comments?post=10128"}],"version-history":[{"count":0,"href":"https:\/\/www.thepornlist.net\/de\/wp-json\/wp\/v2\/pages\/10128\/revisions"}],"up":[{"embeddable":true,"href":"https:\/\/www.thepornlist.net\/de\/wp-json\/wp\/v2\/pages\/9774"}],"wp:attachment":[{"href":"https:\/\/www.thepornlist.net\/de\/wp-json\/wp\/v2\/media?parent=10128"}],"wp:term":[{"taxonomy":"post_tag","embeddable":true,"href":"https:\/\/www.thepornlist.net\/de\/wp-json\/wp\/v2\/tags?post=10128"}],"curies":[{"name":"wp","href":"https:\/\/api.w.org\/{rel}","templated":true}]}}