{"id":10130,"date":"2015-09-13T17:13:56","date_gmt":"2015-09-13T17:13:56","guid":{"rendered":"https:\/\/www.thepornlist.net\/de\/porn-forum-sites\/vamateur\/"},"modified":"2019-05-20T12:30:19","modified_gmt":"2019-05-20T12:30:19","slug":"vamateur","status":"publish","type":"page","link":"https:\/\/www.thepornlist.net\/de\/porn-forum-sites\/vamateur\/","title":{"rendered":"vamateur.com"},"content":{"rendered":"<div class=\"pb\">\n<div class=\"hd\">\n<a href=\"https:\/\/www.thepornlist.net\/de\/\" base target=\"_self\">Zur\u00fcck zur Startseite<\/a>\n<\/div>\n<div class=\"hd2\">\n<span style=\"font-style:normal;font-weight:bold;\">Seitenbewertung<\/span>\n<\/div>\n<\/div>\n<div style=\"width:100%; margin-left:auto; margin-right:auto; clear:both;z-index:1; padding-top:5px; border-radius: 2px;\">\n<div class=\"reviewimg\">\n<p><a href=\"http:\/\/www.vamateur.com\/\" base target=\"_self\"><img decoding=\"async\" src=\"https:\/\/www.thepornlist.net\/wp-content\/uploads\/2015\/review\/vamateur.jpg\" width=\"500\" height=\"500\" alt=\"Porn Tube\"><\/a><\/p>\n<\/div>\n<div class=\"reviewtitle\">\n<h1 style=\"font-family:Arial;font-size:56px;font-style:normal;font-weight:bold;color:#FF1F78;\">vamateur<\/h1>\n<\/div>\n<div class=\"reviewsub\">\n<h2 style=\"font-size:14px;font-style:normal;font-weight:bold;\">vamateur.com<\/H2>\n<\/div>\n<div class=\"reviewtext\">\n<span style=\"font-size:16px;font-style:normal;\">Vamateur \u2013 Verifizierte Amateure Forum! In Ordnung, was haben wir hier? Amateure, die sich selbst filmen, Exhibitionisten und Voyeur Fotos, softcore Fotos, hardcore Fotos, Webcam Videos, hardcore und softcore Videos, eine Seite nur f\u00fcr Frauen und ein Unterforum auf dem es allgemeine Diskussionen gibt. Ich glaube, du hast verstanden, was du hinter Vamateur.com finden wirst.<\/br><\/p>\n<p>Sie werden dir erz\u00e4hlen, dass Mitgliedschaften absolut kostenlos sind und dass du dich ganz einfach und schnell anmelden kannst. Sie werden dir auch erz\u00e4hlen, dass sie eine der freundlichsten Gemeinschaften im ganzen Internet haben. Die erste und die zweite Behauptung sind wahr. \u00dcber die dritte kann ich nichts sagen denn ich bin dort kein Mitglied. Aber du wirst eins werden und du kannst uns dann mitteilen ob sie recht haben oder nicht.<\/br><\/p>\n<p>Als Gast hast du Zugang, aber begrenzt. Da es schnell und leicht ist sich zu registrieren, sei nicht sch\u00fcchtern! Nimm dir ein paar Minuten frei vom B\u00fcro und melde dich an. Es ist nicht gerade sicher am Arbeitsplatz aber ich bin sicher, dass sich niemand darum k\u00fcmmern wird.<\/br> <\/p>\n<p>In der Navigationsleiste siehst du die Forumthreads von heute und du kannst ganz spezielle Posts finden indem du die Suchfunktion verwendest.<br \/>\n<\/span>\n<\/div>\n<div class=\"reviewsiteurl\">\n<a href=\"http:\/\/www.vamateur.com\/\" base target=\"_self\"><span style=\"font-size:32px;font-style:normal;font-weight:bold;text-decoration:underline;\">Hier klicken, um die webseite zu besuchen <\/span><\/a>\n<\/div>\n<\/div>\n","protected":false},"excerpt":{"rendered":"<p>Zur\u00fcck zur Startseite Seitenbewertung vamateur vamateur.com Vamateur \u2013 Verifizierte Amateure Forum! In Ordnung, was haben wir hier? Amateure, die sich selbst filmen, Exhibitionisten und Voyeur Fotos, softcore Fotos, hardcore Fotos, Webcam Videos, hardcore und softcore Videos, eine Seite nur f\u00fcr Frauen und ein Unterforum auf dem es allgemeine Diskussionen gibt. Ich glaube, du hast verstanden, <a href='https:\/\/www.thepornlist.net\/de\/porn-forum-sites\/vamateur\/' class='excerpt-more'>[&#8230;]<\/a><\/p>\n","protected":false},"author":1,"featured_media":0,"parent":9774,"menu_order":26290,"comment_status":"closed","ping_status":"closed","template":"0-autofill-tpl-template.php","meta":{"_acf_changed":false,"footnotes":""},"tags":[],"acf":[],"aioseo_notices":[],"_links":{"self":[{"href":"https:\/\/www.thepornlist.net\/de\/wp-json\/wp\/v2\/pages\/10130"}],"collection":[{"href":"https:\/\/www.thepornlist.net\/de\/wp-json\/wp\/v2\/pages"}],"about":[{"href":"https:\/\/www.thepornlist.net\/de\/wp-json\/wp\/v2\/types\/page"}],"author":[{"embeddable":true,"href":"https:\/\/www.thepornlist.net\/de\/wp-json\/wp\/v2\/users\/1"}],"replies":[{"embeddable":true,"href":"https:\/\/www.thepornlist.net\/de\/wp-json\/wp\/v2\/comments?post=10130"}],"version-history":[{"count":0,"href":"https:\/\/www.thepornlist.net\/de\/wp-json\/wp\/v2\/pages\/10130\/revisions"}],"up":[{"embeddable":true,"href":"https:\/\/www.thepornlist.net\/de\/wp-json\/wp\/v2\/pages\/9774"}],"wp:attachment":[{"href":"https:\/\/www.thepornlist.net\/de\/wp-json\/wp\/v2\/media?parent=10130"}],"wp:term":[{"taxonomy":"post_tag","embeddable":true,"href":"https:\/\/www.thepornlist.net\/de\/wp-json\/wp\/v2\/tags?post=10130"}],"curies":[{"name":"wp","href":"https:\/\/api.w.org\/{rel}","templated":true}]}}