{"id":10131,"date":"2015-09-13T17:13:20","date_gmt":"2015-09-13T17:13:20","guid":{"rendered":"https:\/\/www.thepornlist.net\/de\/porn-forum-sites\/extreme-board\/"},"modified":"2019-05-20T12:30:23","modified_gmt":"2019-05-20T12:30:23","slug":"extreme-board","status":"publish","type":"page","link":"https:\/\/www.thepornlist.net\/de\/porn-forum-sites\/extreme-board\/","title":{"rendered":"extreme-board.com"},"content":{"rendered":"<div class=\"pb\">\n<div class=\"hd\">\n<a href=\"https:\/\/www.thepornlist.net\/de\/\" base target=\"_self\">Zur\u00fcck zur Startseite<\/a>\n<\/div>\n<div class=\"hd2\">\n<span style=\"font-style:normal;font-weight:bold;\">Seitenbewertung<\/span>\n<\/div>\n<\/div>\n<div style=\"width:100%; margin-left:auto; margin-right:auto; clear:both;z-index:1; padding-top:5px; border-radius: 2px;\">\n<div class=\"reviewimg\">\n<p><a href=\"http:\/\/www.extreme-board.com\/\" base target=\"_self\"><img decoding=\"async\" src=\"https:\/\/www.thepornlist.net\/wp-content\/uploads\/2015\/review\/extreme-board.jpg\" width=\"500\" height=\"500\" alt=\"Porn Tube\"><\/a><\/p>\n<\/div>\n<div class=\"reviewtitle\">\n<h1 style=\"font-family:Arial;font-size:56px;font-style:normal;font-weight:bold;color:#FF1F78;\">extreme-board<\/h1>\n<\/div>\n<div class=\"reviewsub\">\n<h2 style=\"font-size:14px;font-style:normal;font-weight:bold;\">extreme-board.com<\/H2>\n<\/div>\n<div class=\"reviewtext\">\n<span style=\"font-size:16px;font-style:normal;\">Extreme-board.com ist ein Forum, das Porno Video Dateien teilt. Von BDSM bis zu extremem Kot Sex, Einlauf Spiele, Porno Fiktionen und XXX Passw\u00f6rtern.<\/br><\/p>\n<p>Sie haben ein VIP System f\u00fcr zahlende Mitglieder, aber das hei\u00dft nicht, dass du nicht jede Menge Pornos genie\u00dfen kannst ohne auch nur einen Cent in die Hand zu nehmen. Alles kann heruntergeladen werden mit ein bisschen Hilfe von verschiedenen Hosting Webseiten wie Fileboom oder K2S und alles kann kostenlos heruntergeladen werden. Und ja, wir wissen auch, dass du eine zahlungspflichtige Mitgliedschaft ben\u00f6tigst um die Geschwindigkeit der \u00dcbertragung zu erh\u00f6hen. So einfach ist das, oder so kompliziert ist das \u2013 das h\u00e4ngt ganz allein von dir ab! Du musst sogar nicht einmal einen Nutzer Namen registrieren um Vorteile aus den hier ver\u00f6ffentlichten Pornos ziehen zu k\u00f6nnen. Einfach nur klicken, klicken und klicken! Aber wenn du deine eigenen Sachen posten willst oder wenn du mit der Gemeinschaft interagieren willst, musst du ein paar Minuten deiner Zeit darauf verwenden und einen kostenlosen Nutzer Namen anmelden.<\/br><\/p>\n<p>Es tut, was es tun soll, es hat eine Menge an Inhalten f\u00fcr Erwachsene und es ist einfach im Forum herum zu st\u00f6bern.<br \/>\n<\/span>\n<\/div>\n<div class=\"reviewsiteurl\">\n<a href=\"http:\/\/www.extreme-board.com\/\" base target=\"_self\"><span style=\"font-size:32px;font-style:normal;font-weight:bold;text-decoration:underline;\">Hier klicken, um die webseite zu besuchen <\/span><\/a>\n<\/div>\n<\/div>\n","protected":false},"excerpt":{"rendered":"<p>Zur\u00fcck zur Startseite Seitenbewertung extreme-board extreme-board.com Extreme-board.com ist ein Forum, das Porno Video Dateien teilt. Von BDSM bis zu extremem Kot Sex, Einlauf Spiele, Porno Fiktionen und XXX Passw\u00f6rtern. Sie haben ein VIP System f\u00fcr zahlende Mitglieder, aber das hei\u00dft nicht, dass du nicht jede Menge Pornos genie\u00dfen kannst ohne auch nur einen Cent in <a href='https:\/\/www.thepornlist.net\/de\/porn-forum-sites\/extreme-board\/' class='excerpt-more'>[&#8230;]<\/a><\/p>\n","protected":false},"author":1,"featured_media":0,"parent":9774,"menu_order":25810,"comment_status":"closed","ping_status":"closed","template":"0-autofill-tpl-template.php","meta":{"_acf_changed":false,"footnotes":""},"tags":[],"acf":[],"aioseo_notices":[],"_links":{"self":[{"href":"https:\/\/www.thepornlist.net\/de\/wp-json\/wp\/v2\/pages\/10131"}],"collection":[{"href":"https:\/\/www.thepornlist.net\/de\/wp-json\/wp\/v2\/pages"}],"about":[{"href":"https:\/\/www.thepornlist.net\/de\/wp-json\/wp\/v2\/types\/page"}],"author":[{"embeddable":true,"href":"https:\/\/www.thepornlist.net\/de\/wp-json\/wp\/v2\/users\/1"}],"replies":[{"embeddable":true,"href":"https:\/\/www.thepornlist.net\/de\/wp-json\/wp\/v2\/comments?post=10131"}],"version-history":[{"count":0,"href":"https:\/\/www.thepornlist.net\/de\/wp-json\/wp\/v2\/pages\/10131\/revisions"}],"up":[{"embeddable":true,"href":"https:\/\/www.thepornlist.net\/de\/wp-json\/wp\/v2\/pages\/9774"}],"wp:attachment":[{"href":"https:\/\/www.thepornlist.net\/de\/wp-json\/wp\/v2\/media?parent=10131"}],"wp:term":[{"taxonomy":"post_tag","embeddable":true,"href":"https:\/\/www.thepornlist.net\/de\/wp-json\/wp\/v2\/tags?post=10131"}],"curies":[{"name":"wp","href":"https:\/\/api.w.org\/{rel}","templated":true}]}}