{"id":10132,"date":"2015-09-13T17:12:42","date_gmt":"2015-09-13T17:12:42","guid":{"rendered":"https:\/\/www.thepornlist.net\/de\/porn-forum-sites\/saff\/"},"modified":"2019-05-20T12:30:27","modified_gmt":"2019-05-20T12:30:27","slug":"saff","status":"publish","type":"page","link":"https:\/\/www.thepornlist.net\/de\/porn-forum-sites\/saff\/","title":{"rendered":"saff.cc"},"content":{"rendered":"<div class=\"pb\">\n<div class=\"hd\">\n<a href=\"https:\/\/www.thepornlist.net\/de\/\" base target=\"_self\">Zur\u00fcck zur Startseite<\/a>\n<\/div>\n<div class=\"hd2\">\n<span style=\"font-style:normal;font-weight:bold;\">Seitenbewertung<\/span>\n<\/div>\n<\/div>\n<div style=\"width:100%; margin-left:auto; margin-right:auto; clear:both;z-index:1; padding-top:5px; border-radius: 2px;\">\n<div class=\"reviewimg\">\n<p><a href=\"http:\/\/85.17.187.83\/saff\/index.php?action=affiliates;in=5\" base target=\"_self\"><img decoding=\"async\" src=\"https:\/\/www.thepornlist.net\/wp-content\/uploads\/2015\/review\/saff.jpg\" width=\"500\" height=\"500\" alt=\"Porn Tube\"><\/a><\/p>\n<\/div>\n<div class=\"reviewtitle\">\n<h1 style=\"font-family:Arial;font-size:56px;font-style:normal;font-weight:bold;color:#FF1F78;\">saff<\/h1>\n<\/div>\n<div class=\"reviewsub\">\n<h2 style=\"font-size:14px;font-style:normal;font-weight:bold;\">saff.cc<\/H2>\n<\/div>\n<div class=\"reviewtext\">\n<span style=\"font-size:16px;font-style:normal;\">Saff.cc ist ein riesiges Porno Forum, voll gepackt mit einer Menge Action, einer Menge Mitgliedern und einer Menge Spa\u00df f\u00fcr Erwachsene. Wenn du ihre Homepage aufrufst&#8230; nun, besuche ihre Homepage und scrolle nach unten! Und, \u00dcberraschung?<\/br><\/p>\n<p>Lass uns von vorne anfangen \u2013 Saff bedeutet Sex und ein Spa\u00df Forum. Das ist nicht dein gew\u00f6hnliches Porno Forum, es ist absolut einzigartig. Sie haben sogar ihren eigenen Downloader wo du in der Lage sein wirst Porno Inhalte von gepr\u00fcften Hosting Anbietern herunterzuladen. Klar gibt es einige VIP Verg\u00fcnstigungen in ihrem SAFF VIP 5 Sterne Bereich, aber trotzdem wirst du jede Menge an Inhalt sehen k\u00f6nnen auch wenn du kein GOLD Mitglied bist.<\/br><\/p>\n<p>Es gibt Bereiche f\u00fcr Diskussionen in der Gemeinschaft, Fetische, Neuigkeiten, Bondage, Smoking Fetisch, Brust Fetischismus, weibliche Dominanz, allgemeine Pornos, Beine und F\u00fc\u00dfe, Exkremente, Teens neben reifen Frauen und andere.<\/br><\/p>\n<p>Du wirst alles was du willst kostenlos herunterladen k\u00f6nnen, mit langsamer Geschwindigkeit. Wenn du es gerne schneller m\u00f6chtest und einige andere hochwertige Optionen, dann musst du dich f\u00fcr eine Premium Mitgliedschaft  bei einer ihrer Partner Hosting Plattformen anmelden.<\/br><\/p>\n<p>Ich denke wirklich, dass du keine Zeit mehr verschwenden solltest \u2013 besuche Saff.cc und genie\u00dfe die Zeit, die du dort verbringst!<br \/>\n<\/span>\n<\/div>\n<div class=\"reviewsiteurl\">\n<a href=\"http:\/\/85.17.187.83\/saff\/index.php?action=affiliates;in=5\" base target=\"_self\"><span style=\"font-size:32px;font-style:normal;font-weight:bold;text-decoration:underline;\">Hier klicken, um die webseite zu besuchen <\/span><\/a>\n<\/div>\n<\/div>\n","protected":false},"excerpt":{"rendered":"<p>Zur\u00fcck zur Startseite Seitenbewertung saff saff.cc Saff.cc ist ein riesiges Porno Forum, voll gepackt mit einer Menge Action, einer Menge Mitgliedern und einer Menge Spa\u00df f\u00fcr Erwachsene. Wenn du ihre Homepage aufrufst&#8230; nun, besuche ihre Homepage und scrolle nach unten! Und, \u00dcberraschung? Lass uns von vorne anfangen \u2013 Saff bedeutet Sex und ein Spa\u00df Forum. <a href='https:\/\/www.thepornlist.net\/de\/porn-forum-sites\/saff\/' class='excerpt-more'>[&#8230;]<\/a><\/p>\n","protected":false},"author":1,"featured_media":0,"parent":9774,"menu_order":24190,"comment_status":"closed","ping_status":"closed","template":"0-autofill-tpl-template.php","meta":{"_acf_changed":false,"footnotes":""},"tags":[],"acf":[],"aioseo_notices":[],"_links":{"self":[{"href":"https:\/\/www.thepornlist.net\/de\/wp-json\/wp\/v2\/pages\/10132"}],"collection":[{"href":"https:\/\/www.thepornlist.net\/de\/wp-json\/wp\/v2\/pages"}],"about":[{"href":"https:\/\/www.thepornlist.net\/de\/wp-json\/wp\/v2\/types\/page"}],"author":[{"embeddable":true,"href":"https:\/\/www.thepornlist.net\/de\/wp-json\/wp\/v2\/users\/1"}],"replies":[{"embeddable":true,"href":"https:\/\/www.thepornlist.net\/de\/wp-json\/wp\/v2\/comments?post=10132"}],"version-history":[{"count":0,"href":"https:\/\/www.thepornlist.net\/de\/wp-json\/wp\/v2\/pages\/10132\/revisions"}],"up":[{"embeddable":true,"href":"https:\/\/www.thepornlist.net\/de\/wp-json\/wp\/v2\/pages\/9774"}],"wp:attachment":[{"href":"https:\/\/www.thepornlist.net\/de\/wp-json\/wp\/v2\/media?parent=10132"}],"wp:term":[{"taxonomy":"post_tag","embeddable":true,"href":"https:\/\/www.thepornlist.net\/de\/wp-json\/wp\/v2\/tags?post=10132"}],"curies":[{"name":"wp","href":"https:\/\/api.w.org\/{rel}","templated":true}]}}