{"id":10133,"date":"2015-09-13T17:11:26","date_gmt":"2015-09-13T17:11:26","guid":{"rendered":"https:\/\/www.thepornlist.net\/de\/porn-forum-sites\/forum-ns4w\/"},"modified":"2019-05-20T12:30:31","modified_gmt":"2019-05-20T12:30:31","slug":"forum-ns4w","status":"publish","type":"page","link":"https:\/\/www.thepornlist.net\/de\/porn-forum-sites\/forum-ns4w\/","title":{"rendered":"forum.ns4w.org"},"content":{"rendered":"<div class=\"pb\">\n<div class=\"hd\">\n<a href=\"https:\/\/www.thepornlist.net\/de\/\" base target=\"_self\">Zur\u00fcck zur Startseite<\/a>\n<\/div>\n<div class=\"hd2\">\n<span style=\"font-style:normal;font-weight:bold;\">Seitenbewertung<\/span>\n<\/div>\n<\/div>\n<div style=\"width:100%; margin-left:auto; margin-right:auto; clear:both;z-index:1; padding-top:5px; border-radius: 2px;\">\n<div class=\"reviewimg\">\n<p><a href=\"http:\/\/www.forum.ns4w.org\/\" base target=\"_self\"><img decoding=\"async\" src=\"https:\/\/www.thepornlist.net\/wp-content\/uploads\/2015\/review\/forum.ns4w.jpg\" width=\"500\" height=\"500\" alt=\"Porn Tube\"><\/a><\/p>\n<\/div>\n<div class=\"reviewtitle\">\n<h1 style=\"font-family:Arial;font-size:56px;font-style:normal;font-weight:bold;color:#FF1F78;\">forum.ns4w<\/h1>\n<\/div>\n<div class=\"reviewsub\">\n<h2 style=\"font-size:14px;font-style:normal;font-weight:bold;\">forum.ns4w.org<\/H2>\n<\/div>\n<div class=\"reviewtext\">\n<span style=\"font-size:16px;font-style:normal;\">Nicht sicher am Arbeitsplatz! Das bedeutet NS4W \u2013 Forum.NS4W.com ist ein Ort, den du nicht betreten solltest wenn du bei der Arbeit bist. So einfach ist das. Du fragst warum? Lass es mich dir erkl\u00e4ren&#8230;<\/br><\/p>\n<p>Offenherzige Ber\u00fchmtheiten, Foto Shootings mit Ber\u00fchmtheiten, Videos von Ber\u00fchmtheiten, Screenshots, Anlaufstelle f\u00fcr Ber\u00fchmtheiten, nackte Babes, hei\u00dfe Babes, Bilder f\u00fcr Erwachsene, Amateur Babes, Zeichentrick und Hentai, auf forum.NS4W.com, wirst du eine Menge versaute Dinge sehen. Nat\u00fcrlich kannst du auch Unterforen wie die Kreative Zone, den allgemeinen Chat (sicher am Arbeitsplatz) oder den Bereich f\u00fcr Spiele besuchen, aber ich bin mir ziemlich sicher, dass wir nicht deswegen hier sind. Alles ist kostenlos und wird es auch immer (wahrscheinlich) bleiben. Du kannst ohne irgendwelche Kosten alles was du willst herunterladen oder speichern. Ich denke mal, dass du schon wei\u00dft, wie die Dinge mit externen Hosting Plattformen funktionieren. Du wei\u00dft es nicht? Nun, das funktioniert so: wenn du ein Video herunterladen m\u00f6chtest, kannst du das kostenlos tun aber das wird mit einer langsamen \u00dcbertragungsgeschwindigkeit geschehen. Wenn du schnellere Geschwindigkeiten oder andere Optionen haben m\u00f6chtest, dann musst du dich zum Beispiel bei Deposit Files oder anderen zu einer bezahlten Mitgliedschaft anmelden. Einfach, nicht wahr?<\/br><\/p>\n<p>Du hast tonnenweise Inhalte hier, tonnenweise aktive User und noch viel mehr! Besuch sie!<br \/>\n<\/span>\n<\/div>\n<div class=\"reviewsiteurl\">\n<a href=\"http:\/\/www.forum.ns4w.org\/\" base target=\"_self\"><span style=\"font-size:32px;font-style:normal;font-weight:bold;text-decoration:underline;\">Hier klicken, um die webseite zu besuchen <\/span><\/a>\n<\/div>\n<\/div>\n","protected":false},"excerpt":{"rendered":"<p>Zur\u00fcck zur Startseite Seitenbewertung forum.ns4w forum.ns4w.org Nicht sicher am Arbeitsplatz! Das bedeutet NS4W \u2013 Forum.NS4W.com ist ein Ort, den du nicht betreten solltest wenn du bei der Arbeit bist. So einfach ist das. Du fragst warum? Lass es mich dir erkl\u00e4ren&#8230; Offenherzige Ber\u00fchmtheiten, Foto Shootings mit Ber\u00fchmtheiten, Videos von Ber\u00fchmtheiten, Screenshots, Anlaufstelle f\u00fcr Ber\u00fchmtheiten, nackte <a href='https:\/\/www.thepornlist.net\/de\/porn-forum-sites\/forum-ns4w\/' class='excerpt-more'>[&#8230;]<\/a><\/p>\n","protected":false},"author":1,"featured_media":0,"parent":9774,"menu_order":48570,"comment_status":"closed","ping_status":"closed","template":"0-autofill-tpl-template.php","meta":{"_acf_changed":false,"footnotes":""},"tags":[],"acf":[],"aioseo_notices":[],"_links":{"self":[{"href":"https:\/\/www.thepornlist.net\/de\/wp-json\/wp\/v2\/pages\/10133"}],"collection":[{"href":"https:\/\/www.thepornlist.net\/de\/wp-json\/wp\/v2\/pages"}],"about":[{"href":"https:\/\/www.thepornlist.net\/de\/wp-json\/wp\/v2\/types\/page"}],"author":[{"embeddable":true,"href":"https:\/\/www.thepornlist.net\/de\/wp-json\/wp\/v2\/users\/1"}],"replies":[{"embeddable":true,"href":"https:\/\/www.thepornlist.net\/de\/wp-json\/wp\/v2\/comments?post=10133"}],"version-history":[{"count":0,"href":"https:\/\/www.thepornlist.net\/de\/wp-json\/wp\/v2\/pages\/10133\/revisions"}],"up":[{"embeddable":true,"href":"https:\/\/www.thepornlist.net\/de\/wp-json\/wp\/v2\/pages\/9774"}],"wp:attachment":[{"href":"https:\/\/www.thepornlist.net\/de\/wp-json\/wp\/v2\/media?parent=10133"}],"wp:term":[{"taxonomy":"post_tag","embeddable":true,"href":"https:\/\/www.thepornlist.net\/de\/wp-json\/wp\/v2\/tags?post=10133"}],"curies":[{"name":"wp","href":"https:\/\/api.w.org\/{rel}","templated":true}]}}