{"id":10134,"date":"2015-09-13T17:10:50","date_gmt":"2015-09-13T17:10:50","guid":{"rendered":"https:\/\/www.thepornlist.net\/de\/porn-forum-sites\/forum-phun\/"},"modified":"2019-06-06T13:26:53","modified_gmt":"2019-06-06T13:26:53","slug":"forum-phun","status":"publish","type":"page","link":"https:\/\/www.thepornlist.net\/de\/porn-forum-sites\/forum-phun\/","title":{"rendered":"forum.phun.org"},"content":{"rendered":"<div class=\"pb\">\n<div class=\"hd\">\n<a href=\"https:\/\/www.thepornlist.net\/de\/\" base target=\"_self\">Zur\u00fcck zur Startseite<\/a>\n<\/div>\n<div class=\"hd2\">\n<span style=\"font-style:normal;font-weight:bold;\">Seitenbewertung<\/span>\n<\/div>\n<\/div>\n<div style=\"width:100%; margin-left:auto; margin-right:auto; clear:both;z-index:1; padding-top:5px; border-radius: 2px;\">\n<div class=\"reviewimg\">\n<p><a href=\"http:\/\/forum.phun.org\/\" base target=\"_self\"><img decoding=\"async\" src=\"https:\/\/www.thepornlist.net\/wp-content\/uploads\/2015\/review\/forum.phun.jpg\" width=\"500\" height=\"500\" alt=\"Porn Tube\"><\/a><\/p>\n<\/div>\n<div class=\"reviewtitle\">\n<h1 style=\"font-family:Arial;font-size:56px;font-style:normal;font-weight:bold;color:#FF1F78;\">forum.phun<\/h1>\n<\/div>\n<div class=\"reviewsub\">\n<h2 style=\"font-size:14px;font-style:normal;font-weight:bold;\">forum.phun.org<\/H2>\n<\/div>\n<div class=\"reviewtext\">\n<span style=\"font-size:16px;font-style:normal;\">Phun.org ist ein Forum f\u00fcr Erwachsene mit ein bisschen von allem. Es ist kein typischer Ort f\u00fcr Pornos, aber es gibt sie auch dort.<\/br><\/p>\n<p>Du hast kostenlosen Zugang zu Pinnw\u00e4nden wie der Lounge, dem kreativen Hinterhof, der Ruhmeshalle, dem Phun Haus, der Model Pinnwand, der Pinnwand f\u00fcr Amateur Models, Fotos von Ber\u00fchmtheiten, Filme und mehr, sexy Videos (Profis), sexy Videos (Amateure), lustige Videos und der Rest. Aber wenn du mit der Gemeinschaft interagieren willst, deine eigenen Diskussionen anfangen willst oder auf deine bevorzugten Themen antworten willst, wirst du einen Account anmelden m\u00fcssen. Auch der ist kostenlos, also kannst du dich gleich jetzt registrieren.<\/br><\/p>\n<p>Sie sagen, dass du auf ihren Seiten eine neue Welt der Unterhaltung f\u00fcr Erwachsene finden wirst und sie hei\u00dfen dich willkommen! Warum nicht, vielleicht ist es so. Ich mag diesen Ort aber das einzige, was wirklich z\u00e4hlt, ist deine eigene Meinung.<\/br><\/p>\n<p>In der Navigationsleiste wirst du herausfinden, was neu ist. Du wirst einen Blick auf ihre Regeln werfen k\u00f6nnen und die neuesten Infos sehen. Und du hast dort auch den Kasten mit der Suchfunktion um das zu finden, wonach du auf der Suche bist. Es scheint so als ob sie mit einem leistungsstarken Werkzeug arbeiten denn du kannst den Modus f\u00fcr Fortgeschrittene w\u00e4hlen um deine Suche sogar noch besser zu filtern.<br \/>\n<\/span>\n<\/div>\n<div class=\"reviewsiteurl\">\n<a href=\"http:\/\/forum.phun.org\/\" base target=\"_self\"><span style=\"font-size:32px;font-style:normal;font-weight:bold;text-decoration:underline;\">Hier klicken, um die webseite zu besuchen <\/span><\/a>\n<\/div>\n<\/div>\n","protected":false},"excerpt":{"rendered":"<p>Zur\u00fcck zur Startseite Seitenbewertung forum.phun forum.phun.org Phun.org ist ein Forum f\u00fcr Erwachsene mit ein bisschen von allem. Es ist kein typischer Ort f\u00fcr Pornos, aber es gibt sie auch dort. Du hast kostenlosen Zugang zu Pinnw\u00e4nden wie der Lounge, dem kreativen Hinterhof, der Ruhmeshalle, dem Phun Haus, der Model Pinnwand, der Pinnwand f\u00fcr Amateur Models, <a href='https:\/\/www.thepornlist.net\/de\/porn-forum-sites\/forum-phun\/' class='excerpt-more'>[&#8230;]<\/a><\/p>\n","protected":false},"author":1,"featured_media":0,"parent":9774,"menu_order":10370,"comment_status":"closed","ping_status":"closed","template":"0-autofill-tpl-template.php","meta":{"_acf_changed":false,"footnotes":""},"tags":[],"acf":[],"aioseo_notices":[],"_links":{"self":[{"href":"https:\/\/www.thepornlist.net\/de\/wp-json\/wp\/v2\/pages\/10134"}],"collection":[{"href":"https:\/\/www.thepornlist.net\/de\/wp-json\/wp\/v2\/pages"}],"about":[{"href":"https:\/\/www.thepornlist.net\/de\/wp-json\/wp\/v2\/types\/page"}],"author":[{"embeddable":true,"href":"https:\/\/www.thepornlist.net\/de\/wp-json\/wp\/v2\/users\/1"}],"replies":[{"embeddable":true,"href":"https:\/\/www.thepornlist.net\/de\/wp-json\/wp\/v2\/comments?post=10134"}],"version-history":[{"count":0,"href":"https:\/\/www.thepornlist.net\/de\/wp-json\/wp\/v2\/pages\/10134\/revisions"}],"up":[{"embeddable":true,"href":"https:\/\/www.thepornlist.net\/de\/wp-json\/wp\/v2\/pages\/9774"}],"wp:attachment":[{"href":"https:\/\/www.thepornlist.net\/de\/wp-json\/wp\/v2\/media?parent=10134"}],"wp:term":[{"taxonomy":"post_tag","embeddable":true,"href":"https:\/\/www.thepornlist.net\/de\/wp-json\/wp\/v2\/tags?post=10134"}],"curies":[{"name":"wp","href":"https:\/\/api.w.org\/{rel}","templated":true}]}}