{"id":10135,"date":"2015-09-13T17:10:14","date_gmt":"2015-09-13T17:10:14","guid":{"rendered":"https:\/\/www.thepornlist.net\/de\/porn-forum-sites\/intporn\/"},"modified":"2019-05-20T12:30:34","modified_gmt":"2019-05-20T12:30:34","slug":"intporn","status":"publish","type":"page","link":"https:\/\/www.thepornlist.net\/de\/porn-forum-sites\/intporn\/","title":{"rendered":"intporn.com"},"content":{"rendered":"<div class=\"pb\">\n<div class=\"hd\">\n<a href=\"https:\/\/www.thepornlist.net\/de\/\" base target=\"_self\">Zur\u00fcck zur Startseite<\/a>\n<\/div>\n<div class=\"hd2\">\n<span style=\"font-style:normal;font-weight:bold;\">Seitenbewertung<\/span>\n<\/div>\n<\/div>\n<div style=\"width:100%; margin-left:auto; margin-right:auto; clear:both;z-index:1; padding-top:5px; border-radius: 2px;\">\n<div class=\"reviewimg\">\n<p><a href=\"http:\/\/www.intporn.com\/\" base target=\"_self\"><img decoding=\"async\" src=\"https:\/\/www.thepornlist.net\/wp-content\/uploads\/2015\/review\/intporn.jpg\" width=\"500\" height=\"500\" alt=\"Porn Tube\"><\/a><\/p>\n<\/div>\n<div class=\"reviewtitle\">\n<h1 style=\"font-family:Arial;font-size:56px;font-style:normal;font-weight:bold;color:#FF1F78;\">intporn<\/h1>\n<\/div>\n<div class=\"reviewsub\">\n<h2 style=\"font-size:14px;font-style:normal;font-weight:bold;\">intporn.com<\/H2>\n<\/div>\n<div class=\"reviewtext\">\n<span style=\"font-size:16px;font-style:normal;\">Willkommen bei INTPorn.com\/forums, einem Porno Forum voller Inhalte und bereit dazu, dir genau das zu liefern, was du suchst. Lass uns keine Zeit mit allgemeinen Worten und allgemeinen Beschreibungen verschwenden. Wirf lieber einen Blick hierauf: XXX Film Clips, Video Szenen f\u00fcr Erwachsene, ganze Filme, Amateur Szenen, Models und Babes, Amateur Bilder, hardcore Bilder, Fetisch Bilder, hei\u00dfes Forum \u00fcber Ber\u00fchmtheiten, Vintage und Porno Klassiker, Zeichentrick und Hentai, Spiele f\u00fcr Erwachsene und eine Pinnwand f\u00fcr die Erwachsenen Gemeinschaft auf der du alles mitteilen kannst, was dein Kopf anbieten kann.<\/br><\/p>\n<p>Du kannst alles via externe Hosting Webseiten kostenlos downloaden. Wenn du einige coole Optionen zu deiner Verf\u00fcgung haben m\u00f6chtest, kannst du dich bei einer dieser Seiten f\u00fcr eine bezahlte Mitgliedschaft anmelden. Ich glaube wirklich, dass du wei\u00dft wovon ich spreche denn diese Prozedur ist nichts Neues auf diesem Markt.<\/br> <\/p>\n<p>Es funktioniert gut, es sieht gut aus und es wird dir nur gute Pornos liefern. Du solltest diesen Ort eine Weile ausprobieren um mit deinen eigenen Augen zu sehen, was hier passiert. Ich bin sicher, dass du auch weiterhin diese Plattform besuchen wirst denn es ist ein gro\u00dfartiger Ort \u2013 meine kleine pers\u00f6nliche Meinung! Besuch sie, du Porno Begeisterter!<\/p>\n<p><\/span>\n<\/div>\n<div class=\"reviewsiteurl\">\n<a href=\"http:\/\/www.intporn.com\/\" base target=\"_self\"><span style=\"font-size:32px;font-style:normal;font-weight:bold;text-decoration:underline;\">Hier klicken, um die webseite zu besuchen <\/span><\/a>\n<\/div>\n<\/div>\n","protected":false},"excerpt":{"rendered":"<p>Zur\u00fcck zur Startseite Seitenbewertung intporn intporn.com Willkommen bei INTPorn.com\/forums, einem Porno Forum voller Inhalte und bereit dazu, dir genau das zu liefern, was du suchst. Lass uns keine Zeit mit allgemeinen Worten und allgemeinen Beschreibungen verschwenden. Wirf lieber einen Blick hierauf: XXX Film Clips, Video Szenen f\u00fcr Erwachsene, ganze Filme, Amateur Szenen, Models und Babes, <a href='https:\/\/www.thepornlist.net\/de\/porn-forum-sites\/intporn\/' class='excerpt-more'>[&#8230;]<\/a><\/p>\n","protected":false},"author":1,"featured_media":0,"parent":9774,"menu_order":21810,"comment_status":"closed","ping_status":"closed","template":"0-autofill-tpl-template.php","meta":{"_acf_changed":false,"footnotes":""},"tags":[],"acf":[],"aioseo_notices":[],"_links":{"self":[{"href":"https:\/\/www.thepornlist.net\/de\/wp-json\/wp\/v2\/pages\/10135"}],"collection":[{"href":"https:\/\/www.thepornlist.net\/de\/wp-json\/wp\/v2\/pages"}],"about":[{"href":"https:\/\/www.thepornlist.net\/de\/wp-json\/wp\/v2\/types\/page"}],"author":[{"embeddable":true,"href":"https:\/\/www.thepornlist.net\/de\/wp-json\/wp\/v2\/users\/1"}],"replies":[{"embeddable":true,"href":"https:\/\/www.thepornlist.net\/de\/wp-json\/wp\/v2\/comments?post=10135"}],"version-history":[{"count":0,"href":"https:\/\/www.thepornlist.net\/de\/wp-json\/wp\/v2\/pages\/10135\/revisions"}],"up":[{"embeddable":true,"href":"https:\/\/www.thepornlist.net\/de\/wp-json\/wp\/v2\/pages\/9774"}],"wp:attachment":[{"href":"https:\/\/www.thepornlist.net\/de\/wp-json\/wp\/v2\/media?parent=10135"}],"wp:term":[{"taxonomy":"post_tag","embeddable":true,"href":"https:\/\/www.thepornlist.net\/de\/wp-json\/wp\/v2\/tags?post=10135"}],"curies":[{"name":"wp","href":"https:\/\/api.w.org\/{rel}","templated":true}]}}