{"id":10137,"date":"2015-09-13T17:09:00","date_gmt":"2015-09-13T17:09:00","guid":{"rendered":"https:\/\/www.thepornlist.net\/de\/porn-forum-sites\/porn-w\/"},"modified":"2019-05-20T12:30:40","modified_gmt":"2019-05-20T12:30:40","slug":"porn-w","status":"publish","type":"page","link":"https:\/\/www.thepornlist.net\/de\/porn-forum-sites\/porn-w\/","title":{"rendered":"porn-w.org"},"content":{"rendered":"<div class=\"pb\">\n<div class=\"hd\">\n<a href=\"https:\/\/www.thepornlist.net\/de\/\" base target=\"_self\">Zur\u00fcck zur Startseite<\/a>\n<\/div>\n<div class=\"hd2\">\n<span style=\"font-style:normal;font-weight:bold;\">Seitenbewertung<\/span>\n<\/div>\n<\/div>\n<div style=\"width:100%; margin-left:auto; margin-right:auto; clear:both;z-index:1; padding-top:5px; border-radius: 2px;\">\n<div class=\"reviewimg\">\n<p><a href=\"http:\/\/www.porn-w.org\/\" base target=\"_self\"><img decoding=\"async\" src=\"https:\/\/www.thepornlist.net\/wp-content\/uploads\/2015\/review\/porn-w.jpg\" width=\"500\" height=\"500\" alt=\"Porn Tube\"><\/a><\/p>\n<\/div>\n<div class=\"reviewtitle\">\n<h1 style=\"font-family:Arial;font-size:56px;font-style:normal;font-weight:bold;color:#FF1F78;\">porn-w<\/h1>\n<\/div>\n<div class=\"reviewsub\">\n<h2 style=\"font-size:14px;font-style:normal;font-weight:bold;\">porn-w.org<\/H2>\n<\/div>\n<div class=\"reviewtext\">\n<span style=\"font-size:16px;font-style:normal;\">Porn-W.org ist einer der besten Orte wenn es um Foren f\u00fcr Erwachsene geht. Es ist pink, aber wir wissen ja, was noch diese Farbe hat, richtig? Volle Filme, Clips \/ kurze Filme, HD Videos, Vintage, Ber\u00fchmtheiten, Amateur, Hentai, Softcore und Hardcore, Bilder, Porno Zug\u00e4nge, Magazine, Porn-W hat das alles.<\/br><\/p>\n<p>Die Inhalte kannst du kostenlos sehen und es ist auch kostenlos sich f\u00fcr einen Account anzumelden um mit der Gemeinschaft zu interagieren oder um deine eigenen Sachen zu ver\u00f6ffentlichen und es ist auch kostenlos alles, was du willst, herunterzuladen. Das wird mit langsamer Geschwindigkeit stattfinden, aber mach dir keine Sorgen dar\u00fcber \u2013 du kannst dich f\u00fcr eine zahlungspflichtige Mitgliedschaft auf einer der Hosting Plattformen, die ihre Videos teilt, anmelden und du wirst eine Menge an interessanten Optionen bekommen. Eine davon ist die \u00dcbertragung mit hoher Geschwindigkeit. Zum jetzigen Zeitpunkt hast du mehr als 11 Millionen Posts, fast 300.000 registrierte Nutzer und Tausende von Mitgliedern online. Reicht dir das?<\/br><\/p>\n<p>Wenn dir die Farbe des Layouts nicht gef\u00e4llt, schau in die rechte untere Ecke \u2013 du kannst das pink in dunkel \u00e4ndern. Aber du musst eingelogged sein um das zu tun. Wenn du von mir ein gutes Porno Forum empfohlen haben m\u00f6chtest, w\u00e4re das meine Wahl. Geh dorthin!<br \/>\n<\/span>\n<\/div>\n<div class=\"reviewsiteurl\">\n<a href=\"http:\/\/www.porn-w.org\/\" base target=\"_self\"><span style=\"font-size:32px;font-style:normal;font-weight:bold;text-decoration:underline;\">Hier klicken, um die webseite zu besuchen <\/span><\/a>\n<\/div>\n<\/div>\n","protected":false},"excerpt":{"rendered":"<p>Zur\u00fcck zur Startseite Seitenbewertung porn-w porn-w.org Porn-W.org ist einer der besten Orte wenn es um Foren f\u00fcr Erwachsene geht. Es ist pink, aber wir wissen ja, was noch diese Farbe hat, richtig? Volle Filme, Clips \/ kurze Filme, HD Videos, Vintage, Ber\u00fchmtheiten, Amateur, Hentai, Softcore und Hardcore, Bilder, Porno Zug\u00e4nge, Magazine, Porn-W hat das alles. <a href='https:\/\/www.thepornlist.net\/de\/porn-forum-sites\/porn-w\/' class='excerpt-more'>[&#8230;]<\/a><\/p>\n","protected":false},"author":1,"featured_media":0,"parent":9774,"menu_order":21070,"comment_status":"closed","ping_status":"closed","template":"0-autofill-tpl-template.php","meta":{"_acf_changed":false,"footnotes":""},"tags":[],"acf":[],"aioseo_notices":[],"_links":{"self":[{"href":"https:\/\/www.thepornlist.net\/de\/wp-json\/wp\/v2\/pages\/10137"}],"collection":[{"href":"https:\/\/www.thepornlist.net\/de\/wp-json\/wp\/v2\/pages"}],"about":[{"href":"https:\/\/www.thepornlist.net\/de\/wp-json\/wp\/v2\/types\/page"}],"author":[{"embeddable":true,"href":"https:\/\/www.thepornlist.net\/de\/wp-json\/wp\/v2\/users\/1"}],"replies":[{"embeddable":true,"href":"https:\/\/www.thepornlist.net\/de\/wp-json\/wp\/v2\/comments?post=10137"}],"version-history":[{"count":0,"href":"https:\/\/www.thepornlist.net\/de\/wp-json\/wp\/v2\/pages\/10137\/revisions"}],"up":[{"embeddable":true,"href":"https:\/\/www.thepornlist.net\/de\/wp-json\/wp\/v2\/pages\/9774"}],"wp:attachment":[{"href":"https:\/\/www.thepornlist.net\/de\/wp-json\/wp\/v2\/media?parent=10137"}],"wp:term":[{"taxonomy":"post_tag","embeddable":true,"href":"https:\/\/www.thepornlist.net\/de\/wp-json\/wp\/v2\/tags?post=10137"}],"curies":[{"name":"wp","href":"https:\/\/api.w.org\/{rel}","templated":true}]}}