{"id":10151,"date":"2015-09-12T14:46:08","date_gmt":"2015-09-12T14:46:08","guid":{"rendered":"https:\/\/www.thepornlist.net\/de\/porn-tube-sites\/hiddenvoyeurspy\/"},"modified":"2019-10-17T14:06:50","modified_gmt":"2019-10-17T14:06:50","slug":"hiddenvoyeurspy","status":"publish","type":"page","link":"https:\/\/www.thepornlist.net\/de\/voyeur-porn-sites\/hiddenvoyeurspy\/","title":{"rendered":"hiddenvoyeurspy.com"},"content":{"rendered":"<div class=\"pb\">\n<div class=\"hd\">\n<a href=\"https:\/\/www.thepornlist.net\/de\/\" base target=\"_self\" rel=\"noopener noreferrer\">Zur\u00fcck zur Startseite<\/a>\n<\/div>\n<div class=\"hd2\">\n<span style=\"font-style:normal;font-weight:bold;\">Seitenbewertung<\/span>\n<\/div>\n<\/div>\n<div style=\"width:100%; margin-left:auto; margin-right:auto; clear:both;z-index:1; padding-top:5px; border-radius: 2px;\">\n<div class=\"reviewimg\">\n<p><a href=\"http:\/\/www.hiddenvoyeurspy.com\/\" rel=\"nofollow noopener noreferrer\" base target=\"_self\"><img decoding=\"async\" src=\"https:\/\/www.thepornlist.net\/wp-content\/uploads\/2015\/review\/hiddenvoyeurspy.jpg\" width=\"500\" height=\"500\" alt=\"Porn Tube\"><\/a><\/p>\n<\/div>\n<div class=\"reviewtitle\">\n<h1 style=\"font-family:Arial;font-size:56px;font-style:normal;font-weight:bold;color:#FF1F78;\">hiddenvoyeurspy<\/h1>\n<\/div>\n<div class=\"reviewsub\">\n<h2 style=\"font-size:14px;font-style:normal;font-weight:bold;\">hiddenvoyeurspy.com<\/H2>\n<\/div>\n<div class=\"reviewtext\">\n<span style=\"font-size:16px;font-style:normal;\">HiddenVoyeurSpy.com ist eine kostenlose Porno Webseite wo du, nat\u00fcrlich, kostenlose Voyeur Clips f\u00fcr Erwachsene und mit versteckter Kamera gefilmten Sex finden wirst. Du wirst echte Amateur Paare bekommen, die versaute Dinge treiben, freiz\u00fcgige Videos vom FKK Strand und heimliche XXX Filme von Ehefrauen, die ihre M\u00e4nner betr\u00fcgen. Aber nicht nur das \u2013 auch kostenlose Foto Sets! <\/br><\/p>\n<p>Auf der Homepage von HiddenVoyeurSpy wirst du nach einigen Links zu Partnern einen Blick auf die k\u00fcrzlichen Updates, die sie vorgenommen haben, werfen k\u00f6nnen. Ein Vorschaubild nach dem anderen mit geilen Titten, geilen \u00c4rschen, geilen Blicke unter R\u00f6cke und mehr werden deine Augen  herum schweifen lassen. Um ehrlich zu sein, diese Porno Seite ist h\u00f6llisch erregend. <\/br><\/p>\n<p>Bei den Amateuren wirst du von Zeit zu Zeit einige professionelle Produktionen finden, aber auch die werden wie selbstgedrehte Filme aussehen, also mach dir deswegen keine Gedanken. <\/br><\/p>\n<p>Was ich wirklich nicht mag ist die Tatsache, dass du nirgendwo eine spezifische Kategorie Seite oder ein Men\u00fc finden wirst um deine Inhalte filtern zu k\u00f6nnen. Au\u00dfer einigen Optionen in der Navigationsleiste und einigen Links in der Fu\u00dfleiste. Alles was du sonst tun kannst, ist das Seiten Men\u00fc zu benutzen um von einer Seite zur n\u00e4chsten zu kommen. <\/br><\/p>\n<p>Wenn du ein echter Fan dieses Genre bist \u2013 hier ist HiddenSpyVoyeur!<br \/>\n<\/span>\n<\/div>\n<div class=\"reviewsiteurl\">\n<a href=\"http:\/\/www.hiddenvoyeurspy.com\/\" rel=\"nofollow noopener noreferrer\" base target=\"_self\"><span style=\"font-size:32px;font-style:normal;font-weight:bold;text-decoration:underline;\">Hier klicken, um die webseite zu besuchen <\/span><\/a>\n<\/div>\n<\/div>\n","protected":false},"excerpt":{"rendered":"<p>Zur\u00fcck zur Startseite Seitenbewertung hiddenvoyeurspy hiddenvoyeurspy.com HiddenVoyeurSpy.com ist eine kostenlose Porno Webseite wo du, nat\u00fcrlich, kostenlose Voyeur Clips f\u00fcr Erwachsene und mit versteckter Kamera gefilmten Sex finden wirst. Du wirst echte Amateur Paare bekommen, die versaute Dinge treiben, freiz\u00fcgige Videos vom FKK Strand und heimliche XXX Filme von Ehefrauen, die ihre M\u00e4nner betr\u00fcgen. Aber nicht <a href='https:\/\/www.thepornlist.net\/de\/voyeur-porn-sites\/hiddenvoyeurspy\/' class='excerpt-more'>[&#8230;]<\/a><\/p>\n","protected":false},"author":1,"featured_media":0,"parent":38578,"menu_order":46710,"comment_status":"closed","ping_status":"closed","template":"0-autofill-tpl-template.php","meta":{"_acf_changed":false,"footnotes":""},"tags":[],"acf":[],"aioseo_notices":[],"_links":{"self":[{"href":"https:\/\/www.thepornlist.net\/de\/wp-json\/wp\/v2\/pages\/10151"}],"collection":[{"href":"https:\/\/www.thepornlist.net\/de\/wp-json\/wp\/v2\/pages"}],"about":[{"href":"https:\/\/www.thepornlist.net\/de\/wp-json\/wp\/v2\/types\/page"}],"author":[{"embeddable":true,"href":"https:\/\/www.thepornlist.net\/de\/wp-json\/wp\/v2\/users\/1"}],"replies":[{"embeddable":true,"href":"https:\/\/www.thepornlist.net\/de\/wp-json\/wp\/v2\/comments?post=10151"}],"version-history":[{"count":0,"href":"https:\/\/www.thepornlist.net\/de\/wp-json\/wp\/v2\/pages\/10151\/revisions"}],"up":[{"embeddable":true,"href":"https:\/\/www.thepornlist.net\/de\/wp-json\/wp\/v2\/pages\/38578"}],"wp:attachment":[{"href":"https:\/\/www.thepornlist.net\/de\/wp-json\/wp\/v2\/media?parent=10151"}],"wp:term":[{"taxonomy":"post_tag","embeddable":true,"href":"https:\/\/www.thepornlist.net\/de\/wp-json\/wp\/v2\/tags?post=10151"}],"curies":[{"name":"wp","href":"https:\/\/api.w.org\/{rel}","templated":true}]}}