{"id":10154,"date":"2015-09-12T14:40:44","date_gmt":"2015-09-12T14:40:44","guid":{"rendered":"https:\/\/www.thepornlist.net\/de\/porn-tube-sites\/xtube\/"},"modified":"2019-05-24T10:50:03","modified_gmt":"2019-05-24T10:50:03","slug":"xtube","status":"publish","type":"page","link":"https:\/\/www.thepornlist.net\/de\/porn-tube-sites\/xtube\/","title":{"rendered":"xtube.com"},"content":{"rendered":"<div class=\"pb\">\n<div class=\"hd\">\n<a href=\"https:\/\/www.thepornlist.net\/de\/\" base target=\"_self\">Zur\u00fcck zur Startseite<\/a>\n<\/div>\n<div class=\"hd2\">\n<span style=\"font-style:normal;font-weight:bold;\">Seitenbewertung<\/span>\n<\/div>\n<\/div>\n<div style=\"width:100%; margin-left:auto; margin-right:auto; clear:both;z-index:1; padding-top:5px; border-radius: 2px;\">\n<div class=\"reviewimg\">\n<p><a href=\"http:\/\/www.xtube.com\/\" rel=\"nofollow\" base target=\"_self\"><img decoding=\"async\" src=\"https:\/\/www.thepornlist.net\/wp-content\/uploads\/2015\/review\/xtube.jpg\" width=\"500\" height=\"500\" alt=\"Porn Tube\"><\/a><\/p>\n<\/div>\n<div class=\"reviewtitle\">\n<h1 style=\"font-family:Arial;font-size:56px;font-style:normal;font-weight:bold;color:#FF1F78;\">xtube<\/h1>\n<\/div>\n<div class=\"reviewsub\">\n<h2 style=\"font-size:14px;font-style:normal;font-weight:bold;\">xtube.com<\/H2>\n<\/div>\n<div class=\"reviewtext\">\n<span style=\"font-size:16px;font-style:normal;\">Xtube.com ist eine kostenlose Porno Tube Webseite wo du mit der M\u00f6glichkeit begr\u00fc\u00dft wirst H\u00e4kchen in K\u00e4stchen zu setzen und zwar ob du m\u00e4nnlich \/ weiblich bist und ob du  Mann \/ Frau suchst. <\/br><\/p>\n<p>Auf der Homepage wirst du beim Layout nichts Neues sehen \u2013 die Videos, die gerade angeschaut werden und darunter die zuletzt hinzugef\u00fcgten Clips. Sie haben eine gute Anzahl an Kategorien: Amateur, Ebony, reif, Teens, Swinger, Gruppensex, anal, asiatisch, bisexuell, BBE, interracial, wichsen, behaart, gro\u00dfe M\u00f6pse, softcore und mehr. Wenn du auf irgendeine Kategorie klickst, wirst du die zuletzt hinzugef\u00fcgten Videos f\u00fcr diese spezielle Nische sehen. Keine Sorge, es gibt eine Menge Porno Clips zum Genie\u00dfen! <\/br><\/p>\n<p>Du kannst jedes Video bewerten oder kommentieren aber um das zu tun muss du einen Account anmelden. Er ist kostenlos, wie fast alles was es hier gibt. Wenn du live Sex oder DVDs willst, dann musst du daf\u00fcr bezahlen. <\/br><\/p>\n<p>Xtube ist Teil des Pornhub Netzwerke neben anderen Tuben f\u00fcr Erwachsene wie  Redtube, YouPorn, Tube8, Thumbzilla, SpankWire und andere. Wenn man \u00fcber das Pornhub Netzwerk spricht, spricht man \u00fcber Qualit\u00e4t und das ist es, was du bei Xtube.com finden wirst wenn du sie besuchst. Du solltest es jetzt gleich ausprobieren, es wird dir gefallen!<br \/>\n<\/span>\n<\/div>\n<div class=\"reviewsiteurl\">\n<a href=\"http:\/\/www.xtube.com\/\" rel=\"nofollow\" base target=\"_self\"><span style=\"font-size:32px;font-style:normal;font-weight:bold;text-decoration:underline;\">Hier klicken, um die webseite zu besuchen <\/span><\/a>\n<\/div>\n<\/div>\n","protected":false},"excerpt":{"rendered":"<p>Zur\u00fcck zur Startseite Seitenbewertung xtube xtube.com Xtube.com ist eine kostenlose Porno Tube Webseite wo du mit der M\u00f6glichkeit begr\u00fc\u00dft wirst H\u00e4kchen in K\u00e4stchen zu setzen und zwar ob du m\u00e4nnlich \/ weiblich bist und ob du Mann \/ Frau suchst. Auf der Homepage wirst du beim Layout nichts Neues sehen \u2013 die Videos, die gerade <a href='https:\/\/www.thepornlist.net\/de\/porn-tube-sites\/xtube\/' class='excerpt-more'>[&#8230;]<\/a><\/p>\n","protected":false},"author":1,"featured_media":0,"parent":9407,"menu_order":46290,"comment_status":"closed","ping_status":"closed","template":"0-autofill-tpl-template.php","meta":{"_acf_changed":false,"footnotes":""},"tags":[],"acf":[],"aioseo_notices":[],"_links":{"self":[{"href":"https:\/\/www.thepornlist.net\/de\/wp-json\/wp\/v2\/pages\/10154"}],"collection":[{"href":"https:\/\/www.thepornlist.net\/de\/wp-json\/wp\/v2\/pages"}],"about":[{"href":"https:\/\/www.thepornlist.net\/de\/wp-json\/wp\/v2\/types\/page"}],"author":[{"embeddable":true,"href":"https:\/\/www.thepornlist.net\/de\/wp-json\/wp\/v2\/users\/1"}],"replies":[{"embeddable":true,"href":"https:\/\/www.thepornlist.net\/de\/wp-json\/wp\/v2\/comments?post=10154"}],"version-history":[{"count":0,"href":"https:\/\/www.thepornlist.net\/de\/wp-json\/wp\/v2\/pages\/10154\/revisions"}],"up":[{"embeddable":true,"href":"https:\/\/www.thepornlist.net\/de\/wp-json\/wp\/v2\/pages\/9407"}],"wp:attachment":[{"href":"https:\/\/www.thepornlist.net\/de\/wp-json\/wp\/v2\/media?parent=10154"}],"wp:term":[{"taxonomy":"post_tag","embeddable":true,"href":"https:\/\/www.thepornlist.net\/de\/wp-json\/wp\/v2\/tags?post=10154"}],"curies":[{"name":"wp","href":"https:\/\/api.w.org\/{rel}","templated":true}]}}