{"id":10158,"date":"2015-09-12T12:54:38","date_gmt":"2015-09-12T12:54:38","guid":{"rendered":"https:\/\/www.thepornlist.net\/de\/porn-tube-sites\/pornsharing\/"},"modified":"2019-05-23T13:03:52","modified_gmt":"2019-05-23T13:03:52","slug":"pornsharing","status":"publish","type":"page","link":"https:\/\/www.thepornlist.net\/de\/porn-tube-sites\/pornsharing\/","title":{"rendered":"pornsharing.com"},"content":{"rendered":"<div class=\"pb\">\n<div class=\"hd\">\n<a href=\"https:\/\/www.thepornlist.net\/de\/\" base target=\"_self\">Zur\u00fcck zur Startseite<\/a>\n<\/div>\n<div class=\"hd2\">\n<span style=\"font-style:normal;font-weight:bold;\">Seitenbewertung<\/span>\n<\/div>\n<\/div>\n<div style=\"width:100%; margin-left:auto; margin-right:auto; clear:both;z-index:1; padding-top:5px; border-radius: 2px;\">\n<div class=\"reviewimg\">\n<p><a href=\"http:\/\/www.pornsharing.com\/?utm_source=ThePornList&#038;utm_medium=tgp&#038;utm_campaign=ThePornList\" rel=\"nofollow\" base target=\"_self\"><img decoding=\"async\" src=\"https:\/\/www.thepornlist.net\/wp-content\/uploads\/2015\/review\/pornsharing.jpg\" width=\"500\" height=\"500\" alt=\"Porn Tube\"><\/a><\/p>\n<\/div>\n<div class=\"reviewtitle\">\n<h1 style=\"font-family:Arial;font-size:56px;font-style:normal;font-weight:bold;color:#FF1F78;\">pornsharing<\/h1>\n<\/div>\n<div class=\"reviewsub\">\n<h2 style=\"font-size:14px;font-style:normal;font-weight:bold;\">pornsharing.com<\/H2>\n<\/div>\n<div class=\"reviewtext\">\n<span style=\"font-size:16px;font-style:normal;\">Ich liebe Porno! Ich liebe es Pornos anzuschauen und ich liebe es in dieser Industrie zu arbeiten \u2013 es ist der beste Beruf auf der Welt! Als ich PornSharing besucht habe, habe ich ein Porno Video mit dieser besonderen Beschreibung entdeckt: \u201eJunge, geile, rauchende Latina Gulliana Alexis mit saftigen, fickbereiten Titten und rundem Arsch bl\u00e4st ihn und bekommt ihre enge Muschi auf dem Balkon mit Blick zur Stra\u00dfe gefickt\u201c. Dieses Girl ist der rein Himmel! <\/br><\/p>\n<p>Willkommen bei PornSharing.com \u2013 einer kostenlosen Porno Tube auf der du viele kostenlose Porno Videos anschauen kannst. Sie haben ein offensichtliches Logo und daher wirst du schnell begreifen was dich erwartet wenn du auf ihre Homepage gehst. Am Anfang wirst du die Vorschaubilder f\u00fcr die neuesten Videos sehen, f\u00fcr die am besten bewerteten und f\u00fcr die meist gesehenen. Es scheint, als ob sie eine Menge HD Videos haben, wenn nicht sogar alle. Im Moment haben sie fast 60.000 Videos \u2013 genug um einige Mu\u00dfestunden hier zu verbringen. <\/br><\/p>\n<p>Alle ihre Kategorien stehen in der Titelleiste \u2013 Amateur, anal, Cumshot Pornos, Hardcore Pornos, Latina Sex, Milfs, Pornostars, Teen Pornos, und viele andere. Wenn du beliebte Suchen sehen willst, klicke einfach auf \u201emehr Kategorien\u201c und du wirst die M\u00f6glichkeit haben genau das zu sehen.<br \/>\n<\/span>\n<\/div>\n<div class=\"reviewsiteurl\">\n<a href=\"http:\/\/www.pornsharing.com\/?utm_source=ThePornList&#038;utm_medium=tgp&#038;utm_campaign=ThePornList\" rel=\"nofollow\" base target=\"_self\"><span style=\"font-size:32px;font-style:normal;font-weight:bold;text-decoration:underline;\">Hier klicken, um die webseite zu besuchen <\/span><\/a>\n<\/div>\n<\/div>\n","protected":false},"excerpt":{"rendered":"<p>Zur\u00fcck zur Startseite Seitenbewertung pornsharing pornsharing.com Ich liebe Porno! Ich liebe es Pornos anzuschauen und ich liebe es in dieser Industrie zu arbeiten \u2013 es ist der beste Beruf auf der Welt! Als ich PornSharing besucht habe, habe ich ein Porno Video mit dieser besonderen Beschreibung entdeckt: \u201eJunge, geile, rauchende Latina Gulliana Alexis mit saftigen, <a href='https:\/\/www.thepornlist.net\/de\/porn-tube-sites\/pornsharing\/' class='excerpt-more'>[&#8230;]<\/a><\/p>\n","protected":false},"author":1,"featured_media":0,"parent":9407,"menu_order":43590,"comment_status":"closed","ping_status":"closed","template":"0-autofill-tpl-template.php","meta":{"_acf_changed":false,"footnotes":""},"tags":[],"acf":[],"aioseo_notices":[],"_links":{"self":[{"href":"https:\/\/www.thepornlist.net\/de\/wp-json\/wp\/v2\/pages\/10158"}],"collection":[{"href":"https:\/\/www.thepornlist.net\/de\/wp-json\/wp\/v2\/pages"}],"about":[{"href":"https:\/\/www.thepornlist.net\/de\/wp-json\/wp\/v2\/types\/page"}],"author":[{"embeddable":true,"href":"https:\/\/www.thepornlist.net\/de\/wp-json\/wp\/v2\/users\/1"}],"replies":[{"embeddable":true,"href":"https:\/\/www.thepornlist.net\/de\/wp-json\/wp\/v2\/comments?post=10158"}],"version-history":[{"count":0,"href":"https:\/\/www.thepornlist.net\/de\/wp-json\/wp\/v2\/pages\/10158\/revisions"}],"up":[{"embeddable":true,"href":"https:\/\/www.thepornlist.net\/de\/wp-json\/wp\/v2\/pages\/9407"}],"wp:attachment":[{"href":"https:\/\/www.thepornlist.net\/de\/wp-json\/wp\/v2\/media?parent=10158"}],"wp:term":[{"taxonomy":"post_tag","embeddable":true,"href":"https:\/\/www.thepornlist.net\/de\/wp-json\/wp\/v2\/tags?post=10158"}],"curies":[{"name":"wp","href":"https:\/\/api.w.org\/{rel}","templated":true}]}}