{"id":10163,"date":"2015-09-12T12:49:46","date_gmt":"2015-09-12T12:49:46","guid":{"rendered":"https:\/\/www.thepornlist.net\/de\/porn-tube-sites\/pornhost\/"},"modified":"2019-05-24T10:51:15","modified_gmt":"2019-05-24T10:51:15","slug":"pornhost","status":"publish","type":"page","link":"https:\/\/www.thepornlist.net\/de\/porn-tube-sites\/pornhost\/","title":{"rendered":"pornhost.com"},"content":{"rendered":"<div class=\"pb\">\n<div class=\"hd\">\n<a href=\"https:\/\/www.thepornlist.net\/de\/\" base target=\"_self\">Zur\u00fcck zur Startseite<\/a>\n<\/div>\n<div class=\"hd2\">\n<span style=\"font-style:normal;font-weight:bold;\">Seitenbewertung<\/span>\n<\/div>\n<\/div>\n<div style=\"width:100%; margin-left:auto; margin-right:auto; clear:both;z-index:1; padding-top:5px; border-radius: 2px;\">\n<div class=\"reviewimg\">\n<p><a href=\"http:\/\/www.pornhost.com\/\" rel=\"nofollow\" base target=\"_self\"><img decoding=\"async\" src=\"https:\/\/www.thepornlist.net\/wp-content\/uploads\/2015\/review\/pornhost.jpg\" width=\"500\" height=\"500\" alt=\"Porn Tube\"><\/a><\/p>\n<\/div>\n<div class=\"reviewtitle\">\n<h1 style=\"font-family:Arial;font-size:56px;font-style:normal;font-weight:bold;color:#FF1F78;\">pornhost<\/h1>\n<\/div>\n<div class=\"reviewsub\">\n<h2 style=\"font-size:14px;font-style:normal;font-weight:bold;\">pornhost.com<\/H2>\n<\/div>\n<div class=\"reviewtext\">\n<span style=\"font-size:16px;font-style:normal;\">Willkommen bei PornHost.com \u2013 ein kostenloses Daten Hosting mit einer Wendung. Was ist diese Wendung? Wie du dir sicher schon vorstellen kannst, kannst du Geld damit verdienen, deine Porno Videos hochzuladen. Eine andere interessante Sache, die man auf dieser Hosting Plattform f\u00fcr Erwachsene finden kann, ist die Tatsache, dass du Porno Videos anschauen kannst, die weltweit von anderen Leuten hochgeladen wurden. Und das auf einem annehmbaren Videoplayer, der wirklich funktioniert. <\/br><\/p>\n<p>Sie haben sogar eine Kategorien Seite mit Optionen wie Amateur, anal, arabisch, asiatisch, gro\u00dfer Arsch, gro\u00dfe Titten, Creampie, Cumshots, Femdom, Gruppen Orgien, behaart, Handjob, interracial, Lesben, Dessous, reif, Milf, Pov, \u00f6ffentlich und noch viel mehr. <\/br><\/p>\n<p>Wenn du wissen willst, was heute los ist, diese Woche oder immer, dann kannst du auch zur TOP 40 Seite gehen. <\/br><\/p>\n<p>Porno Videos sind nicht das einzige, was man auf diesen Seiten finden kann. Mit ein paar Klicks kannst du dir auch Foto Sets f\u00fcr Erwachsene ansehen. Von Ludern in Dessous bis zu Asiatinnen und von \u00e4lteren Sch\u00f6nheiten zu Blowjobs und Amateuren. Du kannst gerne in diesem Bereich herumst\u00f6bern denn alles ist kostenlos. <\/br><\/p>\n<p>Ich habe nicht genau verstanden wie man Geld mit dem Hochladen von Porno Videos verdient, aber ich bin ziemlich sicher, dass es wie bei jeder anderen Seite funktioniert, die diese Art des Hostings verwendet.<br \/>\n<\/span>\n<\/div>\n<div class=\"reviewsiteurl\">\n<a href=\"http:\/\/www.pornhost.com\/\" rel=\"nofollow\" base target=\"_self\"><span style=\"font-size:32px;font-style:normal;font-weight:bold;text-decoration:underline;\">Hier klicken, um die webseite zu besuchen <\/span><\/a>\n<\/div>\n<\/div>\n","protected":false},"excerpt":{"rendered":"<p>Zur\u00fcck zur Startseite Seitenbewertung pornhost pornhost.com Willkommen bei PornHost.com \u2013 ein kostenloses Daten Hosting mit einer Wendung. Was ist diese Wendung? Wie du dir sicher schon vorstellen kannst, kannst du Geld damit verdienen, deine Porno Videos hochzuladen. Eine andere interessante Sache, die man auf dieser Hosting Plattform f\u00fcr Erwachsene finden kann, ist die Tatsache, dass <a href='https:\/\/www.thepornlist.net\/de\/porn-tube-sites\/pornhost\/' class='excerpt-more'>[&#8230;]<\/a><\/p>\n","protected":false},"author":1,"featured_media":0,"parent":9407,"menu_order":46370,"comment_status":"closed","ping_status":"closed","template":"0-autofill-tpl-template.php","meta":{"_acf_changed":false,"footnotes":""},"tags":[],"acf":[],"aioseo_notices":[],"_links":{"self":[{"href":"https:\/\/www.thepornlist.net\/de\/wp-json\/wp\/v2\/pages\/10163"}],"collection":[{"href":"https:\/\/www.thepornlist.net\/de\/wp-json\/wp\/v2\/pages"}],"about":[{"href":"https:\/\/www.thepornlist.net\/de\/wp-json\/wp\/v2\/types\/page"}],"author":[{"embeddable":true,"href":"https:\/\/www.thepornlist.net\/de\/wp-json\/wp\/v2\/users\/1"}],"replies":[{"embeddable":true,"href":"https:\/\/www.thepornlist.net\/de\/wp-json\/wp\/v2\/comments?post=10163"}],"version-history":[{"count":0,"href":"https:\/\/www.thepornlist.net\/de\/wp-json\/wp\/v2\/pages\/10163\/revisions"}],"up":[{"embeddable":true,"href":"https:\/\/www.thepornlist.net\/de\/wp-json\/wp\/v2\/pages\/9407"}],"wp:attachment":[{"href":"https:\/\/www.thepornlist.net\/de\/wp-json\/wp\/v2\/media?parent=10163"}],"wp:term":[{"taxonomy":"post_tag","embeddable":true,"href":"https:\/\/www.thepornlist.net\/de\/wp-json\/wp\/v2\/tags?post=10163"}],"curies":[{"name":"wp","href":"https:\/\/api.w.org\/{rel}","templated":true}]}}