{"id":10168,"date":"2015-09-12T12:45:13","date_gmt":"2015-09-12T12:45:13","guid":{"rendered":"https:\/\/www.thepornlist.net\/de\/porn-tube-sites\/beeg\/"},"modified":"2020-11-07T11:21:51","modified_gmt":"2020-11-07T11:21:51","slug":"beeg","status":"publish","type":"page","link":"https:\/\/www.thepornlist.net\/de\/porn-tube-sites\/beeg\/","title":{"rendered":"beeg.com"},"content":{"rendered":"<div class=\"pb\">\n<div class=\"hd\">\n<a href=\"https:\/\/www.thepornlist.net\/de\/\" base target=\"_self\" rel=\"noopener noreferrer\">Zur\u00fcck zur Startseite<\/a>\n<\/div>\n<div class=\"hd2\">\n<span style=\"font-style:normal;font-weight:bold;\">Seitenbewertung<\/span>\n<\/div>\n<\/div>\n<div style=\"width:100%; margin-left:auto; margin-right:auto; clear:both;z-index:1; padding-top:5px; border-radius: 2px;\">\n<div class=\"reviewimg\">\n<p><a href=\"http:\/\/www.beeg.com\/\" rel=\"nofollow noopener noreferrer\" base target=\"_self\"><img decoding=\"async\" src=\"https:\/\/www.thepornlist.net\/wp-content\/uploads\/2015\/review\/beeg.jpg\" width=\"500\" height=\"500\" alt=\"Porn Tube\"><\/a><\/p>\n<\/div>\n<div class=\"reviewtitle\">\n<h1 style=\"font-family:Arial;font-size:56px;font-style:normal;font-weight:bold;color:#FF1F78;\">beeg<\/h1>\n<\/div>\n<div class=\"reviewsub\">\n<h2 style=\"font-size:14px;font-style:normal;font-weight:bold;\">beeg.com<\/H2>\n<\/div>\n<div class=\"reviewtext\">\n<span style=\"font-size:16px;font-style:normal;\">Wenn du Beeg.com besuchst wirst du folgende Zeile sehen: \u201e Qualit\u00e4ts Porno Videos\u201c. Vertrau mir, das ist wahr. Beeg liefert Inhalte von gro\u00dfartiger Qualit\u00e4t und diese Porno Tube ist eine der besten kostenlosen Plattformen f\u00fcr Erwachsene da drau\u00dfen. <\/br><\/p>\n<p>Sie haben ein schlichtes Design und auf der Homepage bekommst du die neuesten Updates. Wundersch\u00f6ne Vorschaubilder werdend eine Augen in andere Dimensionen f\u00fchren . Du scrollst und scrollst um eine tolle Anzahl an Porno Clips zu sehen. Triff deine Wahl und klicke: du wirst zu einem riesigen Videoplayer gef\u00fchrt und das Video wird standardm\u00e4\u00dfig anfangen. Ja, Qualit\u00e4t und ja, Filme aus ber\u00fchmten Porno Studios. <\/br><\/p>\n<p>Die Navigationsleiste ist einfach und du wirst 3 Dinge bekommen: Schlagworte, die M\u00f6glichkeit lange Videos anzuschauen und den Kasten mit der Suchfunktion. Wenn du deine Inhalte filtern willst dann benutze die Schaltfl\u00e4che f\u00fcr die Schlagworte oder die f\u00fcr beliebte Kategorien wie Amateur, anal, Arsch, gro\u00dfe Titten, Casting, College, Cumshot, europ\u00e4isch, Facial, geil, Latina, Naturtitten, Party, Realit\u00e4t, rothaarig, d\u00fcnn, Teen und mehr. Wenn deine schmutzige Fantasie noch mehr will, kannst du immer noch die Liste mit den Schlagworten verwenden \u2013 es sind Hunderte! <\/br><\/p>\n<p>Wenn du eine Porno Tube suchst, die du bei deinen Lesezeichen speichern willst, besuche Beeg! Du wirst sofort CTRL+D dr\u00fccken.<br \/>\n<\/span>\n<\/div>\n<div class=\"reviewsiteurl\">\n<a href=\"http:\/\/www.beeg.com\/\" rel=\"nofollow noopener noreferrer\" base target=\"_self\"><span style=\"font-size:32px;font-style:normal;font-weight:bold;text-decoration:underline;\">Hier klicken, um die webseite zu besuchen <\/span><\/a>\n<\/div>\n<\/div>\n","protected":false},"excerpt":{"rendered":"<p>Zur\u00fcck zur Startseite Seitenbewertung beeg beeg.com Wenn du Beeg.com besuchst wirst du folgende Zeile sehen: \u201e Qualit\u00e4ts Porno Videos\u201c. Vertrau mir, das ist wahr. Beeg liefert Inhalte von gro\u00dfartiger Qualit\u00e4t und diese Porno Tube ist eine der besten kostenlosen Plattformen f\u00fcr Erwachsene da drau\u00dfen. Sie haben ein schlichtes Design und auf der Homepage bekommst du <a href='https:\/\/www.thepornlist.net\/de\/porn-tube-sites\/beeg\/' class='excerpt-more'>[&#8230;]<\/a><\/p>\n","protected":false},"author":1,"featured_media":0,"parent":9407,"menu_order":46270,"comment_status":"closed","ping_status":"closed","template":"0-autofill-tpl-template.php","meta":{"_acf_changed":false,"footnotes":""},"tags":[],"acf":[],"aioseo_notices":[],"_links":{"self":[{"href":"https:\/\/www.thepornlist.net\/de\/wp-json\/wp\/v2\/pages\/10168"}],"collection":[{"href":"https:\/\/www.thepornlist.net\/de\/wp-json\/wp\/v2\/pages"}],"about":[{"href":"https:\/\/www.thepornlist.net\/de\/wp-json\/wp\/v2\/types\/page"}],"author":[{"embeddable":true,"href":"https:\/\/www.thepornlist.net\/de\/wp-json\/wp\/v2\/users\/1"}],"replies":[{"embeddable":true,"href":"https:\/\/www.thepornlist.net\/de\/wp-json\/wp\/v2\/comments?post=10168"}],"version-history":[{"count":0,"href":"https:\/\/www.thepornlist.net\/de\/wp-json\/wp\/v2\/pages\/10168\/revisions"}],"up":[{"embeddable":true,"href":"https:\/\/www.thepornlist.net\/de\/wp-json\/wp\/v2\/pages\/9407"}],"wp:attachment":[{"href":"https:\/\/www.thepornlist.net\/de\/wp-json\/wp\/v2\/media?parent=10168"}],"wp:term":[{"taxonomy":"post_tag","embeddable":true,"href":"https:\/\/www.thepornlist.net\/de\/wp-json\/wp\/v2\/tags?post=10168"}],"curies":[{"name":"wp","href":"https:\/\/api.w.org\/{rel}","templated":true}]}}