{"id":10171,"date":"2015-09-12T12:43:24","date_gmt":"2015-09-12T12:43:24","guid":{"rendered":"https:\/\/www.thepornlist.net\/de\/porn-tube-sites\/free18\/"},"modified":"2019-05-24T10:07:30","modified_gmt":"2019-05-24T10:07:30","slug":"free18","status":"publish","type":"page","link":"https:\/\/www.thepornlist.net\/de\/porn-tube-sites\/free18\/","title":{"rendered":"free18.net"},"content":{"rendered":"<div class=\"pb\">\n<div class=\"hd\">\n<a href=\"https:\/\/www.thepornlist.net\/de\/\" base target=\"_self\">Zur\u00fcck zur Startseite<\/a>\n<\/div>\n<div class=\"hd2\">\n<span style=\"font-style:normal;font-weight:bold;\">Seitenbewertung<\/span>\n<\/div>\n<\/div>\n<div style=\"width:100%; margin-left:auto; margin-right:auto; clear:both;z-index:1; padding-top:5px; border-radius: 2px;\">\n<div class=\"reviewimg\">\n<p><a href=\"http:\/\/www.free18.net\/\" rel=\"nofollow\" base target=\"_self\"><img decoding=\"async\" src=\"https:\/\/www.thepornlist.net\/wp-content\/uploads\/2015\/review\/free18.jpg\" width=\"500\" height=\"500\" alt=\"Porn Tube\"><\/a><\/p>\n<\/div>\n<div class=\"reviewtitle\">\n<h1 style=\"font-family:Arial;font-size:56px;font-style:normal;font-weight:bold;color:#FF1F78;\">free18<\/h1>\n<\/div>\n<div class=\"reviewsub\">\n<h2 style=\"font-size:14px;font-style:normal;font-weight:bold;\">free18.net<\/H2>\n<\/div>\n<div class=\"reviewtext\">\n<span style=\"font-size:16px;font-style:normal;\">Free18.com ist eine kostenlose Porno Tuben Webseite, die auf simple Weise gemacht wurde. Auf der Homepage wirst die die Videos bekommen, die gerade angeschaut werden und darunter wirst du eine Liste mit neuen kostenlosen Porno Videos sehen. Die \u00fcblichen Vorschaubilder werden dich dann zum Videoplayer f\u00fchren und du wirst eine Vorschau zum Inhalt bekommen wenn du deine Maus \u00fcber irgendeinen Screenshot bewegst. <\/br><\/p>\n<p>Zum Zeitpunkt dieser Bewertung sieht es so aus, als ob Free18 keine neuen Updates mehr bekommt \u2013 die letzte Erg\u00e4nzung fand vor 29 Tagen statt. Sie haben eine Menge Klicks pro Video und das l\u00e4sst mich glauben, dass sie keinen Bl\u00f6dsinn machen wenn es um die Besuche von Porno Fans geht. <\/br><\/p>\n<p>In der Navigationsleiste hast du einen Schalter f\u00fcr die Kategorien \u2013 Amateur, anal, asiatisch, Arsch, blonde, Blowjob, br\u00fcnett, Hentai, lesbisch, und viele andere. Du kannst die Anzahl der Videos sehen, die in jeder Kategorie hinzugef\u00fcgt wurden und das ist eine Spanne von ein paar hundert bis zu tausenden pro Nische. F\u00fcr einen Versuchslauf habe ich auf Pov Porno Videos geklickt und danach auf den ersten Clip, der mir aufgef\u00fchrt wurde. Ein paar Werbungen werden dich st\u00f6ren aber wenn du es schaffst sie zur Seite zu schieben, dann wirst du einen hei\u00dfen Ritt genie\u00dfen.<br \/>\n<\/span>\n<\/div>\n<div class=\"reviewsiteurl\">\n<a href=\"http:\/\/www.free18.net\/\" rel=\"nofollow\" base target=\"_self\"><span style=\"font-size:32px;font-style:normal;font-weight:bold;text-decoration:underline;\">Hier klicken, um die webseite zu besuchen <\/span><\/a>\n<\/div>\n<\/div>\n","protected":false},"excerpt":{"rendered":"<p>Zur\u00fcck zur Startseite Seitenbewertung free18 free18.net Free18.com ist eine kostenlose Porno Tuben Webseite, die auf simple Weise gemacht wurde. Auf der Homepage wirst die die Videos bekommen, die gerade angeschaut werden und darunter wirst du eine Liste mit neuen kostenlosen Porno Videos sehen. Die \u00fcblichen Vorschaubilder werden dich dann zum Videoplayer f\u00fchren und du wirst <a href='https:\/\/www.thepornlist.net\/de\/porn-tube-sites\/free18\/' class='excerpt-more'>[&#8230;]<\/a><\/p>\n","protected":false},"author":1,"featured_media":0,"parent":9407,"menu_order":46150,"comment_status":"closed","ping_status":"closed","template":"0-autofill-tpl-template.php","meta":{"_acf_changed":false,"footnotes":""},"tags":[],"acf":[],"aioseo_notices":[],"_links":{"self":[{"href":"https:\/\/www.thepornlist.net\/de\/wp-json\/wp\/v2\/pages\/10171"}],"collection":[{"href":"https:\/\/www.thepornlist.net\/de\/wp-json\/wp\/v2\/pages"}],"about":[{"href":"https:\/\/www.thepornlist.net\/de\/wp-json\/wp\/v2\/types\/page"}],"author":[{"embeddable":true,"href":"https:\/\/www.thepornlist.net\/de\/wp-json\/wp\/v2\/users\/1"}],"replies":[{"embeddable":true,"href":"https:\/\/www.thepornlist.net\/de\/wp-json\/wp\/v2\/comments?post=10171"}],"version-history":[{"count":0,"href":"https:\/\/www.thepornlist.net\/de\/wp-json\/wp\/v2\/pages\/10171\/revisions"}],"up":[{"embeddable":true,"href":"https:\/\/www.thepornlist.net\/de\/wp-json\/wp\/v2\/pages\/9407"}],"wp:attachment":[{"href":"https:\/\/www.thepornlist.net\/de\/wp-json\/wp\/v2\/media?parent=10171"}],"wp:term":[{"taxonomy":"post_tag","embeddable":true,"href":"https:\/\/www.thepornlist.net\/de\/wp-json\/wp\/v2\/tags?post=10171"}],"curies":[{"name":"wp","href":"https:\/\/api.w.org\/{rel}","templated":true}]}}