{"id":10173,"date":"2015-09-12T12:42:13","date_gmt":"2015-09-12T12:42:13","guid":{"rendered":"https:\/\/www.thepornlist.net\/de\/porn-tube-sites\/fux\/"},"modified":"2019-05-24T10:03:01","modified_gmt":"2019-05-24T10:03:01","slug":"fux","status":"publish","type":"page","link":"https:\/\/www.thepornlist.net\/de\/porn-tube-sites\/fux\/","title":{"rendered":"fux.com"},"content":{"rendered":"<div class=\"pb\">\n<div class=\"hd\">\n<a href=\"https:\/\/www.thepornlist.net\/de\/\" base target=\"_self\">Zur\u00fcck zur Startseite<\/a>\n<\/div>\n<div class=\"hd2\">\n<span style=\"font-style:normal;font-weight:bold;\">Seitenbewertung<\/span>\n<\/div>\n<\/div>\n<div style=\"width:100%; margin-left:auto; margin-right:auto; clear:both;z-index:1; padding-top:5px; border-radius: 2px;\">\n<div class=\"reviewimg\">\n<p><a href=\"http:\/\/www.fux.com\/\" rel=\"nofollow\" base target=\"_self\"><img decoding=\"async\" src=\"https:\/\/www.thepornlist.net\/wp-content\/uploads\/2015\/review\/fux.jpg\" width=\"500\" height=\"500\" alt=\"Porn Tube\"><\/a><\/p>\n<\/div>\n<div class=\"reviewtitle\">\n<h1 style=\"font-family:Arial;font-size:56px;font-style:normal;font-weight:bold;color:#FF1F78;\">fux<\/h1>\n<\/div>\n<div class=\"reviewsub\">\n<h2 style=\"font-size:14px;font-style:normal;font-weight:bold;\">fux.com<\/H2>\n<\/div>\n<div class=\"reviewtext\">\n<span style=\"font-size:16px;font-style:normal;\">Fux.com \u2013 lass den Teufel in dir frei! Willkommen bei Fux, einer Porno Tuben Webseite mit einem Namen, den man sich leicht merken kann und mit einem guten Design. <\/br><\/p>\n<p>Der Reiter auf der Homepage zeigt dir gleich die meist gesehenen Videos des Tages und darunter hast du Zugang zu den neuesten Sex Clips. Wenn du dir die rechte obere Ecke genauer ansiehst, wirst du bemerken, dass du deine Suchergebnisse ver\u00e4ndern kannst je nachdem ob du nach heterosexuell, schwul oder Shemale suchst. Die Seite mit den Kategorien hat eine Menge Optionen f\u00fcr dich \u2013 Amateur, anal, asiatisch, Babe, Squirting und mehr. Klick auf irgendeines und du wirst die Videos bekommen, die auf Fux f\u00fcr diese spezielle Nische zur Verf\u00fcgung stehen. <\/br><\/p>\n<p>Du hast \u00fcberall \u00e4hnliche Schlagworte, \u00e4hnliche Pornostars. Du kannst die L\u00e4nge jedes Films herausfinden bevor du ihn dir ansiehst, die Anzahl der Klicks und die Zeit\/Datum der Ver\u00f6ffentlichung. Du wirst diene Inhalte f\u00fcr Erwachsene auch nach Qualit\u00e4t, Dauer oder Datum des Hochladens sortieren k\u00f6nnen. <\/br><\/p>\n<p>Wenn du einen Ort suchst an dem du kostenlose Porno Videos, die dir auf einem guten Layout geboten werden das effizient arbeitet, dann lass deine Klicks bei Fux \u2013 es ist eine Porno Tube, die wei\u00df was zu tun ist wenn es um online Pornos geht.<br \/>\n<\/span>\n<\/div>\n<div class=\"reviewsiteurl\">\n<a href=\"http:\/\/www.fux.com\/\" rel=\"nofollow\" base target=\"_self\"><span style=\"font-size:32px;font-style:normal;font-weight:bold;text-decoration:underline;\">Hier klicken, um die webseite zu besuchen <\/span><\/a>\n<\/div>\n<\/div>\n","protected":false},"excerpt":{"rendered":"<p>Zur\u00fcck zur Startseite Seitenbewertung fux fux.com Fux.com \u2013 lass den Teufel in dir frei! Willkommen bei Fux, einer Porno Tuben Webseite mit einem Namen, den man sich leicht merken kann und mit einem guten Design. Der Reiter auf der Homepage zeigt dir gleich die meist gesehenen Videos des Tages und darunter hast du Zugang zu <a href='https:\/\/www.thepornlist.net\/de\/porn-tube-sites\/fux\/' class='excerpt-more'>[&#8230;]<\/a><\/p>\n","protected":false},"author":1,"featured_media":0,"parent":9407,"menu_order":46130,"comment_status":"closed","ping_status":"closed","template":"0-autofill-tpl-template.php","meta":{"_acf_changed":false,"footnotes":""},"tags":[],"acf":[],"aioseo_notices":[],"_links":{"self":[{"href":"https:\/\/www.thepornlist.net\/de\/wp-json\/wp\/v2\/pages\/10173"}],"collection":[{"href":"https:\/\/www.thepornlist.net\/de\/wp-json\/wp\/v2\/pages"}],"about":[{"href":"https:\/\/www.thepornlist.net\/de\/wp-json\/wp\/v2\/types\/page"}],"author":[{"embeddable":true,"href":"https:\/\/www.thepornlist.net\/de\/wp-json\/wp\/v2\/users\/1"}],"replies":[{"embeddable":true,"href":"https:\/\/www.thepornlist.net\/de\/wp-json\/wp\/v2\/comments?post=10173"}],"version-history":[{"count":0,"href":"https:\/\/www.thepornlist.net\/de\/wp-json\/wp\/v2\/pages\/10173\/revisions"}],"up":[{"embeddable":true,"href":"https:\/\/www.thepornlist.net\/de\/wp-json\/wp\/v2\/pages\/9407"}],"wp:attachment":[{"href":"https:\/\/www.thepornlist.net\/de\/wp-json\/wp\/v2\/media?parent=10173"}],"wp:term":[{"taxonomy":"post_tag","embeddable":true,"href":"https:\/\/www.thepornlist.net\/de\/wp-json\/wp\/v2\/tags?post=10173"}],"curies":[{"name":"wp","href":"https:\/\/api.w.org\/{rel}","templated":true}]}}