{"id":10174,"date":"2015-09-12T12:41:37","date_gmt":"2015-09-12T12:41:37","guid":{"rendered":"https:\/\/www.thepornlist.net\/de\/porn-tube-sites\/porntube\/"},"modified":"2019-05-23T12:51:27","modified_gmt":"2019-05-23T12:51:27","slug":"porntube","status":"publish","type":"page","link":"https:\/\/www.thepornlist.net\/de\/porn-tube-sites\/porntube\/","title":{"rendered":"porntube.com"},"content":{"rendered":"<div class=\"pb\">\n<div class=\"hd\">\n<a href=\"https:\/\/www.thepornlist.net\/de\/\" base target=\"_self\">Zur\u00fcck zur Startseite<\/a>\n<\/div>\n<div class=\"hd2\">\n<span style=\"font-style:normal;font-weight:bold;\">Seitenbewertung<\/span>\n<\/div>\n<\/div>\n<div style=\"width:100%; margin-left:auto; margin-right:auto; clear:both;z-index:1; padding-top:5px; border-radius: 2px;\">\n<div class=\"reviewimg\">\n<p><a href=\"http:\/\/www.porntube.com\/\" rel=\"nofollow\" base target=\"_self\"><img decoding=\"async\" src=\"https:\/\/www.thepornlist.net\/wp-content\/uploads\/2015\/review\/porntube.jpg\" width=\"500\" height=\"500\" alt=\"Porn Tube\"><\/a><\/p>\n<\/div>\n<div class=\"reviewtitle\">\n<h1 style=\"font-family:Arial;font-size:56px;font-style:normal;font-weight:bold;color:#FF1F78;\">porntube<\/h1>\n<\/div>\n<div class=\"reviewsub\">\n<h2 style=\"font-size:14px;font-style:normal;font-weight:bold;\">porntube.com<\/H2>\n<\/div>\n<div class=\"reviewtext\">\n<span style=\"font-size:16px;font-style:normal;\">PornTube.com ist eine Plattform f\u00fcr Erwachsene auf der du kostenlose Porno Videos aus verschiedenen Nischen finden wirst. Du kannst die Inhalte, die du sehen willst, in der rechten oberen Ecke filtern \u2013 heterosexuell, schwul, Shemale. <\/br><\/p>\n<p>Auf der Homepage wirst du einen Reiter mit den meist gesehenen Videos des Tages sehen. Darunter wirst du die neuesten Porno Clips finden. Alles ist normal f\u00fcr eine Porno Tube. Klicke auf die Kategorien und du bekommst Zugang zu Nischen wie Amateur, anal, asiatisch, \u00f6ffentlich, Solo, Spielzeug und andere. Eine gute Sache ist die Tatsache, dass du f\u00fcr jede Kategorie erf\u00e4hrst wie viele Videos sich dahinter verstecken.<\/br><br \/>\nAuf der Navigationsleiste hast du auch die Seite mit den Kan\u00e4len, mit Videos von Studios wie Brazzers Network, Twistys, Evil Angel, Devils Film, Wicked Pictures, 21Sextury, All Japanese Pass und anderen. Du hast dort auch ein Pornostar Verzeichnis, so dass es f\u00fcr dich leichter wird dein bevorzugtes Girl zu sehen. Ich fahre total auf  Madison Ivy, Alexis Texas, August Ames, Asa Akira, Lisa Ann oder Bonnie Rotten ab und all diese Models kannst du hier finden. Du wirst auch zu jedem Pornostar alle Tweets ihres Twitter Accounts und die Anzahl ihrer Follower sehen.<br \/>\n<\/span>\n<\/div>\n<div class=\"reviewsiteurl\">\n<a href=\"http:\/\/www.porntube.com\/\" rel=\"nofollow\" base target=\"_self\"><span style=\"font-size:32px;font-style:normal;font-weight:bold;text-decoration:underline;\">Hier klicken, um die webseite zu besuchen <\/span><\/a>\n<\/div>\n<\/div>\n","protected":false},"excerpt":{"rendered":"<p>Zur\u00fcck zur Startseite Seitenbewertung porntube porntube.com PornTube.com ist eine Plattform f\u00fcr Erwachsene auf der du kostenlose Porno Videos aus verschiedenen Nischen finden wirst. Du kannst die Inhalte, die du sehen willst, in der rechten oberen Ecke filtern \u2013 heterosexuell, schwul, Shemale. Auf der Homepage wirst du einen Reiter mit den meist gesehenen Videos des Tages <a href='https:\/\/www.thepornlist.net\/de\/porn-tube-sites\/porntube\/' class='excerpt-more'>[&#8230;]<\/a><\/p>\n","protected":false},"author":1,"featured_media":0,"parent":9407,"menu_order":39350,"comment_status":"closed","ping_status":"closed","template":"0-autofill-tpl-template.php","meta":{"_acf_changed":false,"footnotes":""},"tags":[],"acf":[],"aioseo_notices":[],"_links":{"self":[{"href":"https:\/\/www.thepornlist.net\/de\/wp-json\/wp\/v2\/pages\/10174"}],"collection":[{"href":"https:\/\/www.thepornlist.net\/de\/wp-json\/wp\/v2\/pages"}],"about":[{"href":"https:\/\/www.thepornlist.net\/de\/wp-json\/wp\/v2\/types\/page"}],"author":[{"embeddable":true,"href":"https:\/\/www.thepornlist.net\/de\/wp-json\/wp\/v2\/users\/1"}],"replies":[{"embeddable":true,"href":"https:\/\/www.thepornlist.net\/de\/wp-json\/wp\/v2\/comments?post=10174"}],"version-history":[{"count":0,"href":"https:\/\/www.thepornlist.net\/de\/wp-json\/wp\/v2\/pages\/10174\/revisions"}],"up":[{"embeddable":true,"href":"https:\/\/www.thepornlist.net\/de\/wp-json\/wp\/v2\/pages\/9407"}],"wp:attachment":[{"href":"https:\/\/www.thepornlist.net\/de\/wp-json\/wp\/v2\/media?parent=10174"}],"wp:term":[{"taxonomy":"post_tag","embeddable":true,"href":"https:\/\/www.thepornlist.net\/de\/wp-json\/wp\/v2\/tags?post=10174"}],"curies":[{"name":"wp","href":"https:\/\/api.w.org\/{rel}","templated":true}]}}